{"id":19,"date":"2017-08-22T16:36:23","date_gmt":"2017-08-22T20:36:23","guid":{"rendered":"http:\/\/blog.uvm.edu\/vlbrenna-spiritedthings\/?page_id=19"},"modified":"2017-08-22T16:36:23","modified_gmt":"2017-08-22T20:36:23","slug":"fleming-museum-programs","status":"publish","type":"page","link":"https:\/\/blog.uvm.edu\/vlbrenna-spiritedthings\/fleming-museum-programs\/","title":{"rendered":"Fleming Museum Programs"},"content":{"rendered":"<h2 style=\"text-align: center\"><a href=\"http:\/\/www.uvm.edu\/~fleming\/index.php?category=events&amp;page=programs\"><em>Events &amp; Programs at the Fleming Museum<\/em><\/a><\/h2>\n<p style=\"text-align: center\">**PLEASE NOTE: All Museum Programs\u00a0will take place at the Fleming Museum**<br \/>\n**Seating is limited for these events. First Come, First Served. Please plan ahead**<\/p>\n<p>September 26: Exhibition Opens (runs until 12\/16)<\/p>\n<hr \/>\n<p>September 28: 5:30-7:30pm @ Fleming Museum<\/p>\n<p><strong>OPENING RECEPTION<\/strong><\/p>\n<hr \/>\n<p>September 30, 10am-5pm @ Fleming Museum<\/p>\n<p><strong>WORKSHOP:\u00a0<em>Indigo Dye Workshop<\/em><\/strong><\/p>\n<p>with Yemisi Ajayi, a textile\/fiber artist working within the realm of traditional Yoruba cloth, motifs, and dyeing<br \/>\n<b>Fee:<\/b> $90 \/ $75 Museum Members. <i>All materials are provided<\/i><br \/>\nPlease email <a href=\"mailto:fleming@uvm.edu\">fleming@uvm.edu<\/a> to register.<\/p>\n<hr \/>\n<p>October 11, 6:00 PM @ Fleming Museum<\/p>\n<p><strong>TALK:\u00a0<em>Heat and Happiness in the Making of a Haitian Vodou God<\/em><\/strong><\/p>\n<p>with Marie Maude Evans, Chief Priestess (Manbo Asogwe) of the Sosyete Nago Temple Of Jacmel, Haiti, and Mattapan, Massachusetts<\/p>\n<hr \/>\n<p>October 12\u00a0&#8211; 5:00 &#8211; 7:00 PM @ Fleming Museum<\/p>\n<p><strong>SPECIAL EVENT:\u00a0<em>Ritual Celebration<\/em><\/strong><\/p>\n<p>with Marie Maude Evans, Chief Priestess (Manbo Asogwe) of the Sosyete Nago Temple Of Jacmel, Haiti, and Mattapan, Massachusetts<\/p>\n<hr \/>\n<p>October 22, 2:00 PM @ Fleming Museum<\/p>\n<p><strong>SCHOLAR&#8217;S TOUR:\u00a0<em>Spirited Things: Sacred Arts of the Black Atlantic<\/em><\/strong><\/p>\n<p>Vicki L. Brennan, Assoc. Professor of Religion, UVM<\/p>\n<hr \/>\n<p>October 25, 6:00 PM @ Fleming Museum<\/p>\n<p><strong>TALK:\u00a0<em>Why Do the Gods Let This Happen? Vodou in the 21st Century<\/em><\/strong><\/p>\n<p>with Donald J. Cosentino, Professor Emeritus of World Arts and Cultures at the University of California-Los Angeles<\/p>\n<hr \/>\n<p>November 1, 12:00 PM @ Fleming Museum<\/p>\n<p><strong>TALK:\u00a0<em>When the Spirit Moves Me: Music and Religion from Africa to the Americas<\/em><\/strong><\/p>\n<p>with Jacob Edgar, Ethnomusicologist and Music Producer<\/p>\n<hr \/>\n<p>November 15, 6:00 PM<\/p>\n<p><strong>TALK:\u00a0<em>Thrones of the Gods and Altars of the Soul<\/em><\/strong><\/p>\n<p>with Daniel Rodr\u00edguez, Ob\u00e1-Oriat\u00e9 of the Santer\u00eda Religion<\/p>\n<hr \/>\n<p>December 7, 3:00 PM<\/p>\n<p><strong>TALK:\u00a0<em>Exhibiting the Sacred:<\/em><\/strong><strong><em>Religion, Race, and Representation<\/em><\/strong><\/p>\n<p>with Vicki Brennan, UVM Professor of Religion and Director of UVM\u2019s African Studies Program; and Students<\/p>\n<hr \/>\n<p>December 10, 2:00 PM<\/p>\n<p><strong>SCHOLAR&#8217;S TOUR<\/strong><em><strong>: Spirited Things: Sacred Arts of the Black Atlantic<\/strong><\/em><\/p>\n<p>with Stephen Wehmeyer, Champlain College associate professor in the CORE Division, leads a gallery tour of the exhibition<\/p>\n","protected":false},"excerpt":{"rendered":"<p>Events &amp; Programs at the Fleming Museum **PLEASE NOTE: All Museum Programs\u00a0will take place at the Fleming Museum** **Seating is limited for these events. First Come, First Served. Please plan ahead** September 26: Exhibition Opens (runs until 12\/16) September 28: &hellip; <a href=\"https:\/\/blog.uvm.edu\/vlbrenna-spiritedthings\/fleming-museum-programs\/\">Continue reading <span class=\"meta-nav\">&rarr;<\/span><\/a><\/p>\n","protected":false},"author":543,"featured_media":0,"parent":0,"menu_order":0,"comment_status":"closed","ping_status":"closed","template":"","meta":{"footnotes":""},"class_list":["post-19","page","type-page","status-publish","hentry"],"_links":{"self":[{"href":"https:\/\/blog.uvm.edu\/vlbrenna-spiritedthings\/wp-json\/wp\/v2\/pages\/19","targetHints":{"allow":["GET"]}}],"collection":[{"href":"https:\/\/blog.uvm.edu\/vlbrenna-spiritedthings\/wp-json\/wp\/v2\/pages"}],"about":[{"href":"https:\/\/blog.uvm.edu\/vlbrenna-spiritedthings\/wp-json\/wp\/v2\/types\/page"}],"author":[{"embeddable":true,"href":"https:\/\/blog.uvm.edu\/vlbrenna-spiritedthings\/wp-json\/wp\/v2\/users\/543"}],"replies":[{"embeddable":true,"href":"https:\/\/blog.uvm.edu\/vlbrenna-spiritedthings\/wp-json\/wp\/v2\/comments?post=19"}],"version-history":[{"count":1,"href":"https:\/\/blog.uvm.edu\/vlbrenna-spiritedthings\/wp-json\/wp\/v2\/pages\/19\/revisions"}],"predecessor-version":[{"id":20,"href":"https:\/\/blog.uvm.edu\/vlbrenna-spiritedthings\/wp-json\/wp\/v2\/pages\/19\/revisions\/20"}],"wp:attachment":[{"href":"https:\/\/blog.uvm.edu\/vlbrenna-spiritedthings\/wp-json\/wp\/v2\/media?parent=19"}],"curies":[{"name":"wp","href":"https:\/\/api.w.org\/{rel}","templated":true}]}}