{"id":67,"date":"2019-03-18T09:46:08","date_gmt":"2019-03-18T13:46:08","guid":{"rendered":"http:\/\/blog.uvm.edu\/maunave\/?page_id=67"},"modified":"2019-03-28T05:38:32","modified_gmt":"2019-03-28T09:38:32","slug":"needs-a-title","status":"publish","type":"page","link":"https:\/\/blog.uvm.edu\/maunave\/jean-prevost-resistant-du-vercors\/needs-a-title\/","title":{"rendered":"Jean Pr\u00e9vost et ses revendications"},"content":{"rendered":"<p><img loading=\"lazy\" decoding=\"async\" class=\" wp-image-73 alignleft\" src=\"http:\/\/blog.uvm.edu\/maunave\/files\/2019\/03\/prevost-jean-3-222x300.jpg\" alt=\"\" width=\"232\" height=\"314\" srcset=\"https:\/\/blog.uvm.edu\/maunave\/files\/2019\/03\/prevost-jean-3-222x300.jpg 222w, https:\/\/blog.uvm.edu\/maunave\/files\/2019\/03\/prevost-jean-3-768x1039.jpg 768w, https:\/\/blog.uvm.edu\/maunave\/files\/2019\/03\/prevost-jean-3-757x1024.jpg 757w\" sizes=\"auto, (max-width: 232px) 100vw, 232px\" \/><strong>L\u2019hebdomadaire \u201cPamphlet\u201d, un instrument politique.<\/strong><br \/>\nLa revue cr\u00e9\u00e9e en janvier 1933, est r\u00e9dig\u00e9e par Pr\u00e9vost et deux autres journalistes. Elle se veut libre, ce qui correspond tout \u00e0 fait \u00e0 la libert\u00e9 d\u2019 esprit que Pr\u00e9vost revendique et \u00e0 laquelle il s\u2019 entra\u00eene, notamment en r\u00e9digeant des notes quotidiennes.<br \/>\nToutefois, apr\u00e8s la tentative de coup de force de l\u2019extr\u00eame droite du 12 f\u00e9vrier 1934, les positions se radicalisent et \u201cPamphlet\u201d cesse de para\u00eetre. les deux autres co-r\u00e9dacteurs de la revue seront plus tard de la collaboration.<\/p>\n<p>&nbsp;<\/p>\n<p><strong>\u201cJ\u2019aime encore les Allemands\u201d<\/strong><br \/>\nPr\u00e9vost conna\u00eet bien l\u2019 allemand, il estime la culture allemande, il aime le peuple allemand.<br \/>\nBien qu\u2019Hitler soit chancelier depuis le 30 janvier 1933, Jean Pr\u00e9vost \u00e9crit dans le num\u00e9ro de \u201cPamphlet\u201d du 24 mars, un texte dans lequel il renouvelle son attachement \u00e0 un pays, non au r\u00e9gime dans lequel il s\u2019engage.<\/p>\n<p><strong>1939-1940<\/strong><br \/>\nQuand vient la guerre, il est pr\u00eat \u00e0 se battre. Le jour de la d\u00e9claration de guerre, il dira \u00e0 son ami \u00e9crivain Andr\u00e9 Chamson qu\u2019il pense \u00eatre un \u00e9crivain qui donnera sa pleine mesure apr\u00e8s la quarantaine. En 1939, il a 38 ans, il meurt a 43 ans.<br \/>\nComme il parle plusieurs langues, dont l\u2019allemand, il est nomm\u00e9 au service des \u00e9coutes t\u00e9l\u00e9phoniques au Havre.<br \/>\nLors de l\u2019invasion allemande, son unit\u00e9 est \u00e9vacu\u00e9e par Cherbourg \u00e0 Casablanca.<\/p>\n<p><strong>Apr\u00e8s juin 40.<\/strong><\/p>\n<p>D\u00e9mobilis\u00e9, il suit \u00e0 Lyon le &#8220;Paris-Soir&#8221; qui a quitt\u00e9 la zone occup\u00e9e, une partie du journal, rest\u00e9e \u00e0 Paris, se mettra \u00e0 la botte des allemands.Sa seconde \u00e9pouse, Clause, juive, ne pouvant pas le suivre, il \u00e9crit \u00e0 l&#8217;\u00e9crivain allemand Friederich Sieburg une lettre pleine de dignit\u00e9 dans laquelle il lui demande d&#8217;intervenir.<\/p>\n<p><strong>Par rapport \u00e0 Vichy.<\/strong><\/p>\n<p>Plusieurs t\u00e9moignages font \u00e9tat de sa r\u00e9pulsion pour P\u00e9tain et son r\u00e9gime<\/p>\n<p><strong>Implication dans la R\u00e9sistance avant le Vercors.<\/strong><\/p>\n<p>Il participe \u00e0 la r\u00e9union constitutive du Comit\u00e9 National des Ecrivains Zone Sud, \u00e0 Lyon, en 1943.<\/p>\n<p>Il participe \u00e9galement au bulletin clandestin &#8220;Les Etoiles&#8221; premier num\u00e9ro en f\u00e9vrier 1943 mais, \u00e0 part cela, reste distant \u00e0 la presse clandestine.<\/p>\n<p>On ne sait pas bien quelles ont \u00e9t\u00e9 ses activit\u00e9s. Il \u00e9tait d&#8217;une discr\u00e9tion totale sur la question, disant que le meilleur moyen pour ne pas parler sous la terre est d&#8217;en savoir le moins possible. Plusieurs t\u00e9moignages et observations font \u00e9tat d&#8217;une probable activit\u00e9 r\u00e9sistante.<\/p>\n<p><strong>R\u00e9sistant et \u00e9crivain, pas \u00e9crivain de la R\u00e9sistance.<\/strong><\/p>\n<p>Pr\u00e9vost ne rel\u00e8ve ni de la litt\u00e9rature de combat ni de la litt\u00e9rature de lutte spirituelle comme les les Editions de Minuit. Rien sur la guerre pendant ses notes journali\u00e8res.<\/p>\n<p>Jean Pr\u00e9vost<\/p>\n<p><a href=\"https:\/\/www.cairn.info\/revue-la-revue-des-revues-2014-1-page-26.htm\">https:\/\/www.cairn.info\/revue-la-revue-des-revues-2014-1-page-26.htm<\/a><\/p>\n<p><strong>Antoine de Saint-Exup\u00e9ry, l&#8217;ami lui aussi au combat contre le nazisme.<\/strong><\/p>\n<p>Dans la revue d&#8217;Adrienne Monnier &#8220;Le navire d&#8217;argent&#8221; d&#8217;avril 1926, \u00e9tait paru le premier texte de Saint-Exup\u00e9ry, &#8220;L&#8217;avaiateur&#8221;. Apr\u00e8s le texte, Jean Pr\u00e9vost pr\u00e9sentait ce nouvel auteur. Saint-Exup\u00e9ry deviendra, lui, un r\u00e9sistant de l&#8217;ext\u00e9rieur, dans l&#8217;aviation.<\/p>\n<p>&nbsp;<\/p>\n<p>&nbsp;<\/p>\n<p>&nbsp;<\/p>\n<p>&nbsp;<\/p>\n","protected":false},"excerpt":{"rendered":"<p>L\u2019hebdomadaire \u201cPamphlet\u201d, un instrument politique. La revue cr\u00e9\u00e9e en janvier 1933, est r\u00e9dig\u00e9e par Pr\u00e9vost et deux autres journalistes. Elle se veut libre, ce qui correspond tout \u00e0 fait \u00e0 la libert\u00e9 d\u2019 esprit que Pr\u00e9vost revendique et \u00e0 laquelle &hellip; <a href=\"https:\/\/blog.uvm.edu\/maunave\/jean-prevost-resistant-du-vercors\/needs-a-title\/\">Continue reading <span class=\"meta-nav\">&rarr;<\/span><\/a><\/p>\n","protected":false},"author":3111,"featured_media":0,"parent":56,"menu_order":0,"comment_status":"closed","ping_status":"closed","template":"","meta":{"footnotes":""},"class_list":["post-67","page","type-page","status-publish","hentry"],"_links":{"self":[{"href":"https:\/\/blog.uvm.edu\/maunave\/wp-json\/wp\/v2\/pages\/67","targetHints":{"allow":["GET"]}}],"collection":[{"href":"https:\/\/blog.uvm.edu\/maunave\/wp-json\/wp\/v2\/pages"}],"about":[{"href":"https:\/\/blog.uvm.edu\/maunave\/wp-json\/wp\/v2\/types\/page"}],"author":[{"embeddable":true,"href":"https:\/\/blog.uvm.edu\/maunave\/wp-json\/wp\/v2\/users\/3111"}],"replies":[{"embeddable":true,"href":"https:\/\/blog.uvm.edu\/maunave\/wp-json\/wp\/v2\/comments?post=67"}],"version-history":[{"count":10,"href":"https:\/\/blog.uvm.edu\/maunave\/wp-json\/wp\/v2\/pages\/67\/revisions"}],"predecessor-version":[{"id":192,"href":"https:\/\/blog.uvm.edu\/maunave\/wp-json\/wp\/v2\/pages\/67\/revisions\/192"}],"up":[{"embeddable":true,"href":"https:\/\/blog.uvm.edu\/maunave\/wp-json\/wp\/v2\/pages\/56"}],"wp:attachment":[{"href":"https:\/\/blog.uvm.edu\/maunave\/wp-json\/wp\/v2\/media?parent=67"}],"curies":[{"name":"wp","href":"https:\/\/api.w.org\/{rel}","templated":true}]}}