{"id":56,"date":"2019-03-18T08:47:51","date_gmt":"2019-03-18T12:47:51","guid":{"rendered":"http:\/\/blog.uvm.edu\/maunave\/?page_id=56"},"modified":"2020-02-27T11:31:39","modified_gmt":"2020-02-27T16:31:39","slug":"jean-prevost-resistant-du-vercors","status":"publish","type":"page","link":"https:\/\/blog.uvm.edu\/maunave\/jean-prevost-resistant-du-vercors\/","title":{"rendered":"Jean Pr\u00e9vost: R\u00e9sistant du Vercors"},"content":{"rendered":"<p><img loading=\"lazy\" decoding=\"async\" class=\"alignright wp-image-114\" src=\"http:\/\/blog.uvm.edu\/maunave\/files\/2019\/03\/Jean-Pre\u0301vost-capitaine-Goderville-300x166.jpg\" alt=\"\" width=\"373\" height=\"206\" srcset=\"https:\/\/blog.uvm.edu\/maunave\/files\/2019\/03\/Jean-Pre\u0301vost-capitaine-Goderville-300x166.jpg 300w, https:\/\/blog.uvm.edu\/maunave\/files\/2019\/03\/Jean-Pre\u0301vost-capitaine-Goderville.jpg 615w\" sizes=\"auto, (max-width: 373px) 100vw, 373px\" \/><\/p>\n<p><strong>Jean-Pr\u00e9vost(1901-1944<\/strong>)<\/p>\n<p>Po\u00e8te, journaliste, fran\u00e7ais, tr\u00e8s engag\u00e9 dans la R\u00e9sistance. Nomm\u00e9 capitaine de Goderville. Il meurt \u00e0 Sassenage dans le vercors en ao\u00fbt 1944. Intellectuel brillant dont la vie a \u00e9t\u00e9 \u00e9court\u00e9e.<\/p>\n<p><strong>Elements de Compr\u00e9hension, avant le Vercors<\/strong><\/p>\n<p>Entre les deux guerres, un engagement discret.<br \/>\nAlors que beaucoup d&#8217;intellectuels s&#8217;engagent, soit contre le fascisme, soit contre le communisme, on ne conna\u00eet de lui que trois signatures de p\u00e9titions.<br \/>\nD&#8217; apr\u00e8s ses proches, il aurait pris position contre la non-intervention en Espagne et les accords de Munich. On n&#8217;en conna\u00eet pas de traces \u00e9crites.<\/p>\n<p><strong>L&#8217;hebdomadaire &#8220;Pamphlet&#8221;, un instrument politique.<\/strong><br \/>\nLa revue cr\u00e9\u00e9e en janvier 1933, est r\u00e9dig\u00e9e par Pr\u00e9vost et deux autres journalistes.Elle se veut libre, ce qui correspond tout \u00e0 fait \u00e0 la libert\u00e9 d&#8217; esprit que Pr\u00e9vost revendique et \u00e0 laquelle il s&#8217; entra\u00eene, notamment en r\u00e9digeant des notes quotidiennes.<br \/>\nToutefois, apr\u00e8s la tentative de coup de force de l&#8217;extr\u00eame droite du 12 f\u00e9vrier 1934, les positions se radicalisent et &#8220;Pamphlet&#8221; cesse de para\u00eetre. les deux autres co-r\u00e9dacteurs de la revue seront plus tard de la collaboration.<\/p>\n<p><strong>&#8220;J&#8217;aime encore les Allemands&#8221;<\/strong><br \/>\nPr\u00e9vost conna\u00eet bien l&#8217; allemand, il estime la culture allemande, il aime le peuple allemand.<br \/>\nBien qu&#8217;Hitler soit chancelier depuis le 30 janvier 1933, Jean Pr\u00e9vost \u00e9crit dans le num\u00e9ro de &#8220;Pamphlet&#8221; du 24 mars, un texte dans lequel il renouvelle son attachement \u00e0 un pays, non au r\u00e9gime dans lequel il s&#8217;engage.<\/p>\n<p><strong>1939-1940<\/strong><br \/>\nQuand vient la guerre, il est pr\u00eat \u00e0 se battre. Le jour de la d\u00e9claration de guerre, il dira \u00e0 son ami \u00e9crivain <strong>Andr\u00e9 Chamson qu&#8217;il pense \u00eatre un \u00e9crivain qui donnera sa pleine mesure apr\u00e8s la quarantaine<\/strong>. En 1939, il a 38 ans, il meurt a 43 ans.<br \/>\nComme il parle plusieurs langues, dont l&#8217;allemand, il est nomm\u00e9 au service des \u00e9coutes t\u00e9l\u00e9phoniques au Havre.<br \/>\nLors de l&#8217;invasion allemande, son unit\u00e9 est \u00e9vacu\u00e9e par Cherbourg \u00e0 Casablanca.<\/p>\n","protected":false},"excerpt":{"rendered":"<p>Jean-Pr\u00e9vost(1901-1944) Po\u00e8te, journaliste, fran\u00e7ais, tr\u00e8s engag\u00e9 dans la R\u00e9sistance. Nomm\u00e9 capitaine de Goderville. Il meurt \u00e0 Sassenage dans le vercors en ao\u00fbt 1944. Intellectuel brillant dont la vie a \u00e9t\u00e9 \u00e9court\u00e9e. Elements de Compr\u00e9hension, avant le Vercors Entre les deux &hellip; <a href=\"https:\/\/blog.uvm.edu\/maunave\/jean-prevost-resistant-du-vercors\/\">Continue reading <span class=\"meta-nav\">&rarr;<\/span><\/a><\/p>\n","protected":false},"author":3111,"featured_media":0,"parent":0,"menu_order":0,"comment_status":"closed","ping_status":"closed","template":"","meta":{"footnotes":""},"class_list":["post-56","page","type-page","status-publish","hentry"],"_links":{"self":[{"href":"https:\/\/blog.uvm.edu\/maunave\/wp-json\/wp\/v2\/pages\/56","targetHints":{"allow":["GET"]}}],"collection":[{"href":"https:\/\/blog.uvm.edu\/maunave\/wp-json\/wp\/v2\/pages"}],"about":[{"href":"https:\/\/blog.uvm.edu\/maunave\/wp-json\/wp\/v2\/types\/page"}],"author":[{"embeddable":true,"href":"https:\/\/blog.uvm.edu\/maunave\/wp-json\/wp\/v2\/users\/3111"}],"replies":[{"embeddable":true,"href":"https:\/\/blog.uvm.edu\/maunave\/wp-json\/wp\/v2\/comments?post=56"}],"version-history":[{"count":12,"href":"https:\/\/blog.uvm.edu\/maunave\/wp-json\/wp\/v2\/pages\/56\/revisions"}],"predecessor-version":[{"id":351,"href":"https:\/\/blog.uvm.edu\/maunave\/wp-json\/wp\/v2\/pages\/56\/revisions\/351"}],"wp:attachment":[{"href":"https:\/\/blog.uvm.edu\/maunave\/wp-json\/wp\/v2\/media?parent=56"}],"curies":[{"name":"wp","href":"https:\/\/api.w.org\/{rel}","templated":true}]}}