{"id":322,"date":"2020-02-25T15:22:58","date_gmt":"2020-02-25T20:22:58","guid":{"rendered":"http:\/\/blog.uvm.edu\/maunave\/?page_id=322"},"modified":"2020-03-02T16:28:48","modified_gmt":"2020-03-02T21:28:48","slug":"genevieve-de-gaulle-niece-du-general-de-gaulle","status":"publish","type":"page","link":"https:\/\/blog.uvm.edu\/maunave\/genevieve-de-gaulle-niece-du-general-de-gaulle\/","title":{"rendered":"Genevi\u00e8ve de Gaulle, ni\u00e8ce du G\u00e9n\u00e9ral de Gaulle"},"content":{"rendered":"\n<figure class=\"wp-block-image size-large\"><img loading=\"lazy\" decoding=\"async\" width=\"805\" height=\"453\" src=\"http:\/\/blog.uvm.edu\/maunave\/files\/2020\/02\/Genevieve-de-Gaulle-etudiante.jpg\" alt=\"\" class=\"wp-image-321\" srcset=\"https:\/\/blog.uvm.edu\/maunave\/files\/2020\/02\/Genevieve-de-Gaulle-etudiante.jpg 805w, https:\/\/blog.uvm.edu\/maunave\/files\/2020\/02\/Genevieve-de-Gaulle-etudiante-300x169.jpg 300w, https:\/\/blog.uvm.edu\/maunave\/files\/2020\/02\/Genevieve-de-Gaulle-etudiante-768x432.jpg 768w\" sizes=\"auto, (max-width: 805px) 100vw, 805px\" \/><figcaption>Genevi\u00e8ve de Gaulle, le parcours d&#8217;une r\u00e9sistante<\/figcaption><\/figure>\n\n\n\n<p>Qui est Genevi\u00e8ve de Gaulle, quand a t-elle pris conscience de son nom?<\/p>\n\n\n\n<p><strong>Genevi\u00e8ve \u00e9tudiante<\/strong><\/p>\n\n\n\n<p>Genevi\u00e8ve, jeune \u00e9tudiante en histoire, commence \u00e0 r\u00e9sister <strong>en arrachant des tracts allemands <\/strong>sur les  murs de Rennes (Bretagne). Un jour, alors qu&#8217;elle est toute jeune \u00e9tudiante \u00e0 Rennes, Genevi\u00e8ve de Gaulle enl\u00e8ve <strong>un drapeau nazi qui flotte sur un pont<\/strong>.&nbsp;<strong>En 1940, elle entre dans la r\u00e9sistance <\/strong>sous le nom de&nbsp;Germaine Lecomte.<em>&nbsp;&#8220;C&#8217;\u00e9tait l&#8217;instinct&#8221;<\/em>, dira-t-elle.&nbsp;<\/p>\n\n\n\n<p>Elle commence ses premiers actes en d\u00e9chirant des affiches allemandes, en fabriquant des&nbsp;croix de Lorraine ou en arrachant un fanion nazi qu&#8217;elle rapporte chez elle comme troph\u00e9e. Avec ses amis \u00e9tudiants, <strong>elle imprime et diffuse des tracts contre les nazis<\/strong> et le R\u00e9gime de Vichy. Elle ne supporte pas le r\u00e9gime de Vichy et \u00e0 un \u00e2ge pr\u00e9coce elle se lance dans la r\u00e9sistance<\/p>\n\n\n\n<p>En 1941, elle habite \u00e0 Paris chez sa tante Madeleine, o\u00f9 elle est \u00e9tudiante \u00e0 La Sorbonne. <\/p>\n\n\n\n<p>C&#8217; est l\u00e0 qu&#8217;elle va rejoindre le mouvement de la R\u00e9sistance appel\u00e9 <strong>Groupe de mus\u00e9e de l&#8217;Homme<\/strong> ( c&#8217;est l&#8217;un des premiers mouvements de la R\u00e9sistance fran\u00e7aise \u00e0 l&#8217;occupation) o\u00f9 elle distribue des tracts, elle sert <strong>de liaison de renseignement et d&#8217;informations<\/strong>.<\/p>\n\n\n\n<p><a href=\"https:\/\/www.lemonde.fr\/politique\/article\/2015\/05\/27\/genevieve-de-gaulle-anthonioz-a-la-hauteur-du-nom_4641162_823448.html\">https:\/\/www.lemonde.fr\/politique\/article\/2015\/05\/27\/genevieve-de-gaulle-anthonioz-a-la-hauteur-du-nom_4641162_823448.html<\/a><\/p>\n\n\n\n<p>En 1943, elle rejoint le mouvement D\u00e9fense de la France, c&#8217;est le premier journal de la presse clandestine. Elle \u00e9crit des articles qu&#8217;elle signe sous le pseudonyme Gallia.<\/p>\n\n\n\n<p>D\u00e9nonc\u00e9e par un \u00e9tudiant fran\u00e7ais de son \u00e2ge, la ni\u00e8ce du G\u00e9n\u00e9ral de Gaulle est  arr\u00eat\u00e9e ainsi que 68 autres membres, au 68 rue Bonaparte \u00e0 la librairie <em>Au v\u0153u de Louis XIII. <\/em>Elle est ensuite d\u00e9port\u00e9e \u00e0&nbsp;Ravensbr\u00fcck&nbsp;le&nbsp;2 f\u00e9vrier 1944.<\/p>\n\n\n\n<p><a href=\"https:\/\/www.atd-quartmonde.fr\/genevieve-de-gaulle-anthonioz-refuser-linacceptable\/genevieve-de-gaulle-anthonioz-une-vie-de-resistances\/\">Genevi\u00e8ve de Gaulle, une vie de r\u00e9sistances<\/a><\/p>\n\n\n\n<h2 class=\"wp-block-heading\"><strong>LA FRATERNIT\u00c9, LE COMBAT DE SA VIE<\/strong><\/h2>\n\n\n\n<p><a href=\"https:\/\/enseignants.lumni.fr\/fiche-media\/00000001712\/les-combats-de-genevieve-de-gaulle-anthonioz-de-la-resistance-a-atd-quart-monde.html\">https:\/\/enseignants.lumni.fr\/fiche-media\/00000001712\/les-combats-de-genevieve-de-gaulle-anthonioz-de-la-resistance-a-atd-quart-monde.html<\/a><\/p>\n\n\n\n<p>Les Allemands tenteront de faire d&#8217;elle une monnaie d&#8217;\u00e9change pour faire pression aupr\u00e8s du g\u00e9n\u00e9ral de Gaulle<strong>.<\/strong>&nbsp;<em>&#8220;Et \u00e7a n&#8217;a pas march\u00e9 bien \u00e9videmment<\/em>,<em>&nbsp;le g\u00e9n\u00e9ral de Gaulle : pas de pr\u00e9f\u00e9rence \u00e0 la famille, on l&#8217;a vu avec son fils et avec elle \u00e7a a \u00e9t\u00e9 la m\u00eame chose !&#8221;<\/em><\/p>\n\n\n\n<p><a href=\"https:\/\/www.lefigaro.fr\/vox\/societe\/2015\/05\/27\/31003-20150527ARTFIG00269-genevieve-de-gaulle-anthonioz-n-aurait-guere-aime-sa-propre-pantheonisation.php\">https:\/\/www.lefigaro.fr\/vox\/societe\/2015\/05\/27\/31003-20150527ARTFIG00269-genevieve-de-gaulle-anthonioz-n-aurait-guere-aime-sa-propre-pantheonisation.php<\/a><\/p>\n\n\n\n<a href=\"https:\/\/m.ina.fr\/video\/CPD15002901\/l-honneur-de-vivre-video.html\">https:\/\/m.ina.fr\/video\/CPD15002901\/l-honneur-de-vivre-video.html<\/a>\n\n\n\n<p>Vous allez maintenant \u00e9couter un documentaire sur Genevi\u00e8ve de Gaulle et Germaine Tillon intitul\u00e9 &#8221; L&#8217;honneur de vivre&#8221;. Elles se sont toutes les deux rencontr\u00e9es \u00e0 Ravensbruck et ne sont jamais s\u00e9par\u00e9es.<\/p>\n","protected":false},"excerpt":{"rendered":"<p>Qui est Genevi\u00e8ve de Gaulle, quand a t-elle pris conscience de son nom? Genevi\u00e8ve \u00e9tudiante Genevi\u00e8ve, jeune \u00e9tudiante en histoire, commence \u00e0 r\u00e9sister en arrachant des tracts allemands sur les murs de Rennes (Bretagne). Un jour, alors qu&#8217;elle est toute &hellip; <a href=\"https:\/\/blog.uvm.edu\/maunave\/genevieve-de-gaulle-niece-du-general-de-gaulle\/\">Continue reading <span class=\"meta-nav\">&rarr;<\/span><\/a><\/p>\n","protected":false},"author":3111,"featured_media":0,"parent":0,"menu_order":0,"comment_status":"closed","ping_status":"closed","template":"","meta":{"footnotes":""},"class_list":["post-322","page","type-page","status-publish","hentry"],"_links":{"self":[{"href":"https:\/\/blog.uvm.edu\/maunave\/wp-json\/wp\/v2\/pages\/322","targetHints":{"allow":["GET"]}}],"collection":[{"href":"https:\/\/blog.uvm.edu\/maunave\/wp-json\/wp\/v2\/pages"}],"about":[{"href":"https:\/\/blog.uvm.edu\/maunave\/wp-json\/wp\/v2\/types\/page"}],"author":[{"embeddable":true,"href":"https:\/\/blog.uvm.edu\/maunave\/wp-json\/wp\/v2\/users\/3111"}],"replies":[{"embeddable":true,"href":"https:\/\/blog.uvm.edu\/maunave\/wp-json\/wp\/v2\/comments?post=322"}],"version-history":[{"count":15,"href":"https:\/\/blog.uvm.edu\/maunave\/wp-json\/wp\/v2\/pages\/322\/revisions"}],"predecessor-version":[{"id":396,"href":"https:\/\/blog.uvm.edu\/maunave\/wp-json\/wp\/v2\/pages\/322\/revisions\/396"}],"wp:attachment":[{"href":"https:\/\/blog.uvm.edu\/maunave\/wp-json\/wp\/v2\/media?parent=322"}],"curies":[{"name":"wp","href":"https:\/\/api.w.org\/{rel}","templated":true}]}}