{"id":311,"date":"2020-02-25T11:38:05","date_gmt":"2020-02-25T16:38:05","guid":{"rendered":"http:\/\/blog.uvm.edu\/maunave\/?page_id=311"},"modified":"2020-02-27T10:58:03","modified_gmt":"2020-02-27T15:58:03","slug":"jeanne-brousse-resistante-francaise-en-haute-savoie","status":"publish","type":"page","link":"https:\/\/blog.uvm.edu\/maunave\/jeanne-brousse-resistante-francaise-en-haute-savoie\/","title":{"rendered":"Jeanne Brousse, r\u00e9sistante fran\u00e7aise en Haute-Savoie"},"content":{"rendered":"\n<div class=\"wp-block-image\"><figure class=\"alignright size-large\"><img loading=\"lazy\" decoding=\"async\" width=\"194\" height=\"259\" src=\"http:\/\/blog.uvm.edu\/maunave\/files\/2020\/02\/jeanne-brousse-photo.jpeg\" alt=\"\" class=\"wp-image-339\" \/><\/figure><\/div>\n\n\n\n<p>Employ\u00e9e \u00e0 la prefecture d&#8217;Annecy, Jeanne Brousse a aid\u00e9 de nombreuses personnes, notamment des Juifs, en d\u00e9livrant de faux papiers et cartes d&#8217; alimentation. Elle a sauv\u00e9 de nombreuses vies et elle a re\u00e7u la m\u00e9daille des Justes gr\u00e2ce \u00e0 son courage et ces actes de r\u00e9sistante au r\u00e9gime de Vichy. Les familles juives qu&#8217;elle a sauv\u00e9es ont demand\u00e9 que Jeanne obtienne <strong>la m\u00e9daille des Justes<\/strong>. C&#8217;est la plus haute distinction  d\u00e9livr\u00e9e par l&#8217; Etat d&#8217; Isra\u00ebl pour exprimer la plus grande gratitude des personnes non juives qui ont pris des risques: les Justes parmi les nations qui ont mis leur vie en danger pour sauver des Juifs.<\/p>\n\n\n\n<figure class=\"wp-block-embed-dailymotion wp-block-embed is-type-video is-provider-dailymotion wp-embed-aspect-4-3 wp-has-aspect-ratio\"><div class=\"wp-block-embed__wrapper\">\n<iframe loading=\"lazy\" title=\"M\u00e9morial des Justes\" frameborder=\"0\" width=\"640\" height=\"480\" src=\"https:\/\/geo.dailymotion.com\/player.html?video=xfdpdh&#038;\" allowfullscreen allow=\"autoplay; fullscreen; picture-in-picture; web-share\"><\/iframe>\n<\/div><\/figure>\n\n\n\n<figure class=\"wp-block-image size-large\"><img loading=\"lazy\" decoding=\"async\" width=\"1024\" height=\"576\" src=\"http:\/\/blog.uvm.edu\/maunave\/files\/2020\/02\/jeanne_brousse-Laissez-passer.jpg\" alt=\"\" class=\"wp-image-340\" srcset=\"https:\/\/blog.uvm.edu\/maunave\/files\/2020\/02\/jeanne_brousse-Laissez-passer.jpg 1024w, https:\/\/blog.uvm.edu\/maunave\/files\/2020\/02\/jeanne_brousse-Laissez-passer-300x169.jpg 300w, https:\/\/blog.uvm.edu\/maunave\/files\/2020\/02\/jeanne_brousse-Laissez-passer-768x432.jpg 768w\" sizes=\"auto, (max-width: 1024px) 100vw, 1024px\" \/><figcaption>Ce laissez-passer permanent donne l&#8217; autorisation \u00e0 Jeanne de se promener la nuit \u00e0 v\u00e9lo, elle s&#8217; en sert pour faire des actes de r\u00e9sistance<br \/><\/figcaption><\/figure>\n\n\n\n<p>En 1939, <strong>\u00e0 18 ans<\/strong>, Jeanne Brousse entre au <strong>service de naturalisations<\/strong> de la prefecture d&#8217; Annecy (Haute-Savoie) mais le service ferme sur l&#8217;ordre des allemands. <\/p>\n\n\n\n<p>Elle raconte: &#8221; On a donc improvis\u00e9 \u00e0 3 ou 4 un service des r\u00e9fugi\u00e9s. Je ne savais pas ce que pouvait \u00eatre la guerre. , j&#8217; \u00e9tais comme tous les jeunes, un peu insouciante. J&#8217; avais une sensibilit\u00e9 chr\u00e9tienne et j&#8217; \u00e9tais tr\u00e8s touch\u00e9e d&#8217; entendre l&#8217;histoire de ces gens en errance (les familles juives). Je leur donnais le maximum: des matelas, des v\u00eatements, une petite allocation (de l&#8217; argent)&#8230; quand je ne pouvais faire mieux je leur disais quelques mots de compassion. \u00c7a m&#8217; a vraiment chang\u00e9&#8221;<\/p>\n\n\n\n<p> <a href=\"https:\/\/entretiens.ina.fr\/memoires-de-la-shoah\/Brousse\/jeanne-brousse\/video\">https:\/\/entretiens.ina.fr\/memoires-de-la-shoah\/Brousse\/jeanne-brousse\/video<\/a><\/p>\n\n\n\n<p><strong>1er Acte de R\u00e9sistance<\/strong><\/p>\n\n\n\n<p>Il va se passer quelque chose de d\u00e9cisif dans sa vie. Un jour elle est amen\u00e9e \u00e0 faire ses  premiers faux papiers. Dans son bureau, il y avait une dame qui voulait voir son chef qui \u00e9tait absent. Ce jour l\u00e0, la dame lui demande &#8220;<strong>Puis-je avoir confiance en vous, Mademoiselle<\/strong>?&#8221; Jeanne sort de son bureau par discr\u00e9tion et lui dit : &#8220;<strong>Je suis juive. Nous n&#8217; avons ni argent ni papiers. Serait-il possible d&#8217; avoir quelques papiers ici<\/strong>?&#8221; Jeanne \u00e9tait indign\u00e9e, les cartes d&#8217;identit\u00e9 \u00e9taient dans un placard ferm\u00e9 \u00e0 clef, elle s&#8217;est confi\u00e9e \u00e0 un coll\u00e8gue qui lui a dit de faire quelques cartes. Son coll\u00e8gue de travail n&#8217; approuvait pas mais ne l&#8217;a pas d\u00e9nonc\u00e9e. Jeanne a fait des cartes pour <strong>les Aron<\/strong> qu&#8217;elle a appel\u00e9s les <strong>Caron. <\/strong><\/p>\n\n\n\n<p><strong>2eme Acte de R\u00e9sistance<\/strong><\/p>\n\n\n\n<p>Petit \u00e0 petit, Jeanne rentre dans la R\u00e9sistance, gr\u00e2ce \u00e0 l&#8217; abb\u00e9 Folliet. Elle est \u00e0 l&#8217; arm\u00e9e secr\u00e8te, c&#8217; est un mouvement de r\u00e9sistance. Elle a un laisser- passer gr\u00e2ce \u00e0 son travail \u00e0 la pr\u00e9fecture  et elle accomplit des missions la nuit en v\u00e9lo. Ensuite, quand le <strong>STO<\/strong> (Service du Travail Obligatoire en Allemagne) a \u00e9t\u00e9 institu\u00e9, un employ\u00e9 de la pr\u00e9fecture, Pierre Lamy lui donne des cartes de STO tamponn\u00e9es car il exempte les jeunes pour 6 mois, un an ou exempt\u00e9 d\u00e9finitivement. Elle se souvient qu&#8217;un jour elle demande \u00e0 un jeune homme s&#8217;il veut vraiment aller en Allemagne. &#8220;Tenez-vous \u00e0 y aller&#8221; lui demande t-elle? Le jeune homme \u00e9videmment ne veut pas faire le STO et elle <strong>lui donne &#8220;une carte exempt\u00e9 d\u00e9finitivement&#8221;<\/strong><\/p>\n\n\n\n<p>Plus tard, Jeanne recevra une lettre de cet homme &#8221; Souvent, j&#8217; ai pens\u00e9 \u00e0 vous qui m&#8217;avez sauv\u00e9 du STO.&#8221; Jeanne raconte qu&#8217;elle a re\u00e7u plusieurs de ces lettres, et elle explique que pour elle ces lettres ont une grande valeur.<\/p>\n\n\n\n<p>Faux papiers, cartes d&#8217; alimentation, cartes de STO avec le tampon &#8220;Exempt\u00e9&#8221;, allocations octroy\u00e9es, travail ou logement Jeanne Brousse a aid\u00e9 de nombreuses personnes et sauv\u00e9 des vies.<\/p>\n\n\n\n<p>Pendant toute sa vie, Jeanne a dit qu&#8217;elle n&#8217; est pas une h\u00e9ro\u00efne mais qu&#8217;elle est une personne normale. Elle ajoute: &#8220;J&#8217; ai v\u00e9cu des \u00e9v\u00e9nements extraordinaires, mais je ne savais pas ce qui \u00e9tait en moi. Face aux circonstances, on se d\u00e9termine.&#8221; <\/p>\n\n\n\n<p><strong><em>Jeanne nous a quitt\u00e9 le 20 octobre 2017 \u00e0 l&#8217; \u00e2ge de 96 ans.  Gardons le fruit de son travail afin que nous soyons inspir\u00e9s dans sa ligne de vie.<\/em><\/strong><\/p>\n","protected":false},"excerpt":{"rendered":"<p>Employ\u00e9e \u00e0 la prefecture d&#8217;Annecy, Jeanne Brousse a aid\u00e9 de nombreuses personnes, notamment des Juifs, en d\u00e9livrant de faux papiers et cartes d&#8217; alimentation. Elle a sauv\u00e9 de nombreuses vies et elle a re\u00e7u la m\u00e9daille des Justes gr\u00e2ce \u00e0 &hellip; <a href=\"https:\/\/blog.uvm.edu\/maunave\/jeanne-brousse-resistante-francaise-en-haute-savoie\/\">Continue reading <span class=\"meta-nav\">&rarr;<\/span><\/a><\/p>\n","protected":false},"author":3111,"featured_media":0,"parent":0,"menu_order":0,"comment_status":"closed","ping_status":"closed","template":"","meta":{"footnotes":""},"class_list":["post-311","page","type-page","status-publish","hentry"],"_links":{"self":[{"href":"https:\/\/blog.uvm.edu\/maunave\/wp-json\/wp\/v2\/pages\/311","targetHints":{"allow":["GET"]}}],"collection":[{"href":"https:\/\/blog.uvm.edu\/maunave\/wp-json\/wp\/v2\/pages"}],"about":[{"href":"https:\/\/blog.uvm.edu\/maunave\/wp-json\/wp\/v2\/types\/page"}],"author":[{"embeddable":true,"href":"https:\/\/blog.uvm.edu\/maunave\/wp-json\/wp\/v2\/users\/3111"}],"replies":[{"embeddable":true,"href":"https:\/\/blog.uvm.edu\/maunave\/wp-json\/wp\/v2\/comments?post=311"}],"version-history":[{"count":8,"href":"https:\/\/blog.uvm.edu\/maunave\/wp-json\/wp\/v2\/pages\/311\/revisions"}],"predecessor-version":[{"id":343,"href":"https:\/\/blog.uvm.edu\/maunave\/wp-json\/wp\/v2\/pages\/311\/revisions\/343"}],"wp:attachment":[{"href":"https:\/\/blog.uvm.edu\/maunave\/wp-json\/wp\/v2\/media?parent=311"}],"curies":[{"name":"wp","href":"https:\/\/api.w.org\/{rel}","templated":true}]}}