{"id":224,"date":"2019-04-26T03:36:46","date_gmt":"2019-04-26T07:36:46","guid":{"rendered":"http:\/\/blog.uvm.edu\/maunave\/?page_id=224"},"modified":"2020-02-24T16:03:31","modified_gmt":"2020-02-24T21:03:31","slug":"224-2","status":"publish","type":"page","link":"https:\/\/blog.uvm.edu\/maunave\/le-role-des-femmes-dans-la-resistance\/224-2\/","title":{"rendered":"A la m\u00e9moire de Marie-Madeleine Foucarde"},"content":{"rendered":"<p><img loading=\"lazy\" decoding=\"async\" class=\"alignright size-medium wp-image-246\" src=\"http:\/\/blog.uvm.edu\/maunave\/files\/2019\/04\/106-page-12-photo-236x300-2-5-236x300.jpg\" alt=\"\" width=\"236\" height=\"300\" \/><strong>Marie-Madeleine Foucarde<\/strong>, n\u00e9e \u00e0 Marseille le 8 novembre 1909 \u00e0 Marseille, issue d&#8217; une famille bourgeoise,\u00a0 prend\u00a0 la t\u00eate d&#8217; un important r\u00e9seau d&#8217;intelligence de la r\u00e9sistance. En tant que femme elle commande des hommes militaires, tache non ais\u00e9e (facile) en 1940 lorsque le droit de vote n&#8217; existe pas encore pour les femmes \u00e0 cette \u00e9poque. D\u00e8s novembre 1940, elle fonde \u00e0 Vichy avec le <strong>commandant Loustaunau-Lacau<\/strong> un r\u00e9seau clandestin de renseignements militaires sous couvert du Centre d\u2019entraide de la L\u00e9gion fran\u00e7aise des Combattants.\u00a0 Apr\u00e8s l&#8217; arrestation de Loustanau-Lacau, M-M Fourcarde, femme de cran, dot\u00e9 d&#8217;un grand sens de l&#8217; organisation dirige ce r\u00e9seau d&#8217; espionnage afin de r\u00e9sister contre les Nazis<em>&#8220;L\u2019amour de la libert\u00e9 et de la patrie, le go\u00fbt de l\u2019aventure et de l\u2019action efficace animent la vie de la seule femme cheffe d\u2019un grand r\u00e9seau de R\u00e9sistance en Europe.&#8221;<\/em><\/p>\n<p><strong>Droit de vote des femmes en France: 21 avril 1944<\/strong><\/p>\n<p>Il faudra attendre 1944 pour que le droit des votes des femmes soit approuv\u00e9. En effet le 21 avril 1944, le droit de vote\u00a0 est accord\u00e9 aux femmes. Les femmes devenaient \u00e9lectrices et \u00e9ligibles, comme les hommes. Un an plus tard, le 29 avril 1945, elles votaient pour la premi\u00e8re fois.<\/p>\n<p><strong>R\u00e9seau qui porte le nom de l&#8217; Alliance surnomm\u00e9 l&#8217; Arche de No\u00e9 par les Allemands<\/strong><\/p>\n<p><a href=\"https:\/\/www.ina.fr\/video\/CAF97012084\">https:\/\/www.ina.fr\/video\/CAF97012084<\/a><\/p>\n<p>Ce \u00a0r\u00e9seau est le plus important peut-\u00eatre de la R\u00e9sistance et le seul \u00e0 avoir une femme cheffe a son si\u00e8ge \u00e0 Pau et Marseille avant de rayonner sur tout le pays. Ce r\u00e9seau regroupe jusqu\u2019\u00e0 3000 personnes et jusqu\u2019\u00e0 25% de femmes. Ce r\u00e9seau travaille pour les services secrets anglais et Marie-Madeleine le dirige dans la zone occup\u00e9e. Leurs missions consistent principalement \u00e0 collecter et transmettre des informations strat\u00e9giques, comme les transports allemands de troupes et les d\u00e9fenses de la c\u00f4te ouest. \u00ab H\u00e9risson \u00bb, comme Marie-Madeleine s\u2019est surnomm\u00e9e au sein du r\u00e9seau, prend d\u2019\u00e9normes risques et manque de peu d\u2019\u00eatre arr\u00eat\u00e9e en novembre 1941. Ce r\u00e9seau est le plus important peut-\u00eatre de la R\u00e9sistance et le seul \u00e0 avoir une femme pour chef a son si\u00e8ge \u00e0 Pau et Marseille avant de rayonner sur tout le pays ; il regroupera jusqu\u2019\u00e0 3000 personnes et jusqu\u2019\u00e0 25% de femmes! Le recrutement s\u2019op\u00e8re dans toutes les couches de la soci\u00e9t\u00e9 avec une pr\u00e9f\u00e9rence pour les jeunes ing\u00e9nieurs et les cadres de l\u2019arm\u00e9e (l\u2019espionnage joue un r\u00f4le tr\u00e8s important) ; tr\u00e8s rapidement le r\u00e9seau dispose d\u2019un grand nombre de postes \u00e9metteurs, utilise plusieurs avions \u201clysanders\u201d pour des liaisons discr\u00e8tes surtout avec l\u2019Angleterre, et m\u00eame des sous-marins<\/p>\n<p><a href=\"http:\/\/www.koztoujours.fr\/comment-avons-nous-pu-oublier-marie-madeleine-fourcade\">http:\/\/www.koztoujours.fr\/comment-avons-nous-pu-oublier-marie-madeleine-fourcade<\/a><\/p>\n<p>&nbsp;<\/p>\n<p>&nbsp;<\/p>\n","protected":false},"excerpt":{"rendered":"<p>Marie-Madeleine Foucarde, n\u00e9e \u00e0 Marseille le 8 novembre 1909 \u00e0 Marseille, issue d&#8217; une famille bourgeoise,\u00a0 prend\u00a0 la t\u00eate d&#8217; un important r\u00e9seau d&#8217;intelligence de la r\u00e9sistance. En tant que femme elle commande des hommes militaires, tache non ais\u00e9e (facile) &hellip; <a href=\"https:\/\/blog.uvm.edu\/maunave\/le-role-des-femmes-dans-la-resistance\/224-2\/\">Continue reading <span class=\"meta-nav\">&rarr;<\/span><\/a><\/p>\n","protected":false},"author":3111,"featured_media":0,"parent":194,"menu_order":0,"comment_status":"closed","ping_status":"closed","template":"","meta":{"footnotes":""},"class_list":["post-224","page","type-page","status-publish","hentry"],"_links":{"self":[{"href":"https:\/\/blog.uvm.edu\/maunave\/wp-json\/wp\/v2\/pages\/224","targetHints":{"allow":["GET"]}}],"collection":[{"href":"https:\/\/blog.uvm.edu\/maunave\/wp-json\/wp\/v2\/pages"}],"about":[{"href":"https:\/\/blog.uvm.edu\/maunave\/wp-json\/wp\/v2\/types\/page"}],"author":[{"embeddable":true,"href":"https:\/\/blog.uvm.edu\/maunave\/wp-json\/wp\/v2\/users\/3111"}],"replies":[{"embeddable":true,"href":"https:\/\/blog.uvm.edu\/maunave\/wp-json\/wp\/v2\/comments?post=224"}],"version-history":[{"count":14,"href":"https:\/\/blog.uvm.edu\/maunave\/wp-json\/wp\/v2\/pages\/224\/revisions"}],"predecessor-version":[{"id":249,"href":"https:\/\/blog.uvm.edu\/maunave\/wp-json\/wp\/v2\/pages\/224\/revisions\/249"}],"up":[{"embeddable":true,"href":"https:\/\/blog.uvm.edu\/maunave\/wp-json\/wp\/v2\/pages\/194"}],"wp:attachment":[{"href":"https:\/\/blog.uvm.edu\/maunave\/wp-json\/wp\/v2\/media?parent=224"}],"curies":[{"name":"wp","href":"https:\/\/api.w.org\/{rel}","templated":true}]}}