{"id":22,"date":"2019-03-11T10:33:21","date_gmt":"2019-03-11T14:33:21","guid":{"rendered":"http:\/\/blog.uvm.edu\/maunave\/?page_id=22"},"modified":"2020-03-03T20:57:43","modified_gmt":"2020-03-04T01:57:43","slug":"degaulle","status":"publish","type":"page","link":"https:\/\/blog.uvm.edu\/maunave\/degaulle\/","title":{"rendered":"Charles de Gaulle"},"content":{"rendered":"\n<div class=\"wp-block-media-text alignwide\"><figure class=\"wp-block-media-text__media\"><img loading=\"lazy\" decoding=\"async\" width=\"440\" height=\"553\" src=\"http:\/\/blog.uvm.edu\/maunave\/files\/2019\/03\/degaulle.jpg\" alt=\"Charles de Gaulle\" class=\"wp-image-47\" srcset=\"https:\/\/blog.uvm.edu\/maunave\/files\/2019\/03\/degaulle.jpg 440w, https:\/\/blog.uvm.edu\/maunave\/files\/2019\/03\/degaulle-239x300.jpg 239w\" sizes=\"auto, (max-width: 440px) 100vw, 440px\" \/><\/figure><div class=\"wp-block-media-text__content\">\n<p class=\"has-normal-font-size\"><strong>Le 18 juin 1940<\/strong><\/p>\n\n\n\n<p class=\"has-normal-font-size\">Dans les locaux de la BBC, le g\u00e9n\u00e9ral de Gaulle est en grande tenue. Face aux micros, il se concentre. Ses yeux sont fix\u00e9s sur les feuilles du discours qu&#8217;il a r\u00e9dig\u00e9. Il commence \u00e0 parler et les mots sortent de sa bouche clairement. Ses mots s&#8217;envolent sur les ondes et entrent dans les foyers fran\u00e7ais.<\/p>\n<\/div><\/div>\n\n\n\n<p>Voici son discours<\/p>\n\n\n\n<p>&#8220;Les chefs qui, depuis de nombreuses ann\u00e9es, sont \u00e0 la t\u00eate des arm\u00e9es fran\u00e7aises ont form\u00e9 un gouvernement.<\/p>\n\n\n\n<p>Ce gouvernement, all\u00e9guant la d\u00e9faite de nos arm\u00e9es, s&#8217; est mis en rapoort pour cesser le combat. Certes, nous avons \u00e9t\u00e9, nous sommes submerg\u00e9s par la force m\u00e9canique, terrestre et a\u00e9rienne de l&#8217; ennemi [&#8230;]<\/p>\n\n\n\n<p>Mais le dernier mot est-il dit ? <strong>L&#8217; esp\u00e9rance doit-elle dispara\u00eetre?<\/strong> La d\u00e9faite est-elle d\u00e9finitive? Non! [&#8230;]<\/p>\n\n\n\n<p>Car la France n&#8217; est pas seule ! Elle n&#8217; est pas seule ! Elle a un vaste Empire derri\u00e8re elle. Elle peut faire bloc avec l&#8217; Empire britannique qui tient la mer et continue la lutte. [&#8230;]<\/p>\n\n\n\n<p>Moi, g\u00e9n\u00e9ral de Gaulle, actuellement \u00e0 Londres, <strong>j&#8217;invite les officiers <\/strong>et les soldats fran\u00e7ais qui se trouvent en territoire britannique ou qui viendraient \u00e0 s&#8217;y trouver, avec leurs armes ou sans leurs armes, j&#8217; invite l<strong>es ing\u00e9nieurs et les ouvriers sp\u00e9cialistes<\/strong> des industries d&#8217; armement qui se trouvent en territoire britannique ou qui viendraient \u00e0 s&#8217;y trouver, <strong>\u00e0 se mettre en rapport avec moi<\/strong>.<\/p>\n\n\n\n<p>Quoi qu&#8217;il arrive, <strong>la flamme<\/strong> de la<strong> r\u00e9sistance fran\u00e7aise ne doit pas s&#8217; \u00e9teindre <\/strong>et ne<\/p>\n\n\n\n<p> s&#8217; \u00e9teindra pas.<\/p>\n\n\n\n<p>Demain, come aujourd&#8217;hui je parlerai \u00e0<\/p>\n\n\n\n<p><\/p>\n\n\n\n<p><\/p>\n\n\n\n<p><\/p>\n\n\n\n<figure class=\"wp-block-embed-youtube wp-block-embed is-type-video is-provider-youtube wp-embed-aspect-4-3 wp-has-aspect-ratio\"><div class=\"wp-block-embed__wrapper\">\n<iframe loading=\"lazy\" title=\"Appel du 18 juin 1940 par le G\u00e9n\u00e9ral de Gaulle - DIscours enregistr\u00e9 le 22 juin 1940\" width=\"640\" height=\"480\" src=\"https:\/\/www.youtube.com\/embed\/fo4yqbVPtxw?feature=oembed\" frameborder=\"0\" allow=\"accelerometer; autoplay; clipboard-write; encrypted-media; gyroscope; picture-in-picture; web-share\" referrerpolicy=\"strict-origin-when-cross-origin\" allowfullscreen><\/iframe>\n<\/div><\/figure>\n\n\n\n<figure class=\"wp-block-audio\"><audio controls src=\"http:\/\/blog.uvm.edu\/maunave\/files\/2020\/02\/Enregistrement-de-M-Aunave-De-Gaulle1.mp3\"><\/audio><figcaption>Ecoutez les questions de l&#8217; Appel du 18 juin 1940 qui vous aideront \u00e0 comprendre le discours de de Gaulle . Ensuite r\u00e9pondez aux questions.<\/figcaption><\/figure>\n\n\n\n<figure class=\"wp-block-image size-large\"><img loading=\"lazy\" decoding=\"async\" width=\"236\" height=\"357\" src=\"http:\/\/blog.uvm.edu\/maunave\/files\/2020\/02\/A-tous-les-franc\u0327ais-de-Gaulle.jpg\" alt=\"\" class=\"wp-image-331\" srcset=\"https:\/\/blog.uvm.edu\/maunave\/files\/2020\/02\/A-tous-les-franc\u0327ais-de-Gaulle.jpg 236w, https:\/\/blog.uvm.edu\/maunave\/files\/2020\/02\/A-tous-les-franc\u0327ais-de-Gaulle-198x300.jpg 198w\" sizes=\"auto, (max-width: 236px) 100vw, 236px\" \/><\/figure>\n","protected":false},"excerpt":{"rendered":"<p>Le 18 juin 1940 Dans les locaux de la BBC, le g\u00e9n\u00e9ral de Gaulle est en grande tenue. Face aux micros, il se concentre. Ses yeux sont fix\u00e9s sur les feuilles du discours qu&#8217;il a r\u00e9dig\u00e9. Il commence \u00e0 parler &hellip; <a href=\"https:\/\/blog.uvm.edu\/maunave\/degaulle\/\">Continue reading <span class=\"meta-nav\">&rarr;<\/span><\/a><\/p>\n","protected":false},"author":3111,"featured_media":0,"parent":0,"menu_order":2,"comment_status":"closed","ping_status":"closed","template":"","meta":{"footnotes":""},"class_list":["post-22","page","type-page","status-publish","hentry"],"_links":{"self":[{"href":"https:\/\/blog.uvm.edu\/maunave\/wp-json\/wp\/v2\/pages\/22","targetHints":{"allow":["GET"]}}],"collection":[{"href":"https:\/\/blog.uvm.edu\/maunave\/wp-json\/wp\/v2\/pages"}],"about":[{"href":"https:\/\/blog.uvm.edu\/maunave\/wp-json\/wp\/v2\/types\/page"}],"author":[{"embeddable":true,"href":"https:\/\/blog.uvm.edu\/maunave\/wp-json\/wp\/v2\/users\/3111"}],"replies":[{"embeddable":true,"href":"https:\/\/blog.uvm.edu\/maunave\/wp-json\/wp\/v2\/comments?post=22"}],"version-history":[{"count":21,"href":"https:\/\/blog.uvm.edu\/maunave\/wp-json\/wp\/v2\/pages\/22\/revisions"}],"predecessor-version":[{"id":402,"href":"https:\/\/blog.uvm.edu\/maunave\/wp-json\/wp\/v2\/pages\/22\/revisions\/402"}],"wp:attachment":[{"href":"https:\/\/blog.uvm.edu\/maunave\/wp-json\/wp\/v2\/media?parent=22"}],"curies":[{"name":"wp","href":"https:\/\/api.w.org\/{rel}","templated":true}]}}