{"id":214,"date":"2019-04-01T05:06:36","date_gmt":"2019-04-01T09:06:36","guid":{"rendered":"http:\/\/blog.uvm.edu\/maunave\/?page_id=214"},"modified":"2020-02-27T10:32:57","modified_gmt":"2020-02-27T15:32:57","slug":"chant-des-partisans","status":"publish","type":"page","link":"https:\/\/blog.uvm.edu\/maunave\/media-2\/chant-des-partisans\/","title":{"rendered":"Chant des Partisans"},"content":{"rendered":"<p>La r\u00e9sistance se fait aussi par la chanson pour essayer d&#8217; \u00e9gayer le c\u0153ur des r\u00e9sistants et r\u00e9sistantes. Ainsi en 1943, un chant tr\u00e8s populaire est diffus\u00e9 \u00e0 la BBC, radio de Londres de la France Libre. Ecoutez les extraits et lisez les paroles.<\/p>\n<p><a href=\"https:\/\/resister-art-litterature.jimdo.com\/resister-en-france-libre\/le-chant-des-partisans\/\">https:\/\/resister-art-litterature.jimdo.com\/resister-en-france-libre\/le-chant-des-partisans\/<\/a><\/p>\n<p>Le chant des Partisans est entonn\u00e9 par les enfants des \u00e9coles de Haute-Savoie en hommage aux r\u00e9sistants du Plateau des Gli\u00e8res le 31 mars 2019 en souvenir aux r\u00e9sistants des combats .<\/p>\n<p><a href=\"https:\/\/www.dailymotion.com\/video\/x751k9m\">https:\/\/www.dailymotion.com\/video\/x751k9m<\/a><\/p>\n","protected":false},"excerpt":{"rendered":"<p>La r\u00e9sistance se fait aussi par la chanson pour essayer d&#8217; \u00e9gayer le c\u0153ur des r\u00e9sistants et r\u00e9sistantes. Ainsi en 1943, un chant tr\u00e8s populaire est diffus\u00e9 \u00e0 la BBC, radio de Londres de la France Libre. Ecoutez les extraits &hellip; <a href=\"https:\/\/blog.uvm.edu\/maunave\/media-2\/chant-des-partisans\/\">Continue reading <span class=\"meta-nav\">&rarr;<\/span><\/a><\/p>\n","protected":false},"author":3111,"featured_media":0,"parent":208,"menu_order":0,"comment_status":"closed","ping_status":"closed","template":"","meta":{"footnotes":""},"class_list":["post-214","page","type-page","status-publish","hentry"],"_links":{"self":[{"href":"https:\/\/blog.uvm.edu\/maunave\/wp-json\/wp\/v2\/pages\/214","targetHints":{"allow":["GET"]}}],"collection":[{"href":"https:\/\/blog.uvm.edu\/maunave\/wp-json\/wp\/v2\/pages"}],"about":[{"href":"https:\/\/blog.uvm.edu\/maunave\/wp-json\/wp\/v2\/types\/page"}],"author":[{"embeddable":true,"href":"https:\/\/blog.uvm.edu\/maunave\/wp-json\/wp\/v2\/users\/3111"}],"replies":[{"embeddable":true,"href":"https:\/\/blog.uvm.edu\/maunave\/wp-json\/wp\/v2\/comments?post=214"}],"version-history":[{"count":5,"href":"https:\/\/blog.uvm.edu\/maunave\/wp-json\/wp\/v2\/pages\/214\/revisions"}],"predecessor-version":[{"id":337,"href":"https:\/\/blog.uvm.edu\/maunave\/wp-json\/wp\/v2\/pages\/214\/revisions\/337"}],"up":[{"embeddable":true,"href":"https:\/\/blog.uvm.edu\/maunave\/wp-json\/wp\/v2\/pages\/208"}],"wp:attachment":[{"href":"https:\/\/blog.uvm.edu\/maunave\/wp-json\/wp\/v2\/media?parent=214"}],"curies":[{"name":"wp","href":"https:\/\/api.w.org\/{rel}","templated":true}]}}