{"id":210,"date":"2019-04-01T04:18:33","date_gmt":"2019-04-01T08:18:33","guid":{"rendered":"http:\/\/blog.uvm.edu\/maunave\/?page_id=210"},"modified":"2020-02-24T16:56:17","modified_gmt":"2020-02-24T21:56:17","slug":"video-de-macron-au-plateau-des-glieres","status":"publish","type":"page","link":"https:\/\/blog.uvm.edu\/maunave\/media-2\/video-de-macron-au-plateau-des-glieres\/","title":{"rendered":"Video de Macron au Plateau des Gli\u00e8res"},"content":{"rendered":"<p>Discours prononc\u00e9 par le pr\u00e9sident fran\u00e7ais Emmanuel Macron le 31 mars 2019 au Plateau des Gli\u00e8res en Haute-Savoie en hommage aux 129 r\u00e9sistants morts en mars 1944, des\u00a0r\u00e9sistants qui ont combattu le r\u00e9gime nazi et la France de Vichy lors de la Seconde Guerre mondiale sur le plateau des Gli\u00e8res en Haute-Savoie. Le pr\u00e9sident a mis en avant les &#8220;le\u00e7ons&#8221; qu&#8217;ils ont transmises \u00e0 la France.<\/p>\n<p>Ecoutez ce discours tr\u00e8s\u00a0 au ton tr\u00e8s grave, ce discours est tr\u00e8s important:<\/p>\n<p><a href=\"https:\/\/www.francetvinfo.fr\/politique\/emmanuel-macron\/video-emmanuel-macron-rend-hommage-aux-lecons-des-resistants-des-glieres_3258839.html\">https:\/\/www.francetvinfo.fr\/politique\/emmanuel-macron\/video-emmanuel-macron-rend-hommage-aux-lecons-des-resistants-des-glieres_3258839.html<\/a><\/p>\n<p>&nbsp;<\/p>\n<p><iframe loading=\"lazy\" title=\"Hommage \u00e0 la R\u00e9sistance int\u00e9rieure aux Gli\u00e8res - N\u00e9cropole de Morette\" width=\"640\" height=\"360\" src=\"https:\/\/www.youtube.com\/embed\/EtBOVeNY1GY?start=13&#038;feature=oembed\" frameborder=\"0\" allow=\"accelerometer; autoplay; clipboard-write; encrypted-media; gyroscope; picture-in-picture; web-share\" referrerpolicy=\"strict-origin-when-cross-origin\" allowfullscreen><\/iframe><\/p>\n","protected":false},"excerpt":{"rendered":"<p>Discours prononc\u00e9 par le pr\u00e9sident fran\u00e7ais Emmanuel Macron le 31 mars 2019 au Plateau des Gli\u00e8res en Haute-Savoie en hommage aux 129 r\u00e9sistants morts en mars 1944, des\u00a0r\u00e9sistants qui ont combattu le r\u00e9gime nazi et la France de Vichy lors &hellip; <a href=\"https:\/\/blog.uvm.edu\/maunave\/media-2\/video-de-macron-au-plateau-des-glieres\/\">Continue reading <span class=\"meta-nav\">&rarr;<\/span><\/a><\/p>\n","protected":false},"author":3111,"featured_media":0,"parent":208,"menu_order":0,"comment_status":"closed","ping_status":"closed","template":"","meta":{"footnotes":""},"class_list":["post-210","page","type-page","status-publish","hentry"],"_links":{"self":[{"href":"https:\/\/blog.uvm.edu\/maunave\/wp-json\/wp\/v2\/pages\/210","targetHints":{"allow":["GET"]}}],"collection":[{"href":"https:\/\/blog.uvm.edu\/maunave\/wp-json\/wp\/v2\/pages"}],"about":[{"href":"https:\/\/blog.uvm.edu\/maunave\/wp-json\/wp\/v2\/types\/page"}],"author":[{"embeddable":true,"href":"https:\/\/blog.uvm.edu\/maunave\/wp-json\/wp\/v2\/users\/3111"}],"replies":[{"embeddable":true,"href":"https:\/\/blog.uvm.edu\/maunave\/wp-json\/wp\/v2\/comments?post=210"}],"version-history":[{"count":6,"href":"https:\/\/blog.uvm.edu\/maunave\/wp-json\/wp\/v2\/pages\/210\/revisions"}],"predecessor-version":[{"id":262,"href":"https:\/\/blog.uvm.edu\/maunave\/wp-json\/wp\/v2\/pages\/210\/revisions\/262"}],"up":[{"embeddable":true,"href":"https:\/\/blog.uvm.edu\/maunave\/wp-json\/wp\/v2\/pages\/208"}],"wp:attachment":[{"href":"https:\/\/blog.uvm.edu\/maunave\/wp-json\/wp\/v2\/media?parent=210"}],"curies":[{"name":"wp","href":"https:\/\/api.w.org\/{rel}","templated":true}]}}