{"id":208,"date":"2019-04-01T04:08:10","date_gmt":"2019-04-01T08:08:10","guid":{"rendered":"http:\/\/blog.uvm.edu\/maunave\/?page_id=208"},"modified":"2020-02-27T12:44:31","modified_gmt":"2020-02-27T17:44:31","slug":"media-2","status":"publish","type":"page","link":"https:\/\/blog.uvm.edu\/maunave\/media-2\/","title":{"rendered":"Media"},"content":{"rendered":"\n<p>Dans cette page, vous trouverez des vid\u00e9os d&#8217;importants discours qui vous aideront \u00e0 comprendre l&#8217;impact de la Seconde Guerre Mondiale.<\/p>\n\n\n\n<ul class=\"wp-block-list\"><li><a href=\"http:\/\/video-1-reportage-sur-les-justes-parmi-les-nations\"><strong>Vid\u00e9o 1<\/strong>: <strong>La m\u00e9daille des Justes<\/strong>.<\/a> Distinction octroy\u00e9e par l&#8217; Etat d&#8217;Isra\u00ebl en reconnaissance des actes de courage des familles fran\u00e7aises qui ont cach\u00e9 des enfants juifs, des familles juives. On les appelle les <strong>Justes parmi les Justes<\/strong><\/li><\/ul>\n\n\n\n<ul class=\"wp-block-list\"><li><a href=\"http:\/\/blog.uvm.edu\/maunave\/media-2\/video-de-macron-au-plateau-des-glieres\/\"><strong>Vid\u00e9o 2<\/strong>: Discours d&#8217; Emmanuel Macron au Plateau des Gli\u00e8res<\/a>, Haute-Savoie (mars 2019). Le Plateau des Gli\u00e8res est un lieu o\u00f9 129 r\u00e9sistants sont morts pour la France en 1944. L&#8217;hommage aux r\u00e9sistants qui ont combattu le r\u00e9gime nazi et la France de Vichy.<\/li><\/ul>\n\n\n\n<ul class=\"wp-block-list\"><li><a href=\"https:\/\/blog.uvm.edu\/maunave\/media-2\/media\/\"><strong>Article<\/strong> paru dans l<strong>e journal le monde<\/strong><\/a> -1er avril 2019. Nicolas Sarkozy (pr\u00e9sident 2007-2012) et Emmanuel Macron comm\u00e9morent au Plateau des Gli\u00e8res.<\/li><\/ul>\n\n\n\n<figure class=\"wp-block-audio\"><audio controls src=\"http:\/\/blog.uvm.edu\/maunave\/files\/2020\/02\/recording20160721102737.mp3\"><\/audio><figcaption>Interview avec Marc Serratrice, r\u00e9sistant dans le Vercors- 20 juillet 2016 <\/figcaption><\/figure>\n\n\n\n<figure class=\"wp-block-audio\"><audio controls src=\"http:\/\/blog.uvm.edu\/maunave\/files\/2020\/02\/recording20160721145206.mp3\"><\/audio><figcaption>Interview avec Marc Serratrice<br \/><\/figcaption><\/figure>\n\n\n\n<p> <\/p>\n","protected":false},"excerpt":{"rendered":"<p>Dans cette page, vous trouverez des vid\u00e9os d&#8217;importants discours qui vous aideront \u00e0 comprendre l&#8217;impact de la Seconde Guerre Mondiale. Vid\u00e9o 1: La m\u00e9daille des Justes. Distinction octroy\u00e9e par l&#8217; Etat d&#8217;Isra\u00ebl en reconnaissance des actes de courage des familles &hellip; <a href=\"https:\/\/blog.uvm.edu\/maunave\/media-2\/\">Continue reading <span class=\"meta-nav\">&rarr;<\/span><\/a><\/p>\n","protected":false},"author":3111,"featured_media":0,"parent":0,"menu_order":0,"comment_status":"closed","ping_status":"closed","template":"","meta":{"footnotes":""},"class_list":["post-208","page","type-page","status-publish","hentry"],"_links":{"self":[{"href":"https:\/\/blog.uvm.edu\/maunave\/wp-json\/wp\/v2\/pages\/208","targetHints":{"allow":["GET"]}}],"collection":[{"href":"https:\/\/blog.uvm.edu\/maunave\/wp-json\/wp\/v2\/pages"}],"about":[{"href":"https:\/\/blog.uvm.edu\/maunave\/wp-json\/wp\/v2\/types\/page"}],"author":[{"embeddable":true,"href":"https:\/\/blog.uvm.edu\/maunave\/wp-json\/wp\/v2\/users\/3111"}],"replies":[{"embeddable":true,"href":"https:\/\/blog.uvm.edu\/maunave\/wp-json\/wp\/v2\/comments?post=208"}],"version-history":[{"count":12,"href":"https:\/\/blog.uvm.edu\/maunave\/wp-json\/wp\/v2\/pages\/208\/revisions"}],"predecessor-version":[{"id":369,"href":"https:\/\/blog.uvm.edu\/maunave\/wp-json\/wp\/v2\/pages\/208\/revisions\/369"}],"wp:attachment":[{"href":"https:\/\/blog.uvm.edu\/maunave\/wp-json\/wp\/v2\/media?parent=208"}],"curies":[{"name":"wp","href":"https:\/\/api.w.org\/{rel}","templated":true}]}}