{"id":203,"date":"2019-04-01T03:34:32","date_gmt":"2019-04-01T07:34:32","guid":{"rendered":"http:\/\/blog.uvm.edu\/maunave\/?page_id=203"},"modified":"2020-02-27T11:20:18","modified_gmt":"2020-02-27T16:20:18","slug":"media","status":"publish","type":"page","link":"https:\/\/blog.uvm.edu\/maunave\/media-2\/media\/","title":{"rendered":"Emmanuel Macron et Nicolas Sarkozy comm\u00e9morent le 75 eme Anniversaire des combats au Plateau des Gli\u00e8res"},"content":{"rendered":"<p>Article paru dans le journal <em>Le monde\u00a0<\/em>du 1er avril 2019<\/p>\n<p>Comm\u00e9moration\u00a0 du 75 \u00e8me anniversaire du Plateau des Gli\u00e8res (Haute-Savoie)<\/p>\n<p>Dans cet article vous lirez au sujet du 75 \u00e8me anniversaire de la comm\u00e9moration de la Bataille de Gli\u00e8res en Haute-Savoie. Emmanuel Macron et Sarkozy y ont assist\u00e9.<\/p>\n<p><a href=\"https:\/\/www.lemonde.fr\/politique\/article\/2019\/03\/31\/emmanuel-macron-et-nicolas-sarkozy-commemorent-le-75e-anniversaire-des-combats-des-glieres_5443816_823448.html\">https:\/\/www.lemonde.fr\/politique\/article\/2019\/03\/31\/emmanuel-macron-et-nicolas-sarkozy-commemorent-le-75e-anniversaire-des-combats-des-glieres_5443816_823448.html<\/a><\/p>\n","protected":false},"excerpt":{"rendered":"<p>Article paru dans le journal Le monde\u00a0du 1er avril 2019 Comm\u00e9moration\u00a0 du 75 \u00e8me anniversaire du Plateau des Gli\u00e8res (Haute-Savoie) Dans cet article vous lirez au sujet du 75 \u00e8me anniversaire de la comm\u00e9moration de la Bataille de Gli\u00e8res en &hellip; <a href=\"https:\/\/blog.uvm.edu\/maunave\/media-2\/media\/\">Continue reading <span class=\"meta-nav\">&rarr;<\/span><\/a><\/p>\n","protected":false},"author":3111,"featured_media":0,"parent":208,"menu_order":0,"comment_status":"closed","ping_status":"closed","template":"","meta":{"footnotes":""},"class_list":["post-203","page","type-page","status-publish","hentry"],"_links":{"self":[{"href":"https:\/\/blog.uvm.edu\/maunave\/wp-json\/wp\/v2\/pages\/203","targetHints":{"allow":["GET"]}}],"collection":[{"href":"https:\/\/blog.uvm.edu\/maunave\/wp-json\/wp\/v2\/pages"}],"about":[{"href":"https:\/\/blog.uvm.edu\/maunave\/wp-json\/wp\/v2\/types\/page"}],"author":[{"embeddable":true,"href":"https:\/\/blog.uvm.edu\/maunave\/wp-json\/wp\/v2\/users\/3111"}],"replies":[{"embeddable":true,"href":"https:\/\/blog.uvm.edu\/maunave\/wp-json\/wp\/v2\/comments?post=203"}],"version-history":[{"count":4,"href":"https:\/\/blog.uvm.edu\/maunave\/wp-json\/wp\/v2\/pages\/203\/revisions"}],"predecessor-version":[{"id":346,"href":"https:\/\/blog.uvm.edu\/maunave\/wp-json\/wp\/v2\/pages\/203\/revisions\/346"}],"up":[{"embeddable":true,"href":"https:\/\/blog.uvm.edu\/maunave\/wp-json\/wp\/v2\/pages\/208"}],"wp:attachment":[{"href":"https:\/\/blog.uvm.edu\/maunave\/wp-json\/wp\/v2\/media?parent=203"}],"curies":[{"name":"wp","href":"https:\/\/api.w.org\/{rel}","templated":true}]}}