{"id":20,"date":"2019-03-11T10:31:58","date_gmt":"2019-03-11T14:31:58","guid":{"rendered":"http:\/\/blog.uvm.edu\/maunave\/?page_id=20"},"modified":"2020-03-03T20:23:56","modified_gmt":"2020-03-04T01:23:56","slug":"understanding-the-war","status":"publish","type":"page","link":"https:\/\/blog.uvm.edu\/maunave\/","title":{"rendered":"Comprendre la guerre"},"content":{"rendered":"<p><iframe loading=\"lazy\" title=\"Analyse de l&#039;appel 18 juin 1940 du G\u00e9n\u00e9ral de Gaulle: R\u00e9sistance et France Libre\" width=\"640\" height=\"480\" src=\"https:\/\/www.youtube.com\/embed\/2sECL8wWrTM?feature=oembed\" frameborder=\"0\" allow=\"accelerometer; autoplay; clipboard-write; encrypted-media; gyroscope; picture-in-picture; web-share\" referrerpolicy=\"strict-origin-when-cross-origin\" allowfullscreen><\/iframe><\/p>\n","protected":false},"excerpt":{"rendered":"","protected":false},"author":3111,"featured_media":0,"parent":0,"menu_order":1,"comment_status":"closed","ping_status":"closed","template":"","meta":{"footnotes":""},"class_list":["post-20","page","type-page","status-publish","hentry"],"_links":{"self":[{"href":"https:\/\/blog.uvm.edu\/maunave\/wp-json\/wp\/v2\/pages\/20","targetHints":{"allow":["GET"]}}],"collection":[{"href":"https:\/\/blog.uvm.edu\/maunave\/wp-json\/wp\/v2\/pages"}],"about":[{"href":"https:\/\/blog.uvm.edu\/maunave\/wp-json\/wp\/v2\/types\/page"}],"author":[{"embeddable":true,"href":"https:\/\/blog.uvm.edu\/maunave\/wp-json\/wp\/v2\/users\/3111"}],"replies":[{"embeddable":true,"href":"https:\/\/blog.uvm.edu\/maunave\/wp-json\/wp\/v2\/comments?post=20"}],"version-history":[{"count":4,"href":"https:\/\/blog.uvm.edu\/maunave\/wp-json\/wp\/v2\/pages\/20\/revisions"}],"predecessor-version":[{"id":398,"href":"https:\/\/blog.uvm.edu\/maunave\/wp-json\/wp\/v2\/pages\/20\/revisions\/398"}],"wp:attachment":[{"href":"https:\/\/blog.uvm.edu\/maunave\/wp-json\/wp\/v2\/media?parent=20"}],"curies":[{"name":"wp","href":"https:\/\/api.w.org\/{rel}","templated":true}]}}