{"id":196,"date":"2019-03-28T06:14:25","date_gmt":"2019-03-28T10:14:25","guid":{"rendered":"http:\/\/blog.uvm.edu\/maunave\/?page_id=196"},"modified":"2019-04-25T05:00:52","modified_gmt":"2019-04-25T09:00:52","slug":"que-signifie-resister-pour-une-femme","status":"publish","type":"page","link":"https:\/\/blog.uvm.edu\/maunave\/le-role-des-femmes-dans-la-resistance\/que-signifie-resister-pour-une-femme\/","title":{"rendered":"Que signifie r\u00e9sister pour une femme?"},"content":{"rendered":"<p>Etre une femme r\u00e9sistante<\/p>\n<p>Entrer dans la r\u00e9sistance lorsqu&#8217;on est femme n&#8217; est pas une chose simple pendant la seconde guerre mondiale d&#8217; autant plus qu&#8217;en 1940 les femmes en France n&#8217; ont toujours pas acquis le droit de vote. Il faudra donc attendre le 21 avril 1944, le droit de vote est accord\u00e9 aux femmes en France par une ordonnance (apr\u00e8s un amendement du communiste Fernand Grenier) du Comit\u00e9 fran\u00e7ais de la Lib\u00e9ration nationale, sign\u00e9e par Charles de Gaulle depuis Alger.<\/p>\n<p>Ecoutez le t\u00e9moignage de Lucie Aubrac, grande r\u00e9sistante fran\u00e7aise pendant la Seconde Guerre.<\/p>\n<p><a href=\"https:\/\/education.francetv.fr\/matiere\/epoque-contemporaine\/troisieme\/video\/lucie-aubrac-resister-c-etait-d-abord-informer\">https:\/\/education.francetv.fr\/matiere\/epoque-contemporaine\/troisieme\/video\/lucie-aubrac-resister-c-etait-d-abord-informer<\/a><\/p>\n<p>&nbsp;<\/p>\n<p>&nbsp;<\/p>\n","protected":false},"excerpt":{"rendered":"<p>Etre une femme r\u00e9sistante Entrer dans la r\u00e9sistance lorsqu&#8217;on est femme n&#8217; est pas une chose simple pendant la seconde guerre mondiale d&#8217; autant plus qu&#8217;en 1940 les femmes en France n&#8217; ont toujours pas acquis le droit de vote. &hellip; <a href=\"https:\/\/blog.uvm.edu\/maunave\/le-role-des-femmes-dans-la-resistance\/que-signifie-resister-pour-une-femme\/\">Continue reading <span class=\"meta-nav\">&rarr;<\/span><\/a><\/p>\n","protected":false},"author":3111,"featured_media":0,"parent":194,"menu_order":0,"comment_status":"closed","ping_status":"closed","template":"","meta":{"footnotes":""},"class_list":["post-196","page","type-page","status-publish","hentry"],"_links":{"self":[{"href":"https:\/\/blog.uvm.edu\/maunave\/wp-json\/wp\/v2\/pages\/196","targetHints":{"allow":["GET"]}}],"collection":[{"href":"https:\/\/blog.uvm.edu\/maunave\/wp-json\/wp\/v2\/pages"}],"about":[{"href":"https:\/\/blog.uvm.edu\/maunave\/wp-json\/wp\/v2\/types\/page"}],"author":[{"embeddable":true,"href":"https:\/\/blog.uvm.edu\/maunave\/wp-json\/wp\/v2\/users\/3111"}],"replies":[{"embeddable":true,"href":"https:\/\/blog.uvm.edu\/maunave\/wp-json\/wp\/v2\/comments?post=196"}],"version-history":[{"count":7,"href":"https:\/\/blog.uvm.edu\/maunave\/wp-json\/wp\/v2\/pages\/196\/revisions"}],"predecessor-version":[{"id":222,"href":"https:\/\/blog.uvm.edu\/maunave\/wp-json\/wp\/v2\/pages\/196\/revisions\/222"}],"up":[{"embeddable":true,"href":"https:\/\/blog.uvm.edu\/maunave\/wp-json\/wp\/v2\/pages\/194"}],"wp:attachment":[{"href":"https:\/\/blog.uvm.edu\/maunave\/wp-json\/wp\/v2\/media?parent=196"}],"curies":[{"name":"wp","href":"https:\/\/api.w.org\/{rel}","templated":true}]}}