{"id":194,"date":"2019-03-28T06:13:45","date_gmt":"2019-03-28T10:13:45","guid":{"rendered":"http:\/\/blog.uvm.edu\/maunave\/?page_id=194"},"modified":"2020-02-24T12:50:47","modified_gmt":"2020-02-24T17:50:47","slug":"le-role-des-femmes-dans-la-resistance","status":"publish","type":"page","link":"https:\/\/blog.uvm.edu\/maunave\/le-role-des-femmes-dans-la-resistance\/","title":{"rendered":"Le r\u00f4le des Femmes dans la R\u00e9sistance"},"content":{"rendered":"<div id=\"attachment_245\" style=\"width: 246px\" class=\"wp-caption alignright\"><img loading=\"lazy\" decoding=\"async\" aria-describedby=\"caption-attachment-245\" class=\"wp-image-245 size-medium\" src=\"http:\/\/blog.uvm.edu\/maunave\/files\/2019\/04\/106-page-12-photo-236x300-1-236x300.jpg\" alt=\"Marie Foucarde grande r\u00e9sistante pendant la Seconde Guerre mondiale\" width=\"236\" height=\"300\" \/><p id=\"caption-attachment-245\" class=\"wp-caption-text\">Marie Foucarde grande r\u00e9sistante pendant la Seconde guerre mondiale<\/p><\/div>\n<p>Dans cette sub-cat\u00e9gorie, nous allons \u00e9tudier le r\u00f4le des femmes dans la R\u00e9sistance et leur grande contribution incommensurable.<\/p>\n","protected":false},"excerpt":{"rendered":"<p>Dans cette sub-cat\u00e9gorie, nous allons \u00e9tudier le r\u00f4le des femmes dans la R\u00e9sistance et leur grande contribution incommensurable.<\/p>\n","protected":false},"author":3111,"featured_media":0,"parent":0,"menu_order":0,"comment_status":"closed","ping_status":"closed","template":"","meta":{"footnotes":""},"class_list":["post-194","page","type-page","status-publish","hentry"],"_links":{"self":[{"href":"https:\/\/blog.uvm.edu\/maunave\/wp-json\/wp\/v2\/pages\/194","targetHints":{"allow":["GET"]}}],"collection":[{"href":"https:\/\/blog.uvm.edu\/maunave\/wp-json\/wp\/v2\/pages"}],"about":[{"href":"https:\/\/blog.uvm.edu\/maunave\/wp-json\/wp\/v2\/types\/page"}],"author":[{"embeddable":true,"href":"https:\/\/blog.uvm.edu\/maunave\/wp-json\/wp\/v2\/users\/3111"}],"replies":[{"embeddable":true,"href":"https:\/\/blog.uvm.edu\/maunave\/wp-json\/wp\/v2\/comments?post=194"}],"version-history":[{"count":4,"href":"https:\/\/blog.uvm.edu\/maunave\/wp-json\/wp\/v2\/pages\/194\/revisions"}],"predecessor-version":[{"id":260,"href":"https:\/\/blog.uvm.edu\/maunave\/wp-json\/wp\/v2\/pages\/194\/revisions\/260"}],"wp:attachment":[{"href":"https:\/\/blog.uvm.edu\/maunave\/wp-json\/wp\/v2\/media?parent=194"}],"curies":[{"name":"wp","href":"https:\/\/api.w.org\/{rel}","templated":true}]}}