{"id":154,"date":"2019-03-26T11:03:08","date_gmt":"2019-03-26T15:03:08","guid":{"rendered":"http:\/\/blog.uvm.edu\/maunave\/?page_id=154"},"modified":"2019-03-28T05:44:56","modified_gmt":"2019-03-28T09:44:56","slug":"biographie-de-jean-prevost-et-le-vercors","status":"publish","type":"page","link":"https:\/\/blog.uvm.edu\/maunave\/jean-prevost-resistant-du-vercors\/biographie-de-jean-prevost-et-le-vercors\/","title":{"rendered":"Biographie de Jean Pr\u00e9vost et le Vercors"},"content":{"rendered":"<p><strong>1. L&#8217;HOMME, L&#8217;ECRIVAIN<\/strong><\/p>\n<p><img loading=\"lazy\" decoding=\"async\" class=\"alignright size-medium wp-image-73\" src=\"http:\/\/blog.uvm.edu\/maunave\/files\/2019\/03\/prevost-jean-3-222x300.jpg\" alt=\"\" width=\"222\" height=\"300\" srcset=\"https:\/\/blog.uvm.edu\/maunave\/files\/2019\/03\/prevost-jean-3-222x300.jpg 222w, https:\/\/blog.uvm.edu\/maunave\/files\/2019\/03\/prevost-jean-3-768x1039.jpg 768w, https:\/\/blog.uvm.edu\/maunave\/files\/2019\/03\/prevost-jean-3-757x1024.jpg 757w\" sizes=\"auto, (max-width: 222px) 100vw, 222px\" \/><\/p>\n<p><strong>1901:<\/strong> Naissance \u00e0 Saint Pierre les Nemours (d\u00e9partement de la Seine et Marne)<\/p>\n<p><strong>1907:\u00a0<\/strong>Son p\u00e8re est nomm\u00e9 directeur de l&#8217; \u00e9cole primaire sup\u00e9rieure de Montvilliers, c&#8217; est le d\u00e9but, en pays de Caux, de la p\u00e9riode normande de Jean-Pr\u00e9vost.<\/p>\n<p><strong>1918:<\/strong> Il pr\u00e9pare l&#8217; Ecole Normale Sup\u00e9rieure au lyc\u00e9e Henri IV \u00e0 Paris (Prep school) avec le <strong>philosophe Alain\u00a0<\/strong>comme professeur.<\/p>\n<p><strong>1919\u00a0<\/strong> :Entr\u00e9e \u00e0 l&#8217; Ecole Normale Sup\u00e9rieure<\/p>\n<p><strong>1926:<\/strong>\u00a0Il se marie avec Marcelle Auclair. Ils ont trois enfants: Michel, Fran\u00e7ois, Alain. Il divorce en 1939.<\/p>\n<p><strong>1939: <\/strong>C&#8217; est la guerre, il est mobilis\u00e9<\/p>\n<p><strong>1940:\u00a0<\/strong>Il se marie avec Claude Van Bi\u00e9ma. La France est vaincue, Jean Pr\u00e9vost est d\u00e9mobilis\u00e9<\/p>\n<p><strong>1941:\u00a0<\/strong>Il vient \u00e0 Lyon, journaliste de\u00a0<em>Paris-Soir<\/em><\/p>\n<p><strong>L&#8217;\u00e9crivain<\/strong><\/p>\n<p>Publication d&#8217;un premier essai en 1924. En tout, il publie une trentaine de livres.<\/p>\n<p>Il dit toujours qu&#8217;il sera un \u00e9crivain d&#8217; apr\u00e8s la quarantaine et que ses \u00e9crits sont une sorte d&#8217; exercice pr\u00e9alable \u00e0 cela.<\/p>\n<p>Lisez l&#8217; article de J\u00e9r\u00f4me Garcin, journaliste au nouvel Obs sur Jean Pr\u00e9vost: <a href=\"https:\/\/bibliobs.nouvelobs.com\/la-tendance-de-jerome-garcin\/20140811.OBS6075\/le-jour-ou-jean-prevost-poete-et-resistant-fut-execute.html\">https:\/\/bibliobs.nouvelobs.com\/la-tendance-de-jerome-garcin\/20140811.OBS6075\/le-jour-ou-jean-prevost-poete-et-resistant-fut-execute.html<\/a><\/p>\n<p><strong>Le journaliste<\/strong><\/p>\n<p>Ce sera pour lui le c\u00f4t\u00e9 de son m\u00e9tier d&#8217; \u00e9crivain qui lui permettra de gagner sa vie. Il publie dans un grand nombre de journaux et revues mais toujours librement, sans \u00eatre attach\u00e9 \u00e0 un journal pr\u00e9cis. On dirait\u00a0 <em><strong>free lance <\/strong><\/em>aujourd&#8217;hui : il tient un fichier des journaux qu&#8217;il appr\u00e9cie et leur propose des articles qui suivent souvent l&#8217; actualit\u00e9. Il est capable d&#8217; \u00e9crire sur des sujets d&#8217;une grande vari\u00e9t\u00e9. :l&#8217; architecture, la philosophie, l&#8217; \u00e9rotisme, le cin\u00e9ma, le sport.<\/p>\n<p><strong>Premier contact avec le Vercors<\/strong><\/p>\n<p>A partir du moment o\u00f9 il vit \u00e0 Lyon, il vient fr\u00e9quemment \u00e0 Grenoble pour trouver mati\u00e8re \u00e0 sa th\u00e8se sur Stendhal qu&#8217;il pr\u00e9pare. Il en profite pour rendre visite \u00e0 son ami Pierre Dalloz aux C\u00f4tes de Sassenage.<\/p>\n<p>C&#8217; est l\u00e0 qu&#8217; en mars 1941, Dalloz a l&#8217;intuition que le <strong>Vercors pourrait \u00eatre utilis\u00e9 militairement<\/strong> dans le cadre d&#8217;op\u00e9ration de lib\u00e9ration de la France. Il fait part de son intuition \u00e0 Jean Pr\u00e9vost.<\/p>\n<p>Plus tard, reprise par Dalloz, l&#8217;id\u00e9e deviendra <strong>le projet Montagnards\u00a0<\/strong>qui sera accept\u00e9 par les services de la France Libre \u00e0 <strong>Londres\u00a0<\/strong>et deviendra le fil directeur de l&#8217;organisation du Vercors de la R\u00e9sistance.<\/p>\n<p><strong>2. JEAN PREVOST RESISTANT<\/strong><\/p>\n<p>Lieutenant de r\u00e9serve avant la guerre, Jean Pr\u00e9vost entretient pourtant vis \u00e0 vis de l&#8217; arm\u00e9e une certaine distance. Il \u00e9crit: &#8220;<em>Le courage est une vertu fantasque ; on n&#8217; en est pas assur\u00e9 d&#8217; avance, et l&#8217;on se sait toujours bon gr\u00e9 d&#8217;avoir \u00e9t\u00e9 courageux. Et puis c&#8217;est la vertu qui se simule le mieux : avec des serments et de la gloriole, on obtient une fausse bravoure presque aussi que la vraie.&#8221;<\/em><\/p>\n<p>Mobilis\u00e9 en 1939, \u00e9vacu\u00e9 de France envahie en 1940 par Cherbourg et Casablanca, il est d\u00e9mobilis\u00e9 et rentre en France en ao\u00fbt de la m\u00eame ann\u00e9e.<\/p>\n<p>Sa vie r\u00e9sistante avant le Vercors est mal connue: &#8221;\u00a0<em>Je ne sais \u00e0 quel moment mon p\u00e8re est entr\u00e9\u00a0 dans la R\u00e9sistance &#8221;\u00a0<\/em>\u00e9crit son fils Michel. La clandestinit\u00e9 des actes r\u00e9sistants peut expliquer ceci.<\/p>\n<p>Sa pr\u00e9sence d\u00e8s 1941 \u00e0 Lyon, journaliste \u00e0\u00a0<em>Paris-Soir <\/em>repli\u00e9 depuis Paris, son besoin de se rendre \u00e0 Grenoble pour ses recherches sur Sendhal et son amiti\u00e9 avec Dalloz vont le rapprocher de l&#8217;organisation r\u00e9sistante du Vercors.<\/p>\n<p><strong>\u00a0 \u00a0 \u00a0 \u00a0 \u00a0 \u00a0 \u00a0 \u00a0 \u00a0 \u00a0 \u00a0 \u00a0 \u00a0 \u00a0 \u00a0 \u00a0 \u00a0 \u00a0 \u00a0 \u00a0 \u00a0 \u00a0 \u00a0 \u00a0 Rappel de ce qui se passe en Vercors d\u00e9but 1943<\/strong><\/p>\n<p>Une \u00e9quipe autour de Pierre Dalloz approfondit l&#8217; \u00e9tude du <strong>projet Montagnards.<\/strong><\/p>\n<p>Une \u00e9quipe autour d&#8217; Aim\u00e9 Pupin, Eug\u00e8ne Samuel et le noyau r\u00e9sistant de Villard s&#8217; occupe d&#8217; organiser les camps de <strong>jeunes r\u00e9fractaires au Service du Travail Obligatoire<\/strong>( Inclure la vid\u00e9o de Jean-Pierre Az\u00e9ma, historien) qui ne veulent pas part en Allemagne.t<a href=\"https:\/\/education.francetv.fr\/matiere\/epoque-contemporaine\/troisieme\/video\/le-service-du-travail-obligatoire-un-village-francais-ils-y-etaient\">https:\/\/education.francetv.fr\/matiere\/epoque-contempora<\/a><\/p>\n<p><a href=\"https:\/\/education.francetv.fr\/matiere\/epoque-contemporaine\/troisieme\/video\/le-service-du-travail-obligatoire-un-village-francais-ils-y-etaient\">ine\/troisieme\/video\/le-service-du-travail-obligatoire-un-village-francais-ils-y-etaient<\/a><\/p>\n<p>Les deux \u00e9quipes travaillent ensemble, le projet est bien lanc\u00e9 et le g\u00e9n\u00e9ral Delestraint, chef de l&#8217; Arm\u00e9e Secr\u00e8te fait une visite en Vercors.<\/p>\n<p>Mais en mai 43, les Italiens arr\u00eatent plusieurs des responsables et l&#8217;organisation est compl\u00e8tement d\u00e9mantel\u00e9e.<\/p>\n<p>Se constitue alors\u00a0<strong>un comit\u00e9 de combat<\/strong> et Jean Pr\u00e9vost en fait partie. Ce comit\u00e9 de combat continue \u00e0 pr\u00e9parer l&#8217;organisation du <strong>projet Montagnards<\/strong>: il accueille, loge et nourrit les jeunes qui ne veulent pas partir travailler en Allemagne, il rep\u00e8re des terrains pour les parachutages, il pr\u00e9pare la d\u00e9fense du Vercors.<\/p>\n<p><img loading=\"lazy\" decoding=\"async\" class=\"alignright wp-image-178\" src=\"http:\/\/blog.uvm.edu\/maunave\/files\/2019\/03\/carte-du-vercors.jpeg\" alt=\"\" width=\"369\" height=\"422\" \/><\/p>\n<p>&nbsp;<\/p>\n<p>&nbsp;<\/p>\n<p>&nbsp;<\/p>\n<p>&nbsp;<\/p>\n<p>&nbsp;<\/p>\n<p>&nbsp;<\/p>\n<p>&nbsp;<\/p>\n<p>&nbsp;<\/p>\n<p>&nbsp;<\/p>\n<p>En Avril 44, afin d&#8217; \u00eatre sur place, Jean Pr\u00e9vost et sa famille s&#8217;installent aux Valets, pr\u00e8s de Saint Agnan, dans une maison lou\u00e9e.<\/p>\n<p><img loading=\"lazy\" decoding=\"async\" class=\"aligncenter wp-image-175\" src=\"http:\/\/blog.uvm.edu\/maunave\/files\/2019\/03\/Photo-de-la-maison-de-Pre\u0301vost-vallets-300x194.jpg\" alt=\"\" width=\"470\" height=\"304\" srcset=\"https:\/\/blog.uvm.edu\/maunave\/files\/2019\/03\/Photo-de-la-maison-de-Pre\u0301vost-vallets-300x194.jpg 300w, https:\/\/blog.uvm.edu\/maunave\/files\/2019\/03\/Photo-de-la-maison-de-Pre\u0301vost-vallets.jpg 660w\" sizes=\"auto, (max-width: 470px) 100vw, 470px\" \/><\/p>\n<p><strong>3. SES COMBATS<\/strong><\/p>\n<p><strong>9 juin 44: <\/strong>Les compagnies civiles de la plaine sont appel\u00e9es \u00e0 monter dans le\u00a0 Vercors; avec les camps, elles prennent place dans le dispositif de d\u00e9fense du Vercors, qui bloque ses issues.<\/p>\n<p>Jean Pr\u00e9vost, devenu capitaine Goderville, va prendre position de Saint Nizier \u00e0 la t\u00eate d&#8217;une compagnie de maquisards.<\/p>\n<p>Jean Pr\u00e9vost a beaucoup r\u00e9fl\u00e9chi au r\u00f4le d&#8217;un chef de maquisards. Il pense que le commandement est n\u00e9cessaire mais qu&#8217;il doit \u00eatre accompagn\u00e9 d&#8217; une explications aux combattants du pourquoi des d\u00e9cisions. Il sera \u00e0 la fois cordial avec ses hommes et tr\u00e8s exigeant sur la discipline et la pr\u00e9paration au combat qui \u00e9conomise des vies humaines.<\/p>\n<p><strong>13 juin 44:\u00a0<\/strong>Les allemands attaquent pr\u00e8s de Saint Nizier. Pr\u00e9vost a sous ses ordres son fils Michel, brancardier et le gendre de son \u00e9pouse, Roland Bechmann, qui terminera la journ\u00e9e en lan\u00e7ant des gammons (bombes \u00e0 main rudimentaires au puissant effet de souffle). Le groupe des chasseurs alpins d&#8217; Abdel Chabal fait basculer la situation, les Allemands d\u00e9crochent et redescendent sur Grenoble.<\/p>\n<p><strong>15 juin 44:\u00a0<\/strong>seconde attaque sous Saint Nizier. Les allemands enfoncent les d\u00e9fenses; les maquisards se retirent sur des positions de repli.<\/p>\n<p>La compagnie de Goberville a pour mission de fermer la route aux Jarrands puis elle est envoy\u00e9e dans le secteur D&#8217;Herbouilly o\u00f9 elle doit assurer la d\u00e9fense de Valchevri\u00e8re et Pas de la Sambue.<\/p>\n<p>Quand son commandement lui en laisse le temps, Jean Pr\u00e9vost tape sur une machine \u00e0 \u00e9crire portative la nuit le texte de son essai sur l&#8217;inspiration et la cr\u00e9ation po\u00e9tique chez Baudelaire.<\/p>\n<p>Apr\u00e8s avoir solidement encercl\u00e9 le Vercors, le\u00a0<strong>21 juillet 44,\u00a0<\/strong>les Allemnds commencent l&#8217;invasion du massif du Vercors par Vassieux (planeurs), Saint Nizier et les pas de la falaise est.<\/p>\n<p><strong>Dimanche 23 juillet:\u00a0<\/strong>attaque de Valchevri\u00e8re, verrou du secteur. Jean Pr\u00e9vost a Herbouilly est tenu au courant de la situation par des porteurs de messages.<\/p>\n<p>Les combats se terminent ici et dans tout le Vercors.<\/p>\n<p>Le PC de Jean Pr\u00e9vost quitte Herbouilly.<\/p>\n<p><strong>4. LA FIN<\/strong><\/p>\n<p>Jean Pr\u00e9vost aurait cach\u00e9 son sac contenant sa machine \u00e0 \u00e9crire et le manuscrit sur Baudelaire qu&#8217;il \u00e9tait en train de terminer. On n&#8217; a jamais retrouv\u00e9 son sac.<\/p>\n<p>Heureusement, Claude la femme de Jean Pr\u00e9vost poss\u00e9dait un manuscrit qu&#8217;elle a failli perdre. L&#8217; essai pourra \u00eatre publi\u00e9 en 1953.<\/p>\n<p>Jean prevost s&#8217;est r\u00e9fugi\u00e9 dans la Grotte des F\u00e9es<\/p>\n<p>&nbsp;<\/p>\n<p>&nbsp;<\/p>\n<p>&nbsp;<\/p>\n<p>&nbsp;<\/p>\n<p>&nbsp;<\/p>\n<p>https:\/\/bibliobs.nouvelobs.com\/la-tendance-de-jerome-garcin\/20140811.OBS6075\/le-jour-ou-jean-prevost-poete-et-resistant-fut-execute.html<\/p>\n","protected":false},"excerpt":{"rendered":"<p>1. L&#8217;HOMME, L&#8217;ECRIVAIN 1901: Naissance \u00e0 Saint Pierre les Nemours (d\u00e9partement de la Seine et Marne) 1907:\u00a0Son p\u00e8re est nomm\u00e9 directeur de l&#8217; \u00e9cole primaire sup\u00e9rieure de Montvilliers, c&#8217; est le d\u00e9but, en pays de Caux, de la p\u00e9riode normande &hellip; <a href=\"https:\/\/blog.uvm.edu\/maunave\/jean-prevost-resistant-du-vercors\/biographie-de-jean-prevost-et-le-vercors\/\">Continue reading <span class=\"meta-nav\">&rarr;<\/span><\/a><\/p>\n","protected":false},"author":3111,"featured_media":0,"parent":56,"menu_order":0,"comment_status":"closed","ping_status":"closed","template":"","meta":{"footnotes":""},"class_list":["post-154","page","type-page","status-publish","hentry"],"_links":{"self":[{"href":"https:\/\/blog.uvm.edu\/maunave\/wp-json\/wp\/v2\/pages\/154","targetHints":{"allow":["GET"]}}],"collection":[{"href":"https:\/\/blog.uvm.edu\/maunave\/wp-json\/wp\/v2\/pages"}],"about":[{"href":"https:\/\/blog.uvm.edu\/maunave\/wp-json\/wp\/v2\/types\/page"}],"author":[{"embeddable":true,"href":"https:\/\/blog.uvm.edu\/maunave\/wp-json\/wp\/v2\/users\/3111"}],"replies":[{"embeddable":true,"href":"https:\/\/blog.uvm.edu\/maunave\/wp-json\/wp\/v2\/comments?post=154"}],"version-history":[{"count":29,"href":"https:\/\/blog.uvm.edu\/maunave\/wp-json\/wp\/v2\/pages\/154\/revisions"}],"predecessor-version":[{"id":193,"href":"https:\/\/blog.uvm.edu\/maunave\/wp-json\/wp\/v2\/pages\/154\/revisions\/193"}],"up":[{"embeddable":true,"href":"https:\/\/blog.uvm.edu\/maunave\/wp-json\/wp\/v2\/pages\/56"}],"wp:attachment":[{"href":"https:\/\/blog.uvm.edu\/maunave\/wp-json\/wp\/v2\/media?parent=154"}],"curies":[{"name":"wp","href":"https:\/\/api.w.org\/{rel}","templated":true}]}}