{"id":150,"date":"2019-03-26T10:39:09","date_gmt":"2019-03-26T14:39:09","guid":{"rendered":"http:\/\/blog.uvm.edu\/maunave\/?page_id=150"},"modified":"2020-02-24T16:30:04","modified_gmt":"2020-02-24T21:30:04","slug":"definitions-de-regime-de-vichy-gestapo-milice","status":"publish","type":"page","link":"https:\/\/blog.uvm.edu\/maunave\/understanding-the-war\/definitions-de-regime-de-vichy-gestapo-milice\/","title":{"rendered":"D\u00e9finitions de r\u00e9gime de Vichy, Gestapo, Milice"},"content":{"rendered":"<h2>D\u00e9finitions<\/h2>\n<p><strong>Le r\u00e9gime de Vichy<\/strong> (ou r\u00e9gime de l&#8217;\u00c9tat fran\u00e7ais) est un r\u00e9gime politique fran\u00e7ais qui dure quatre ans, du 10 juillet 1940 au 20 ao\u00fbt 1944, pendant l&#8217;Occupation allemande.<\/p>\n<p><strong>Le chef d&#8217;\u00c9tat<\/strong> est <strong>P\u00e9tain<\/strong>.<\/p>\n<p>Dix mois apr\u00e8s <strong>le d\u00e9but de la Seconde Guerre mondiale<\/strong>, la France est vaincue par l&#8217;Allemagne nazie. Cela veut dire que la France perd contre l\u2019Allemagne nazie.<\/p>\n<p><strong>Cons\u00e9quence<\/strong>\u00a0: l\u2019Allemagne occupe pr\u00e8s de la moiti\u00e9 de la France.<\/p>\n<p>P\u00e9tain devient pr\u00e9sident du Conseil le 16 juin 1940.<\/p>\n<p>Le 22 juin 1940 P\u00e9tain <strong>signe l&#8217;armistice<\/strong> avec <strong>Hitler<\/strong>. La France doit payer \u00e0 l&#8217;Allemagne une lourde indemnit\u00e9 de guerre (de l\u2019argent) et doit assurer <strong>l&#8217;entretien des troupes d&#8217;occupation<\/strong>.<\/p>\n<p>La France est divis\u00e9e en deux parties : <strong>la zone occup\u00e9e au nord<\/strong>, sous l&#8217;autorit\u00e9 directe de l&#8217;occupant allemand, et <strong>la \u00ab zone libre<\/strong> \u00bb au sud, sous l&#8217;autorit\u00e9 du gouvernement de l&#8217;\u00c9tat fran\u00e7ais.<\/p>\n<p>Le <strong>gouvernement s&#8217;installe \u00e0 Vichy <\/strong>en \u00ab zone libre \u00bb, et P\u00e9tain obtient de la majorit\u00e9 du Parlement les pleins pouvoirs pour r\u00e9diger <strong>une nouvelle Constitution<\/strong>, qui remplace celle de 1875. Il prend <strong>le titre de \u00ab chef de l&#8217;\u00c9tat fran\u00e7ais<\/strong> \u00bb et nomme Pierre Laval, partisan d&#8217;une collaboration active avec les Allemands.<\/p>\n<p>En 1944, les <strong>forces alli\u00e9es<\/strong> d\u00e9barquent en France (en Normandie et dans le Sud-Est)<\/p>\n<p>P\u00e9tain continue le combat contre la R\u00e9sistance, ordonne aux fonctionnaires de Vichy de rester \u00e0 leur poste.<\/p>\n<p>Le 9 ao\u00fbt 1944, le Gouvernement Provisoire de la R\u00e9publique fran\u00e7aise (GPRF), dirig\u00e9 par le g\u00e9n\u00e9ral de Gaulle, <strong>d\u00e9clare nul et non avenu<\/strong> le R\u00e9gime de Vichy, dispose que la \u00ab R\u00e9publique n&#8217;a pas cess\u00e9 d&#8217;exister \u00bb car incarn\u00e9e par lui, et prend donc la direction du pays.<\/p>\n<p>P\u00e9tain fuit en Allemagne.<\/p>\n<p>Il <strong>est arr\u00eat\u00e9, jug\u00e9 et condamn\u00e9 \u00e0 mort.<\/strong><\/p>\n<p>De Gaulle d\u00e9cide de le gracier en souvenir du h\u00e9ros de la Premi\u00e8re Guerre mondiale.<\/p>\n<p><strong>La Gestapo<\/strong> signifie \u00ab Police secr\u00e8te d&#8217;\u00c9tat allemand \u00bb, \u00e9tait <strong>la police politique du Troisi\u00e8me Reich.<\/strong><\/p>\n<p>La Gestapo est dirig\u00e9e par Heinrich <strong>M\u00fcller <\/strong>de 1934 \u00e0 1945.<\/p>\n<p>La Gestapo est charg\u00e9e de <strong>lutter contre les adversaires du r\u00e9gime nazi<\/strong> ou <strong>les r\u00e9sistants<\/strong> dans les pays occup\u00e9s.<\/p>\n<p>Elle joue un r\u00f4le essentiel dans <strong>l&#8217;extermination des Juifs<\/strong> d&#8217;Europe.<\/p>\n<p><strong>La Milice<\/strong> est une organisation politique et paramilitaire fran\u00e7aise cr\u00e9\u00e9e le 30 janvier 1943 par le r\u00e9gime de Vichy pour lutter <strong>contre la R\u00e9sistance<\/strong>, qualifi\u00e9e de <strong>terroriste.<\/strong><\/p>\n<p>Les miliciens participent \u00e0 la traque des Juifs, des r\u00e9fractaires au STO (Service du Travail Obligatoire)<\/p>\n<p>Le chef officiel de la Milice \u00e9tait <strong>Pierre Laval<\/strong>.<\/p>\n<p>Organisation de type fasciste, c\u2019est un mouvement r\u00e9volutionnaire, \u00e0 la fois <strong>antir\u00e9publicain<\/strong>, <strong>antis\u00e9mite<\/strong>, <strong>anticommuniste<\/strong>, <strong>contre le capitalisme international.<\/strong><\/p>\n","protected":false},"excerpt":{"rendered":"<p>D\u00e9finitions Le r\u00e9gime de Vichy (ou r\u00e9gime de l&#8217;\u00c9tat fran\u00e7ais) est un r\u00e9gime politique fran\u00e7ais qui dure quatre ans, du 10 juillet 1940 au 20 ao\u00fbt 1944, pendant l&#8217;Occupation allemande. Le chef d&#8217;\u00c9tat est P\u00e9tain. Dix mois apr\u00e8s le d\u00e9but &hellip; <a href=\"https:\/\/blog.uvm.edu\/maunave\/understanding-the-war\/definitions-de-regime-de-vichy-gestapo-milice\/\">Continue reading <span class=\"meta-nav\">&rarr;<\/span><\/a><\/p>\n","protected":false},"author":3111,"featured_media":0,"parent":20,"menu_order":0,"comment_status":"closed","ping_status":"closed","template":"","meta":{"footnotes":""},"class_list":["post-150","page","type-page","status-publish","hentry"],"_links":{"self":[{"href":"https:\/\/blog.uvm.edu\/maunave\/wp-json\/wp\/v2\/pages\/150","targetHints":{"allow":["GET"]}}],"collection":[{"href":"https:\/\/blog.uvm.edu\/maunave\/wp-json\/wp\/v2\/pages"}],"about":[{"href":"https:\/\/blog.uvm.edu\/maunave\/wp-json\/wp\/v2\/types\/page"}],"author":[{"embeddable":true,"href":"https:\/\/blog.uvm.edu\/maunave\/wp-json\/wp\/v2\/users\/3111"}],"replies":[{"embeddable":true,"href":"https:\/\/blog.uvm.edu\/maunave\/wp-json\/wp\/v2\/comments?post=150"}],"version-history":[{"count":5,"href":"https:\/\/blog.uvm.edu\/maunave\/wp-json\/wp\/v2\/pages\/150\/revisions"}],"predecessor-version":[{"id":295,"href":"https:\/\/blog.uvm.edu\/maunave\/wp-json\/wp\/v2\/pages\/150\/revisions\/295"}],"up":[{"embeddable":true,"href":"https:\/\/blog.uvm.edu\/maunave\/wp-json\/wp\/v2\/pages\/20"}],"wp:attachment":[{"href":"https:\/\/blog.uvm.edu\/maunave\/wp-json\/wp\/v2\/media?parent=150"}],"curies":[{"name":"wp","href":"https:\/\/api.w.org\/{rel}","templated":true}]}}