{"id":141,"date":"2019-03-21T10:01:07","date_gmt":"2019-03-21T14:01:07","guid":{"rendered":"http:\/\/blog.uvm.edu\/maunave\/?page_id=141"},"modified":"2019-03-26T10:32:40","modified_gmt":"2019-03-26T14:32:40","slug":"petain-et-le-regime-de-vichy","status":"publish","type":"page","link":"https:\/\/blog.uvm.edu\/maunave\/understanding-the-war\/petain-et-le-regime-de-vichy\/","title":{"rendered":"P\u00e9tain et le r\u00e9gime de Vichy"},"content":{"rendered":"<p>Le r\u00e9gime\u00a0 de Vichy<\/p>\n<p>&nbsp;<\/p>\n<p>&nbsp;<\/p>\n<p>Juillet 1940-ao\u00fbt 1944\u00a0: le <strong>r\u00e9gime de Vichy<\/strong> (ou r\u00e9gime de l&#8217;\u00c9tat fran\u00e7ais) est un r\u00e9gime politique fran\u00e7ais sous <strong>l&#8217;occupation nazie.<\/strong><\/p>\n<p>Le chef d&#8217;\u00c9tat est le <strong>mar\u00e9chal P\u00e9tain<\/strong><\/p>\n<p>L&#8217;arm\u00e9e allemande occupe\u00a0 la moiti\u00e9 de la France.<\/p>\n<p>Juin 1940\u00a0: P\u00e9tain \u00a0devient pr\u00e9sident du conseil.<\/p>\n<p>Juin 1940\u00a0: P\u00e9tain\u00a0 \u00a0donne l&#8217;ordre de signer l&#8217;accord de l&#8217;armistice avec \u00a0Hitler. La France doit verser \u00e0 l&#8217;Allemagne une lourde indemnit\u00e9 de guerre et doit assurer l&#8217;entretien des troupes d&#8217;occupation.<\/p>\n<p><strong>L&#8217;Alsace <\/strong>et la <strong>Moselle<\/strong> sont annex\u00e9es au Reich \u00a0et le reste du territoire fran\u00e7ais devient divis\u00e9 en deux parties\u00a0: la zone occup\u00e9e au nord, sous l&#8217;autorit\u00e9 directe de l&#8217;occupant allemand, et la \u00a0zone libre au sud, sous l&#8217;autorit\u00e9 du gouvernement de l&#8217;\u00c9tat fran\u00e7ais.<\/p>\n<p>Le gouvernement s&#8217;installe \u00e0 Vichy en \u00ab\u00a0<strong>zone libre<\/strong>\u00a0\u00bb, et P\u00e9tain obtient de la majorit\u00e9 du Parlement les pleins pouvoirs. La collaboration a plusieurs formes: coop\u00e9ration \u00e9conomique, arrestations de r\u00e9sistants, de francs-ma\u00e7ons, et d&#8217;opposants politiques ainsi que de rafles de Juifs rafle (raid) \u00a0du Vel d\u2019Hiv\u00a0: 16-17 juillet 1942.<\/p>\n<p>11 novembre 1942\u00a0: La libert\u00e9 de la zone sud est plus th\u00e9orique que r\u00e9elle, l&#8217;arm\u00e9e d&#8217;occupation envahit cette zone. Les autorit\u00e9s militaires allemandes \u00a0contr\u00f4lent et dirigent. L&#8217;\u00c9tat fran\u00e7ais instaure alors le service du travail obligatoire (STO) et laisse <strong>la Milice<\/strong> chasser les r\u00e9sistants et les Juifs.<\/p>\n<p>&nbsp;<\/p>\n<p>&nbsp;<\/p>\n<p>&nbsp;<\/p>\n","protected":false},"excerpt":{"rendered":"<p>Le r\u00e9gime\u00a0 de Vichy &nbsp; &nbsp; Juillet 1940-ao\u00fbt 1944\u00a0: le r\u00e9gime de Vichy (ou r\u00e9gime de l&#8217;\u00c9tat fran\u00e7ais) est un r\u00e9gime politique fran\u00e7ais sous l&#8217;occupation nazie. Le chef d&#8217;\u00c9tat est le mar\u00e9chal P\u00e9tain L&#8217;arm\u00e9e allemande occupe\u00a0 la moiti\u00e9 de la &hellip; <a href=\"https:\/\/blog.uvm.edu\/maunave\/understanding-the-war\/petain-et-le-regime-de-vichy\/\">Continue reading <span class=\"meta-nav\">&rarr;<\/span><\/a><\/p>\n","protected":false},"author":3111,"featured_media":0,"parent":20,"menu_order":0,"comment_status":"closed","ping_status":"closed","template":"","meta":{"footnotes":""},"class_list":["post-141","page","type-page","status-publish","hentry"],"_links":{"self":[{"href":"https:\/\/blog.uvm.edu\/maunave\/wp-json\/wp\/v2\/pages\/141","targetHints":{"allow":["GET"]}}],"collection":[{"href":"https:\/\/blog.uvm.edu\/maunave\/wp-json\/wp\/v2\/pages"}],"about":[{"href":"https:\/\/blog.uvm.edu\/maunave\/wp-json\/wp\/v2\/types\/page"}],"author":[{"embeddable":true,"href":"https:\/\/blog.uvm.edu\/maunave\/wp-json\/wp\/v2\/users\/3111"}],"replies":[{"embeddable":true,"href":"https:\/\/blog.uvm.edu\/maunave\/wp-json\/wp\/v2\/comments?post=141"}],"version-history":[{"count":6,"href":"https:\/\/blog.uvm.edu\/maunave\/wp-json\/wp\/v2\/pages\/141\/revisions"}],"predecessor-version":[{"id":147,"href":"https:\/\/blog.uvm.edu\/maunave\/wp-json\/wp\/v2\/pages\/141\/revisions\/147"}],"up":[{"embeddable":true,"href":"https:\/\/blog.uvm.edu\/maunave\/wp-json\/wp\/v2\/pages\/20"}],"wp:attachment":[{"href":"https:\/\/blog.uvm.edu\/maunave\/wp-json\/wp\/v2\/media?parent=141"}],"curies":[{"name":"wp","href":"https:\/\/api.w.org\/{rel}","templated":true}]}}