{"id":110,"date":"2019-03-20T04:40:40","date_gmt":"2019-03-20T08:40:40","guid":{"rendered":"http:\/\/blog.uvm.edu\/maunave\/?page_id=110"},"modified":"2019-03-21T07:06:38","modified_gmt":"2019-03-21T11:06:38","slug":"chronologie-de-la-resistance-dans-le-vercors","status":"publish","type":"page","link":"https:\/\/blog.uvm.edu\/maunave\/jean-prevost-resistant-du-vercors\/chronologie-de-la-resistance-dans-le-vercors\/","title":{"rendered":"Chronologie de la R\u00e9sistance dans le Vercors"},"content":{"rendered":"<p><strong>\u00a0 \u00a0 \u00a0 \u00a0 \u00a0 \u00a0 \u00a0 \u00a0 \u00a0 \u00a0 \u00a0 \u00a0 \u00a0 \u00a0 \u00a0 \u00a0 \u00a0 \u00a0 \u00a0 \u00a0 \u00a0 \u00a0 \u00a0 \u00a0 \u00a0 \u00a0 \u00a0 \u00a0 \u00a0 \u00a0Quelques\u00a0 importantes dates<\/strong><\/p>\n<p><strong>Septembre 1943: Les Allemands remplacent les Italiens dans le Vercors<\/strong><\/p>\n<p>Imm\u00e9diatement, le ton change de l&#8217;occupation change. La R\u00e9sistance r\u00e9gionale perd tr\u00e8s vite plusieurs de ses chefs.<\/p>\n<p><strong>Novembre 1943: premier parachutage dans le Vercors<\/strong><\/p>\n<p>Premier parachutage alli\u00e9 dans le Vercors, \u00e0 Darbounouse encore. les maquisards y voient le signe d&#8217;une reconnaissance. &#8221; Nous ne sommes plus seuls!&#8221;<\/p>\n<p><strong>D\u00e9m\u00e9nagement de la famille Pr\u00e9vost.<\/strong><\/p>\n<p>Courant 43, les Pr\u00e9vost quitte Lyon pour Meylan, puis Coublevie finalement, d\u00e9but mai 1944, s&#8217;installent aux Vallets dans le Vercors. Ces d\u00e9m\u00e9nagements successifs sont \u00e9videmment motiv\u00e9s par l&#8217;implication de Jean Pr\u00e9vost dans la mise en application du projet Montagnards.<\/p>\n<p><strong>9 juin 1944: verrouillage du Vercors<\/strong><\/p>\n<p>Les compagnies civiles des agglom\u00e9rations de la plaine sont mobilis\u00e9s, les effectifs passent d&#8217;environ d&#8217;environ 400 r\u00e9fractaires dans les camps \u00e0 pr\u00e8s de 4000. Ils sont peu ou mal arm\u00e9s et manquent d&#8217; entra\u00eenement. Les acc\u00e8s au Vercors sont gard\u00e9s.<\/p>\n<p>Jean Pr\u00e9vost se voit attribuer le commandement d&#8217;une compagnie et devient ansi le capitaine de fait. Il prend le pseudonyme de\u00a0<strong>Goderville<\/strong>, du nom d&#8217;un village cauchois berceau de la famille.<\/p>\n<p>La compagnie est charg\u00e9e de d\u00e9fendre l&#8217; acc\u00e8s au Vercors par Saint-Nizier, un secteur tr\u00e8s vuln\u00e9rable car d\u00e9pourvu de d\u00e9fense naturelles. Son fils Michel, 17 ans, brancardier, est sous ses ordres.<\/p>\n<p><strong>13 et 15 juin: combats de Saint-Nizier<\/strong><\/p>\n<p><strong><img loading=\"lazy\" decoding=\"async\" class=\"\" src=\"http:\/\/blog.uvm.edu\/maunave\/files\/2019\/03\/Combats-de-Saint-Nizier-13-et-15-juin-44-1024x691.jpg\" width=\"582\" height=\"392\" \/><\/strong><\/p>\n<p>Attaque allemande le 13 juin. Les maquisards ne poss\u00e8dent qu&#8217;un seul mortier; ils suppl\u00e9ent \u00e0 leur faiblesse par l&#8217;utilisation de la grenade gammon, une arme rudimentaire au puissant effet de souflfle. Les allemands sont repouss\u00e9s.<\/p>\n<p>Le 15 juin, nouvelle attaque. Les allemands enl\u00e8vent la position.<\/p>\n<p><strong>La r\u00e9publique du Vercors<\/strong><\/p>\n<p>Les troupes du maquis se replient au del\u00e0 du no man&#8217;s land de la plaine de Lans et Villard.<\/p>\n<p>La compagnie Goderville est affect\u00e9e \u00e0 la d\u00e9fense du secteur Valchevri\u00e8re-Herbouilly; Jean Pr\u00e9vost y travaille \u00e0 organiser les positions. Absence criante d&#8217; armes adapt\u00e9es au combat en montagne. La r\u00e9publique est proclam\u00e9e le 3 juillet. Les alli\u00e9s sont encore en Normandie et les Allemands \u00e0 Grenoble.<\/p>\n<p><strong>21 juillet 1944: attaque allemande g\u00e9n\u00e9ralis\u00e9e contre le Vercors<\/strong><\/p>\n<p>Par Saint-Nizier, par les pas de la falaise est et par les planeurs atterris \u00e0 Vassieux, puissante attaque. La situation est rapidement d\u00e9sesp\u00e9r\u00e9e pour les troupes de la R\u00e9sistance: l&#8217; armement, l&#8217;exp\u00e9rience du combat et le nombre font la diff\u00e9rence<\/p>\n<p><strong>Dimanche 23 juillet: c&#8217;est la fin<\/strong><\/p>\n<p>Les derniers combats sont livr\u00e9s sur la position avanc\u00e9e de la compagnie Pr\u00e9vost tenue \u00e0 Valchevri\u00e8re par les chasseurs alpins du lieutenant Chabal. L&#8217; ordre de dispersion ayant \u00e9t\u00e9 donn\u00e9, la compagnie Pr\u00e9vost se replie vers le sud.<\/p>\n<p><strong>La Grotte des F\u00e9es\u00a0<\/strong><\/p>\n<p><img loading=\"lazy\" decoding=\"async\" class=\"size-medium wp-image-134 alignleft\" src=\"http:\/\/blog.uvm.edu\/maunave\/files\/2019\/03\/photo-Grotte-des-Fe\u0301es-Pre\u0301vost-300x186.jpg\" alt=\"\" width=\"300\" height=\"186\" srcset=\"https:\/\/blog.uvm.edu\/maunave\/files\/2019\/03\/photo-Grotte-des-Fe\u0301es-Pre\u0301vost-300x186.jpg 300w, https:\/\/blog.uvm.edu\/maunave\/files\/2019\/03\/photo-Grotte-des-Fe\u0301es-Pre\u0301vost-768x475.jpg 768w, https:\/\/blog.uvm.edu\/maunave\/files\/2019\/03\/photo-Grotte-des-Fe\u0301es-Pre\u0301vost-1024x634.jpg 1024w, https:\/\/blog.uvm.edu\/maunave\/files\/2019\/03\/photo-Grotte-des-Fe\u0301es-Pre\u0301vost.jpg 1050w\" sizes=\"auto, (max-width: 300px) 100vw, 300px\" \/><\/p>\n<p>Pendant cette semaine, Pr\u00e9vost et quelques compagnons trouvent refuge pr\u00e8s d&#8217;une grotte difficile \u00e0 trouver, dans la for\u00eat au dessus de Saint Agnan. La nourriture est rare mais il y a de l&#8217;eau.<\/p>\n<p>&nbsp;<\/p>\n<p>&nbsp;<\/p>\n<p><strong>Le Pont Charvet<\/strong><\/p>\n<p><img loading=\"lazy\" decoding=\"async\" class=\"alignright size-medium wp-image-136\" src=\"http:\/\/blog.uvm.edu\/maunave\/files\/2019\/03\/Me\u0301morial-Pont-Charvet-Sassenage-199x300.jpg\" alt=\"\" width=\"199\" height=\"300\" srcset=\"https:\/\/blog.uvm.edu\/maunave\/files\/2019\/03\/Me\u0301morial-Pont-Charvet-Sassenage-199x300.jpg 199w, https:\/\/blog.uvm.edu\/maunave\/files\/2019\/03\/Me\u0301morial-Pont-Charvet-Sassenage-768x1156.jpg 768w, https:\/\/blog.uvm.edu\/maunave\/files\/2019\/03\/Me\u0301morial-Pont-Charvet-Sassenage-680x1024.jpg 680w, https:\/\/blog.uvm.edu\/maunave\/files\/2019\/03\/Me\u0301morial-Pont-Charvet-Sassenage.jpg 796w\" sizes=\"auto, (max-width: 199px) 100vw, 199px\" \/>Contre les avis de plusieurs maquisards qui connaissent bien la r\u00e9gion, Jean Pr\u00e9vost et quatre de ses compagnons tente de sortir du Vercors par le nord.<\/p>\n<p>le 1er ao\u00fbt au matin, ils arrivent au pont Charvet, au dessus de Sassenage. Une patrouille ou un poste allemand s&#8217;y trouve.<\/p>\n<p>Il n&#8217; y a ni survivant ni t\u00e9moin. La veille, Antoine de Saint-Exup\u00e9ry n&#8217; \u00e9tait pas rentr\u00e9 d&#8217;une mission de reconnaissance a\u00e9rienne.<\/p>\n","protected":false},"excerpt":{"rendered":"<p>\u00a0 \u00a0 \u00a0 \u00a0 \u00a0 \u00a0 \u00a0 \u00a0 \u00a0 \u00a0 \u00a0 \u00a0 \u00a0 \u00a0 \u00a0 \u00a0 \u00a0 \u00a0 \u00a0 \u00a0 \u00a0 \u00a0 \u00a0 \u00a0 \u00a0 \u00a0 \u00a0 \u00a0 \u00a0 \u00a0Quelques\u00a0 importantes dates Septembre 1943: Les Allemands remplacent les Italiens dans &hellip; <a href=\"https:\/\/blog.uvm.edu\/maunave\/jean-prevost-resistant-du-vercors\/chronologie-de-la-resistance-dans-le-vercors\/\">Continue reading <span class=\"meta-nav\">&rarr;<\/span><\/a><\/p>\n","protected":false},"author":3111,"featured_media":0,"parent":56,"menu_order":0,"comment_status":"closed","ping_status":"closed","template":"","meta":{"footnotes":""},"class_list":["post-110","page","type-page","status-publish","hentry"],"_links":{"self":[{"href":"https:\/\/blog.uvm.edu\/maunave\/wp-json\/wp\/v2\/pages\/110","targetHints":{"allow":["GET"]}}],"collection":[{"href":"https:\/\/blog.uvm.edu\/maunave\/wp-json\/wp\/v2\/pages"}],"about":[{"href":"https:\/\/blog.uvm.edu\/maunave\/wp-json\/wp\/v2\/types\/page"}],"author":[{"embeddable":true,"href":"https:\/\/blog.uvm.edu\/maunave\/wp-json\/wp\/v2\/users\/3111"}],"replies":[{"embeddable":true,"href":"https:\/\/blog.uvm.edu\/maunave\/wp-json\/wp\/v2\/comments?post=110"}],"version-history":[{"count":11,"href":"https:\/\/blog.uvm.edu\/maunave\/wp-json\/wp\/v2\/pages\/110\/revisions"}],"predecessor-version":[{"id":137,"href":"https:\/\/blog.uvm.edu\/maunave\/wp-json\/wp\/v2\/pages\/110\/revisions\/137"}],"up":[{"embeddable":true,"href":"https:\/\/blog.uvm.edu\/maunave\/wp-json\/wp\/v2\/pages\/56"}],"wp:attachment":[{"href":"https:\/\/blog.uvm.edu\/maunave\/wp-json\/wp\/v2\/media?parent=110"}],"curies":[{"name":"wp","href":"https:\/\/api.w.org\/{rel}","templated":true}]}}