{"id":107,"date":"2019-03-18T13:44:30","date_gmt":"2019-03-18T17:44:30","guid":{"rendered":"http:\/\/blog.uvm.edu\/maunave\/?page_id=107"},"modified":"2019-03-18T13:48:24","modified_gmt":"2019-03-18T17:48:24","slug":"chronologie-de-lengagement-de-prevost","status":"publish","type":"page","link":"https:\/\/blog.uvm.edu\/maunave\/jean-prevost-resistant-du-vercors\/chronologie-de-lengagement-de-prevost\/","title":{"rendered":"Chronologie de l&#8217;engagement de Pr\u00e9vost"},"content":{"rendered":"<p>Ces dates vous aideront \u00e0 comprendre l&#8217;\u00e9volution de la R\u00e9sistance dans le Vercors.<\/p>\n<p><strong>Ao\u00fbt 1943 : rencontre d&#8217;organisation.<\/strong><\/p>\n<p>Les 10 et 11 ao\u00fbt, a lieu sur la prairie de Darbounouse une rencontre<\/p>\n","protected":false},"excerpt":{"rendered":"<p>Ces dates vous aideront \u00e0 comprendre l&#8217;\u00e9volution de la R\u00e9sistance dans le Vercors. Ao\u00fbt 1943 : rencontre d&#8217;organisation. Les 10 et 11 ao\u00fbt, a lieu sur la prairie de Darbounouse une rencontre<\/p>\n","protected":false},"author":3111,"featured_media":0,"parent":56,"menu_order":0,"comment_status":"closed","ping_status":"closed","template":"","meta":{"footnotes":""},"class_list":["post-107","page","type-page","status-publish","hentry"],"_links":{"self":[{"href":"https:\/\/blog.uvm.edu\/maunave\/wp-json\/wp\/v2\/pages\/107","targetHints":{"allow":["GET"]}}],"collection":[{"href":"https:\/\/blog.uvm.edu\/maunave\/wp-json\/wp\/v2\/pages"}],"about":[{"href":"https:\/\/blog.uvm.edu\/maunave\/wp-json\/wp\/v2\/types\/page"}],"author":[{"embeddable":true,"href":"https:\/\/blog.uvm.edu\/maunave\/wp-json\/wp\/v2\/users\/3111"}],"replies":[{"embeddable":true,"href":"https:\/\/blog.uvm.edu\/maunave\/wp-json\/wp\/v2\/comments?post=107"}],"version-history":[{"count":1,"href":"https:\/\/blog.uvm.edu\/maunave\/wp-json\/wp\/v2\/pages\/107\/revisions"}],"predecessor-version":[{"id":108,"href":"https:\/\/blog.uvm.edu\/maunave\/wp-json\/wp\/v2\/pages\/107\/revisions\/108"}],"up":[{"embeddable":true,"href":"https:\/\/blog.uvm.edu\/maunave\/wp-json\/wp\/v2\/pages\/56"}],"wp:attachment":[{"href":"https:\/\/blog.uvm.edu\/maunave\/wp-json\/wp\/v2\/media?parent=107"}],"curies":[{"name":"wp","href":"https:\/\/api.w.org\/{rel}","templated":true}]}}