{"id":101,"date":"2019-03-18T12:27:49","date_gmt":"2019-03-18T16:27:49","guid":{"rendered":"http:\/\/blog.uvm.edu\/maunave\/?page_id=101"},"modified":"2019-03-27T06:56:44","modified_gmt":"2019-03-27T10:56:44","slug":"prevost-dans-la-resistance-en-vercors","status":"publish","type":"page","link":"https:\/\/blog.uvm.edu\/maunave\/jean-prevost-resistant-du-vercors\/prevost-dans-la-resistance-en-vercors\/","title":{"rendered":"Pr\u00e9vost dans  la R\u00e9sistance du Vercors"},"content":{"rendered":"<p><strong>\u00a0 \u00a0 \u00a0 \u00a0 \u00a0 \u00a0 \u00a0 \u00a0 \u00a0 \u00a0 \u00a0 \u00a0 \u00a0 \u00a0 \u00a0 \u00a0 \u00a0 \u00a0 \u00a0 \u00a0 \u00a0 \u00a0 \u00a0 \u00a0 \u00a0 \u00a0 \u00a0 \u00a0 Engagement de\u00a0 Jean Pr\u00e9vost dans la R\u00e9sistance<\/strong><\/p>\n<p><strong>Mars 1941: intuition de Pierre Dalloz<\/strong><\/p>\n<p>Pr\u00e9vost vient souvent \u00e0 Grenoble consulter \u00e0 la biblioth\u00e8que , pour la th\u00e8se sur Stendhal \u00e0 laquelle il travaille. Il loge alors aux C\u00f4tes de Sassenage, chez son ami Pierre Dallioz, connu autrefois \u00e0 Paris, \u00e0 la librairie d&#8217; Adrienne Monier. Dallioz lui fait part un jour d&#8217;une intuition pour une utilisation militaire du Vercors en cas de d\u00e9barquement alli\u00e9 en Mediterran\u00e9e. Confident est doncle premier r\u00f4le de Jean Pr\u00e9vost en Vercors.<\/p>\n<p><strong>Le projet Montagnards.<\/strong><\/p>\n<p>Fin 1942, apr\u00e8s l&#8217;invasion compl\u00e8te du pays par les Allemands et, \u00e0 l&#8217;est du Rh\u00f4ne, par les italiens, Dalloz r\u00e9dige une note d\u00e9veloppant son intuition. En janvier et f\u00e9vrier 1943, Jean Moulin donne son accord ; le g\u00e9n\u00e9ral Delestraint, chef de l&#8217;Arm\u00e9e Secr\u00e8te \u00e9galement, et il donne au projet le nom de &#8220;Montagnards&#8221;. Le 12 f\u00e9vrier 1943, Delestraint soumet le projet \u00e0 l&#8217; \u00e9tat-major de de Gaulle et aux services secrets de la France Libre. Ils sont int\u00e9ress\u00e9s. Le 25 f\u00e9vrier, la B.B.C. passe le message &#8220;Les montagnards doivent continuer \u00e0 gravir les cimes.&#8221; Dalloz r\u00e9unit une \u00e9quipe, qui se met au travail, le capitaine Alain Le Ray r\u00e9digeant une \u00e9tude militaire de mise en \u0153uvre pratique du projet.<\/p>\n<p><strong>Les camps Franc-Tireur.<\/strong><\/p>\n<p>Depuis le d\u00e9but 1943 et surtout depuis f\u00e9vrier, date de mise en route du S.T.O., les r\u00e9sistants en Vercors du mouvement Franc-Tireur, proche du Parti Socialiste, doivent faire fae \u00e0 la demande de refuge de nombreux jeunes qui ne veulent pas partir travailler en Allemagne. Leur souci lancinant est la nourriture. La population du Vercors, peu ou prou, par son hospitalit\u00e9, son aide, son silence, est entr\u00e9e en r\u00e9sistance.<\/p>\n<p><strong>Montagnards et Franc-Tireurs<\/strong><\/p>\n<p>Entre les concepteurs du plan Montagnards du plan montagnards et les p\u00e8res nourriciers des camps qui, initialement, ne se connaissaient pas, la liaison s&#8217; \u00e9tablit. Des repr\u00e9sentants des responsables Franc-Tireur sont arr\u00eat\u00e9s rejoignent le groupe de travail de travail du projet Montagnards.<\/p>\n<p><strong>Une s\u00e9rie de coups durs.<\/strong><\/p>\n<p>Fin mai 1943, les occupants italiens montent une op\u00e9ration de police en Vercors. plusieurs responsables Franc-Tireur sont arr\u00eat\u00e9s, d&#8217; autres doivent se mettre en veilleuse. Dalloz est forc\u00e9 de rejoindre la clandestinit\u00e9 avant de pouvoir passer en Angleterre. L&#8217;organisation est d\u00e9mantel\u00e9e&#8230; et il y a alors en Vercors une douzaine de camps avec 400 jeunes \u00e0 cacher encore plus soigneusement et \u00e0 nourrir&#8230;Le 9 et le 21 juin, le g\u00e9n\u00e9ral Delestraint puis Jean Moulin sont arr\u00eat\u00e9s. Le vercors perd ainsi ses deux soutiens esentiels.<\/p>\n<p><strong>Un comit\u00e9 de combat.<\/strong><\/p>\n<p>Un nouvel outil d&#8217;organisation se met peu \u00e0 peu en place. Eug\u00e8ne Chavant, ancien maire de Saint Martin d&#8217;H\u00e8res destitu\u00e9 par Vichy sera responsable de toutes les questions relevant d&#8217;un pouvoir civil. Alain Le Ray, rescap\u00e9 de l&#8217; ancienne \u00e9quipe, s&#8217;occupera du volet militaire. Le Ray fait appel \u00e0 Jean Pr\u00e9vost pour faire partie de ce comit\u00e9 de combat, sur recommandation de Dalloz.<\/p>\n<p><strong>R\u00f4le de Jean Pr\u00e9vost dans ce comit\u00e9 de combat.<\/strong><\/p>\n<p>Gilles Vergnon, historien de la R\u00e9sistance\u00a0 dans le Vercors, emploie les mots de &#8220;passeur&#8221; et de &#8220;soudeur&#8221; \u00e0 propos du r\u00f4le de Pr\u00e9vost dans ce comit\u00e9. Soudeur entre les militaires, strat\u00e8ges du projet et les civils socialisants, tuteurs des camps. En effet, et notamment apr\u00e8s la d\u00e9mission de le Ray, \u00e0 la charni\u00e8re 43-44, il y aura de fortes tensions entre les uns et les autres et il faudra toute la personnalit\u00e9 et l&#8217;intelligence de Jean Pr\u00e9vost. Outre ce cot\u00e9 relationnel, Jean Pr\u00e9vost parcourt les camps pour encourager\u00a0 et les villages pour rassurer, donne ses avis critiques sur le projet, acc\u00e9l\u00e8re la formation de trentaines en vue des combats \u00e0 venir, assure des missions de liaisons \u00e0 Lyon et Paris pour alimenter les finances de l&#8217;organisation Vercors. Apr\u00e8s avoir \u00e9t\u00e9 le confident de Dalloz, c&#8217; est l\u00e0 le deuxi\u00e8me r\u00f4le de Jean Pr\u00e9vost en Vercors.<\/p>\n<p>&nbsp;<\/p>\n","protected":false},"excerpt":{"rendered":"<p>\u00a0 \u00a0 \u00a0 \u00a0 \u00a0 \u00a0 \u00a0 \u00a0 \u00a0 \u00a0 \u00a0 \u00a0 \u00a0 \u00a0 \u00a0 \u00a0 \u00a0 \u00a0 \u00a0 \u00a0 \u00a0 \u00a0 \u00a0 \u00a0 \u00a0 \u00a0 \u00a0 \u00a0 Engagement de\u00a0 Jean Pr\u00e9vost dans la R\u00e9sistance Mars 1941: intuition de Pierre &hellip; <a href=\"https:\/\/blog.uvm.edu\/maunave\/jean-prevost-resistant-du-vercors\/prevost-dans-la-resistance-en-vercors\/\">Continue reading <span class=\"meta-nav\">&rarr;<\/span><\/a><\/p>\n","protected":false},"author":3111,"featured_media":0,"parent":56,"menu_order":0,"comment_status":"closed","ping_status":"closed","template":"","meta":{"footnotes":""},"class_list":["post-101","page","type-page","status-publish","hentry"],"_links":{"self":[{"href":"https:\/\/blog.uvm.edu\/maunave\/wp-json\/wp\/v2\/pages\/101","targetHints":{"allow":["GET"]}}],"collection":[{"href":"https:\/\/blog.uvm.edu\/maunave\/wp-json\/wp\/v2\/pages"}],"about":[{"href":"https:\/\/blog.uvm.edu\/maunave\/wp-json\/wp\/v2\/types\/page"}],"author":[{"embeddable":true,"href":"https:\/\/blog.uvm.edu\/maunave\/wp-json\/wp\/v2\/users\/3111"}],"replies":[{"embeddable":true,"href":"https:\/\/blog.uvm.edu\/maunave\/wp-json\/wp\/v2\/comments?post=101"}],"version-history":[{"count":7,"href":"https:\/\/blog.uvm.edu\/maunave\/wp-json\/wp\/v2\/pages\/101\/revisions"}],"predecessor-version":[{"id":153,"href":"https:\/\/blog.uvm.edu\/maunave\/wp-json\/wp\/v2\/pages\/101\/revisions\/153"}],"up":[{"embeddable":true,"href":"https:\/\/blog.uvm.edu\/maunave\/wp-json\/wp\/v2\/pages\/56"}],"wp:attachment":[{"href":"https:\/\/blog.uvm.edu\/maunave\/wp-json\/wp\/v2\/media?parent=101"}],"curies":[{"name":"wp","href":"https:\/\/api.w.org\/{rel}","templated":true}]}}