{"id":15,"date":"2018-02-02T13:41:09","date_gmt":"2018-02-02T18:41:09","guid":{"rendered":"http:\/\/blog.uvm.edu\/hschreck-2018asaconference\/?page_id=15"},"modified":"2018-05-29T16:46:43","modified_gmt":"2018-05-29T20:46:43","slug":"program","status":"publish","type":"page","link":"https:\/\/blog.uvm.edu\/hschreck-2018asaconference\/program\/","title":{"rendered":"Program"},"content":{"rendered":"<p>AUSTRIA AND THE EAST \/ \u00d6STERREICH UND DER OSTEN<\/p>\n<p><span style=\"color: #800000\">PROGRAM AS OF MAY 29, 2018<\/span><\/p>\n<h1>Wednesday, May 30<\/h1>\n<h3>5:30-7:00 pm<\/h3>\n<p>Opening Reception<\/p>\n<p>Sugar Maple Ballroom<\/p>\n<p>Sponsored by the Botstiber Institute for Austrian-American Studies<\/p>\n<h1>Thursday, May 31<\/h1>\n<h3>8:30-9:00 am<\/h3>\n<p>Breakfast\/Registration<\/p>\n<p>Livak Fireplace Lounge and Sugar Maple Ballroom<\/p>\n<h3>9:00-9:30 am<\/h3>\n<p>Welcome\/Opening Remarks<\/p>\n<p>Livak Ballroom<\/p>\n<h3>9:30-10:30 am<\/h3>\n<p>Study Abroad in Austria<\/p>\n<p>Practical Tips for Guiding Students in Innsbruck, Salzburg, Vienna, and Beyond<\/p>\n<p>Livak Ballroom<\/p>\n<p><em>Moderator:<\/em> Kristina E. Poznan, Journal of Austrian-American History<\/p>\n<p>Study Abroad in Salzburg and Vienna<\/p>\n<p>Katherine Baber, University of Redlands<\/p>\n<p>Study Abroad in Innsbruck<\/p>\n<p>Robert Dupont, University of New Orleans<\/p>\n<p>Faculty FYI: The Administrative Side of Study Abroad Planning<\/p>\n<p>Sarah Mullen, Brown University<\/p>\n<h3>10:30-10:45 am<\/h3>\n<p>Coffee break<\/p>\n<p>Livak Fireplace Lounge<\/p>\n<p>Sponsored by Fulbright Austria<\/p>\n<h3>10:45-12:15 pm<\/h3>\n<p>Thursday Morning Panels<\/p>\n<h4>1) New Approaches to the Cold War in Austria<\/h4>\n<p>Frank Livak Ballroom<\/p>\n<p><em>Moderator:<\/em> Nicole Phelps, University of Vermont<\/p>\n<p>Humanitarian Politics? Carl J. Burckhardt between Nazi Germany and the Early Cold War<\/p>\n<p>Gerald J. Steinacher, University of Nebraska-Lincoln<\/p>\n<p>Selling the Marshall Plan<\/p>\n<p>G\u00fcnter Bischof, University of New Orleans<\/p>\n<p>Environmental History and the Cold War in Austria<\/p>\n<p>Marc Landry, University of New Orleans<\/p>\n<p>Comment<\/p>\n<p>Mark Stoler, University of Vermont<\/p>\n<h4>2) Orientalism in Literature<\/h4>\n<p>Mildred Livak Ballroom<\/p>\n<p>Moderator: Imke Meyer, University of Illinois at Chicago<\/p>\n<p>&#8220;Ein Mord ist geschehen und die Menschheit m\u00f6chte um Hilfe rufen. Sie kann es nicht.&#8221;: Karl Kraus\u2019s &#8220;Die chinesische Mauer&#8221; (1909)<\/p>\n<p>Katherine Arens, University of Texas, Austin<\/p>\n<p>Constructing Monstrosity: German Incarnations of French Demons and Orientalist Imagery in Gustav Meyrink\u2019s Der Golem (1915)<\/p>\n<p>Amy Braun, Washington University in St. Louis<\/p>\n<p>Reading the \u201cBalkan Route\u201d in Joseph Roth\u2019s Die Geschichte der 1002. Nacht<\/p>\n<p>Neil Christian Pages, Binghamton University SUNY<\/p>\n<h4>3) Applied Theory<\/h4>\n<p>Jost Foundation Room<\/p>\n<p>Moderator: Helga Schreckenberger, University of Vermont<\/p>\n<p>Wo wird die Sehnsucht gestillt, die mit uns ist auf allen Wegen?: Augustinian Longing in Peter Rosegger<\/p>\n<p>Peter Meilaender, Houghton College<\/p>\n<p>Existential Guilt in the Fiction of &#8220;Prager Kreis&#8221; Writer Johannes Urzidil (1896-1970)<\/p>\n<p>Pamela S. Saur, Lamar University<\/p>\n<p><em>Samuel Mago&#8217;s Stories and Concept of &#8220;Gl\u00fcck&#8221; as a Romani Writer Connecting Austria and Hungary<\/em><\/p>\n<p>Lorely French, Pacific University<\/p>\n<h3>12:15-1:30 pm<\/h3>\n<p>Lunch<\/p>\n<p>Sugar Maple Ballroom<\/p>\n<h3>1:30-2:45 pm<\/h3>\n<p>Thursday Early Afternoon Panels<\/p>\n<h4>4) Austrian Film<\/h4>\n<p>Frank Livak Ballroom<\/p>\n<p>Moderator: Bridget Swanson, University of Vermont<\/p>\n<p>The East in Austrian Road Movies<\/p>\n<p>Maria Hofmann, Middlebury College<\/p>\n<p>Else goes East: Anna Martinetz\u2019s Indian Adaptation of Fr\u00e4ulein Else<\/p>\n<p>Richard Lambert III, Washington University in St. Louis<\/p>\n<p>Chromatic Revisioning in Anja Salomonowitz&#8217;s Spanien (2012)<\/p>\n<p>Nikhil Sathe, Ohio University<\/p>\n<h4>5) Modernist Discourses<\/h4>\n<p>Mildred Livak Ballroom<\/p>\n<p>Moderator: Geoff Howes, Bowling Green State University<\/p>\n<p>The Ukrainian Periphery through The Eyes of Modernist Vienna<\/p>\n<p>Ewa Siwak, Texas State University\/Austin Community College<\/p>\n<p>Borders and Boundaries in Kafka<\/p>\n<p>Lorraine Markotic, University of Calgary<\/p>\n<p>Victor Tausk\u2019s Psychopathology of War: Reimagining the Psychoanalytic Subject in 1916 Austria-Hungary<\/p>\n<p>Katie Lally, University of California, Santa Cruz<\/p>\n<h4>6) Europe and Memory<\/h4>\n<p>Jost Foundation Room<\/p>\n<p>Moderator: Christina Guenther, Bowling Green State University<\/p>\n<p>Die Doppelerfahrung des NS- und Sowjetterrors als distinktives Merkmal Mittelosteuropas. Zu neueren Texten von Christoph Ransmayr und Martin Pollack<\/p>\n<p>S\u0142awomir Piontek, Adam-Mickiewicz-Universit\u00e4t Pozna\u0144<\/p>\n<p>Eastern European Travel and Remembering \u201cFlight and Expulsion\u201d in Contemporary Austrian Literature<\/p>\n<p>Joshua Seale, Georgetown University<\/p>\n<p>Mitteleuropa-Nostalgie in neuen Kleidern? Die Donauraumstrategie der Europ\u00e4ischen Union<\/p>\n<p>Christian H\u00fctterer, Verbindungsb\u00fcro des \u00f6sterreichischen Parlaments bei den Europ\u00e4ischen Institutionen in Br\u00fcssel<\/p>\n<h3>2:45-3:00 pm<\/h3>\n<p>Coffee break<\/p>\n<p>Livak Fireplace Lounge<\/p>\n<h3>3:00-4:15 pm<\/h3>\n<p>Thursday Late Afternoon Panels<\/p>\n<h4>7) Austrian Diplomacy from WWII to the Cold War<\/h4>\n<p>Frank Livak Ballroom<\/p>\n<p>Moderator: Gregor Thuswaldner, North Park University<\/p>\n<p><span style=\"color: #800000\">CANCELLED: <\/span>Austro-Slovak and Austro-Czech Relations after WWII: Cooperative Neighbors or Impassable Border?<\/p>\n<p>David Schriffl, \u00d6sterreichische Akademie der Wissenschaften<\/p>\n<p>The Forgotton Front: Austria and the Congress for Cultural Freedom<\/p>\n<p>Joseph McVeigh, Smith College<\/p>\n<p>Wolfgang Kraus: The Making of the Cultural Diplomat as Agent of the State<\/p>\n<p>Michael Burri, Bryn Mawr College<\/p>\n<h4>8) Grillparzer and the East<\/h4>\n<p>Mildred Livak Ballroom<\/p>\n<p>Moderator: Dennis Mahoney, University of Vermont<\/p>\n<p>Wo der Osten anf\u00e4ngt: Grillparzers Orient<\/p>\n<p>Brigitte Prutti, University of Washington<\/p>\n<p>Eastern Promises: Grillparzer\u2019s Ahnfrau<\/p>\n<p>Imke Meyer, University of Illinois at Chicago<\/p>\n<p>Die B\u00f6hmen im Werk Franz Grillparzers<\/p>\n<p>Birthe Hoffmann, University of Copenhagen<\/p>\n<p>&nbsp;<\/p>\n<h4>9) Austria in World War II<\/h4>\n<p>Frank Livak Ballroom<\/p>\n<p><span style=\"color: #800000\">NEW<\/span> Moderator: Tim Corbett, Museum of Jewish Heritage, New York<\/p>\n<p>Ostmark as Bulwark: Austrian Mountains and the East in the Nazi Imaginary<\/p>\n<p>Laura Morowitz, Wagner College<\/p>\n<p><span style=\"color: #800000\">MOVED to Session 17:<\/span> &#8220;&#8230; trotz aller dieser Widrigkeiten ist es sch\u00f6n hier&#8221;: Epistolary Reflections on Exile and Emigration to the Middle East, 1938-1943<\/p>\n<p>Jacqueline Vansant, University of Michigan, Dearborn<\/p>\n<p>\u201cOstarbeiter,\u201d POWs, and the Austrian Rural Population during World War II<\/p>\n<p>Winfried R. Garscha, Dokumentationsarchiv des \u00f6sterreichischen Widerstandes<\/p>\n<p><span style=\"color: #800000\">CANCELLED:<\/span> The Role of Austrian Petroleum Resources as German Reparations to the Soviet Union<\/p>\n<p>Ernst Aichinger, Visiting Research Fellow, Center Austria, University of New Orleans<\/p>\n<h3>4:30 -6:00 pm<\/h3>\n<p>Keynote Address<\/p>\n<p>Livak Ballroom<\/p>\n<p>Moderator: Helga Schreckenberger<\/p>\n<p>Seeing and Selling: Austrian Economic Visions in the &#8220;Orient&#8221; in the Early Twentieth Century<\/p>\n<p>Maureen Healy, Lewis &amp; Clark College<\/p>\n<h1>Friday, June 1<\/h1>\n<h3>8:30-9:00 am<\/h3>\n<p>Breakfast<\/p>\n<p>Livak Fireplace Lounge and Sugar Maple Ballroom<\/p>\n<h3>9:00-10:15 am<\/h3>\n<p>Friday Early Morning Panels<\/p>\n<h4>10) The Cold War in Literature<\/h4>\n<p>Mildred Livak Ballroom<\/p>\n<p>Moderator: Joseph McVeigh, Smith College<\/p>\n<p>Voices between Two Worlds: Refugee Narratives in Austrian Radio Drama from the Cold War to the Present<\/p>\n<p>Caroline Kita, Washington University in St. Louis<\/p>\n<p>Asiens Atem ist diesseits. Der Kalte Krieg in der Lyrik Ingeborg Bachmanns.<\/p>\n<p>Wolfgang Hackl, Universit\u00e4t Innsbruck<\/p>\n<p>On Refugees and Austrian Hilfsbereitschaft: The \u201cHungarian Crisis\u201d in Vladimir Vertlib\u2019s Mein erste M\u00f6rder and Daniel Zipfel\u2019s Eine Handvoll Rosinen<\/p>\n<p>Michael Boehringer, University of Waterloo<\/p>\n<h4>11) Austria and the East in Music<\/h4>\n<p>Jost Foundation Room<\/p>\n<p>Moderator: Daniel Gilfillan, Arizona State University<\/p>\n<p>Sonic Boundaries: Orientalist Ambivalence in Franz Schreker&#8217;s &#8220;Der Ferne Klang&#8221;<\/p>\n<p>Martha Sullivan, Rutgers University<\/p>\n<p>Austria and the East: Mahler\u2019s Multiethnic Music<\/p>\n<p>Leah Batstone, McGill University<\/p>\n<p>China Meets Austria: Interpreting Mozart in a Global Context<\/p>\n<p>Jinsong Chen, Purdue University<\/p>\n<h4>12) Austrian Literature and the Middle East<\/h4>\n<p>Chittenden Bank Room<\/p>\n<p>Moderator: Anita McChesney, Texas Tech University<\/p>\n<p>Searching for Palestine in Jewish-Austrian Literature, or: &#8220;Die einzige Rettung Pal\u00e4stinas w\u00e4re der Sieg des bolschewistischen Sozialismus in Europa&#8221;<\/p>\n<p>Viktoria P\u00f6tzl, University of Minnesota<\/p>\n<p>Encounter in Distance: Egypt as the Space of the Bachmann-Celan Correspondence<\/p>\n<p>Emma Goehler, Carolina-Duke Graduate Program in German Studies<\/p>\n<p>Death, Destruction &amp; the Middle East: From Elfriede Jelinek\u2019s Bambiland to Die Schutzbefohlenen<\/p>\n<p>Teresa Kovacs, University of Michigan<\/p>\n<h3>10:15-10:30 am<\/h3>\n<p>Coffee break<\/p>\n<p>Livak Fireplace Lounge<\/p>\n<h3>10:30-12:00 noon<\/h3>\n<p>Friday Late Morning Panels<\/p>\n<h4>13) The <em>Frontier Orientalism<\/em>-Concept of Andr\u00e9 Gingrich and Hungary<\/h4>\n<p>Frank Livak Ballroom<\/p>\n<p>Moderator: Kristina E. Poznan, Journal of Austrian-American History<\/p>\n<p>The (Unknown) Hungary and Its Orientalist Traditions<\/p>\n<p>Kriszti\u00e1n Csapl\u00e1r-Degovics, Hungarian Academy of Sciences<\/p>\n<p>Between the Ballhausplatz and the Ottoman Empire: The Reburial of Ferenc R\u00e1k\u00f3czi II<\/p>\n<p>Csaba Katona, Hungarian Academy of Sciences<\/p>\n<p>Turanism: A Bridge to the Past and Toward the Colonies<\/p>\n<p>Rudolf Paksa, Hungarian Academy of Sciences<\/p>\n<p>Relations between Hungary and Turkey and Their Repercussions (1876-1939)<\/p>\n<p>Emre Saral, Hacettepe University<\/p>\n<h4>14) Meditations on the Austrian Mind<\/h4>\n<p>Mildred Livak Ballroom<\/p>\n<p>Moderator: Katherine Arens, University of Texas, Austin<\/p>\n<p>Hofmannsthal, Orientalism, and the Austrian Mind<\/p>\n<p>Donald L. Wallace, United States Naval Academy<\/p>\n<p>From Robert Musil to the Austrian Tradition<\/p>\n<p>David S. Luft, Oregon State University<\/p>\n<p>Secular Redemption &amp; the Elevation of Transgression in Robert Musil, Theodor Adorno, and Karl Kraus<\/p>\n<p>Carl E. Findley III, Mercer University<\/p>\n<p>Comment<\/p>\n<p>Mason Tattersall, Oregon State University<\/p>\n<h4>15) Transatlantic Austrian Studies: Changes across Generations\u2014Ausblick into the Future<\/h4>\n<p>Chittenden Bank Room<\/p>\n<p>Moderator: Helga Schreckenberger<\/p>\n<p>Amy Braun, Washington University in St. Louis<\/p>\n<p>Raymond Burt, University of North Carolina, Wilmington<\/p>\n<p>Jennifer Good, Baylor University<\/p>\n<p>Carolina Kita, Washington University in St. Louis<\/p>\n<p>Teresa Kovacs, University of Michigan<\/p>\n<h3>12:00-2:00 pm<\/h3>\n<p>Luncheon, Business Meeting, and Speakers<\/p>\n<p>Sugar Maple Ballroom<\/p>\n<p>ASA Business Meeting<\/p>\n<p>Tribute to Craig Decker<\/p>\n<p>Moderator: Nicole Phelps<\/p>\n<p>Hilberg and Vienna<\/p>\n<p>Elizabeth Anthony, United States Holocaust Memorial Museum]<\/p>\n<p>Chris Burns, University of Vermont Libraries<\/p>\n<h3>2:15-3:30 pm<\/h3>\n<p>Friday Early Afternoon Panels<\/p>\n<h4>16) Positions Between East and West<\/h4>\n<p>Frank Livak Ballroom<\/p>\n<p>Moderator: Brigitte Prutti, University of Washington<\/p>\n<p>Neither East nor West: The Israelitsche Kultusgemeinde in Vienna and the &#8220;Unity of Israel,&#8221; 1784-1890<\/p>\n<p>Tim Corbett, Museum of Jewish Heritage, New York<\/p>\n<p>Habsburg Zionisms between East and West<\/p>\n<p>Scott Spector, University of Michigan<\/p>\n<p>&#8220;Zwischen der n\u00fcchternen Phantastik des Ostens und der phantastischen N\u00fcchternheit des Westerns&#8221; (M. Lazar): Russland und\/oder Amerika-Diskurse\/Parallelisierungen in der Kunst und Literatur der Zwischenkriegszeit<\/p>\n<p>Primus-Heinz Kucher, Universit\u00e4t Klagenfurt<\/p>\n<h4>17) The Rhetoric of the Balkans and Hungary<\/h4>\n<p>Mildred Livak Ballroom<\/p>\n<p><span style=\"color: #800000\">NEW <\/span>Moderator: Lorraine Markotic, University of Calgary<\/p>\n<p><span style=\"color: #800000\">MOVED from Panel 9: <\/span>&#8220;&#8230; trotz aller dieser Widrigkeiten ist es sch\u00f6n hier&#8221;: Epistolary Reflections on Exile and Emigration to the Middle East, 1938-1943<\/p>\n<p>Jacqueline Vansant, University of Michigan, Dearborn<\/p>\n<p><span style=\"color: #800000\">CANCELLED:<\/span> \u00d6sterreich ist nicht \u00d6sterreich; der Osten war nie der Osten<\/p>\n<p>B\u00e9la R\u00e1sky, Wiener Wiesenthal Institut f\u00fcr Holocaust-Studien<\/p>\n<p>The Balkan Turn in Vienna<\/p>\n<p>Aaron Carpenter, University of Washington<\/p>\n<p>\u201cDer Balkan\u201d in der Krone: Crises, \u201cIdentity Grammars\u201d and Argumentative Topoi<\/p>\n<p>Christian Karner, University of Nottingham<\/p>\n<h4>18) The Habsburg Past in Art and Memory<\/h4>\n<p>Jost Foundation Room<\/p>\n<p>Moderator: Helga Schreckenberger<\/p>\n<p>The Destiny of Serbian Printing and Graphic Art in the 18th Century at the Habsburg Monarchy<\/p>\n<p>Jasna Mijailovic, University of Belgrad<\/p>\n<p>Reenactment: A Gateway from the Past to the Present<\/p>\n<p>Emily Lamb, University of Cincinnati<\/p>\n<p>Folk Art on Parade<\/p>\n<p>Megan Brandow-Faller, City University of New York Kingsborough<\/p>\n<h4>19) The East in Austrian Poetry<\/h4>\n<p>Chittenden Bank Room<\/p>\n<p><span style=\"color: #800000\">NEW <\/span>Moderator: Pameula Saur, Lamar University<\/p>\n<p>&#8220;Jenes unsinniges Lachen des Dichters&#8221;: Mandelstam, Madness and Poetics in Celan\u2019s Meridian<\/p>\n<p>Sharon Weiner, Emory University<\/p>\n<p><span style=\"color: #800000\">CANCELLED: <\/span>Der fehlende Ortsname \u2018Hiroshima\u2019 in Ingeborg Bachmanns Gdicht Freies geleit<\/p>\n<p>Yuuki Kazaoka, Kitasato University<\/p>\n<p>Poetry, Trance, and Voice: An Acoustics of Consciousness in Peter Pessl\u2019s \u201cAnchored in Trance\u201d (1996)<\/p>\n<p>Daniel Gilfillan, Arizona State University<\/p>\n<h3>3:30-3:45 pm<\/h3>\n<p>Coffee break<\/p>\n<p>Livak Fireplace Lounge<\/p>\n<h3>3:45-5:15 pm<\/h3>\n<p>Friday Late Afternoon Sessions<\/p>\n<h4>20) The Habsburg Empire in the World<\/h4>\n<p>Jost Foundation Room<\/p>\n<p>Moderator: David Luft, Oregon State University<\/p>\n<p>The Missing East: The Mental Maps of British and German Travelers to the Habsburg Empire, ca. 1815-1850<\/p>\n<p>Martin Schaller, Plattform Geschichte, Vienna<\/p>\n<p>The Habsburg Consular Service in Comparative Perspective<\/p>\n<p>Nicole Phelps, University of Vermont<\/p>\n<p>The Austro-Hungarian Prisoner of War Refugees in China<\/p>\n<p>M\u00e1ty\u00e1s Mervay, New York University<\/p>\n<p>Austrian Emigration to the Middle East: Scholars and Engineers in the Service of the Empire<\/p>\n<p>Laurin Mackowitz, University of Alberta<\/p>\n<p>&nbsp;<\/p>\n<h4>21) Framing the \u201cEast\u201d in Recent Austrian Literature<\/h4>\n<p>Mildred Livak Ballroom<\/p>\n<p><span style=\"color: #800000\">NEW <\/span>Moderator: Jacqueline Vansant, University of Michigan, Dearborn<\/p>\n<p>Framing the &#8220;East&#8221;: Anna Kim\u2019s Historical Fictions Die gefrorene Zeit and Die gro\u00dfe Heimkehr<\/p>\n<p>Christina Guenther, Bowling Green State University<\/p>\n<p>Translating China in Christoph Ransmayr\u2019s Cox oder Der Lauf der Zeit<\/p>\n<p>Susan C. Anderson, University of Oregon<\/p>\n<p>The East and the Anthropocene: Christoph Ransmayr\u2019s Conception of Machine and Nature in Cox oder der Lauf der Zeit<\/p>\n<p>Ted Dawson, Vanderbilt University<\/p>\n<h4>22) Ethnic Imaginations<\/h4>\n<p>Chittenden Bank Room<\/p>\n<p>Moderator: Jennifer Good, Baylor University<\/p>\n<p>Barbarians at the Gate: The Ottoman Empire in the Historical Memory of Habsburg Austria<\/p>\n<p>Scott Moore, Eastern Connecticut State University<\/p>\n<p>Die \u201ebarbarische Unbewusstheit des russischen Volkes\u201c: Zu Stefan Zweigs Dostojewski-Bild<\/p>\n<p>Gregor Thuswaldner, North Park University<\/p>\n<p>Irreconcilable Identities: \u201cWestjuden\u201d and \u201cOstjuden\u201d in Franz Werfel\u2019s Fragment\u00a0 \u201cPogrom\u201d<\/p>\n<p>Helga Schreckenberger, University of Vermont<\/p>\n<h4>23) The East in Recent Austrian Literature<\/h4>\n<p>Jost Foundation Room<\/p>\n<p>Moderator: Teresa Kovacs, University of Michigan<\/p>\n<p>Austria and\/or Europe? Eva Rossmann\u2019s Patrioten<\/p>\n<p>Anita McChesney, Texas Tech University<\/p>\n<p><span style=\"color: #800000\">CANCELLED: <\/span>Der Osten im \u00f6sterreichischen Generationenroman: Josef Haslingers Das Vaterspiel (2000) und Anna Mitgutschs Die Ann\u00e4herung (2016)<\/p>\n<p>Eva Kuttenberg, Penn State Erie<\/p>\n<p>Bilder des Ostens im Werk von Anna Mitgutsch<\/p>\n<p>Joanna Drynda, Adam-Mickiewicz-Universit\u00e4t Pozna\u0144<\/p>\n<h3>5:30-7:00 pm<\/h3>\n<p>Closing Reception<\/p>\n<p>Sugar Maple Ballroom<\/p>\n","protected":false},"excerpt":{"rendered":"<p>AUSTRIA AND THE EAST \/ \u00d6STERREICH UND DER OSTEN PROGRAM AS OF MAY 29, 2018 Wednesday, May 30 5:30-7:00 pm Opening Reception Sugar Maple Ballroom Sponsored by the Botstiber Institute for Austrian-American Studies Thursday, May 31 8:30-9:00 am Breakfast\/Registration Livak Fireplace Lounge and Sugar Maple Ballroom 9:00-9:30 am Welcome\/Opening Remarks Livak Ballroom 9:30-10:30 am Study [&hellip;]<\/p>\n","protected":false},"author":1498,"featured_media":0,"parent":0,"menu_order":0,"comment_status":"closed","ping_status":"closed","template":"","meta":{"footnotes":""},"class_list":["post-15","page","type-page","status-publish","hentry"],"_links":{"self":[{"href":"https:\/\/blog.uvm.edu\/hschreck-2018asaconference\/wp-json\/wp\/v2\/pages\/15","targetHints":{"allow":["GET"]}}],"collection":[{"href":"https:\/\/blog.uvm.edu\/hschreck-2018asaconference\/wp-json\/wp\/v2\/pages"}],"about":[{"href":"https:\/\/blog.uvm.edu\/hschreck-2018asaconference\/wp-json\/wp\/v2\/types\/page"}],"author":[{"embeddable":true,"href":"https:\/\/blog.uvm.edu\/hschreck-2018asaconference\/wp-json\/wp\/v2\/users\/1498"}],"replies":[{"embeddable":true,"href":"https:\/\/blog.uvm.edu\/hschreck-2018asaconference\/wp-json\/wp\/v2\/comments?post=15"}],"version-history":[{"count":13,"href":"https:\/\/blog.uvm.edu\/hschreck-2018asaconference\/wp-json\/wp\/v2\/pages\/15\/revisions"}],"predecessor-version":[{"id":133,"href":"https:\/\/blog.uvm.edu\/hschreck-2018asaconference\/wp-json\/wp\/v2\/pages\/15\/revisions\/133"}],"wp:attachment":[{"href":"https:\/\/blog.uvm.edu\/hschreck-2018asaconference\/wp-json\/wp\/v2\/media?parent=15"}],"curies":[{"name":"wp","href":"https:\/\/api.w.org\/{rel}","templated":true}]}}