{"id":7,"date":"2024-02-05T16:23:25","date_gmt":"2024-02-05T21:23:25","guid":{"rendered":"https:\/\/blog.uvm.edu\/mdelator\/?page_id=7"},"modified":"2024-05-09T00:20:09","modified_gmt":"2024-05-09T04:20:09","slug":"hispanic-tales-virtual-library","status":"publish","type":"page","link":"https:\/\/blog.uvm.edu\/hispanic_tales\/","title":{"rendered":"Hispanic Tales Virtual Library"},"content":{"rendered":"\n<p>El proyecto<em>\u00a0Cuentos Hispanos<\/em>\u00a0es una iniciativa que desde primavera 2023 busca integrar las voces de los pueblos ind\u00edgenas y afro latinoamericanos en la ense\u00f1anza del espa\u00f1ol como lengua extranjera en las escuelas de Vermont. En ese contexto proponemos la biblioteca virtual, en la cual los estudiantes de preescolar, primaria, secundaria y otros estudiantes de lengua espa\u00f1ola incluyen en su plan lector textos que evidencien la diversidad cultural de las realidades latinoamericanas.<\/p>\n\n\n\n<p>El proyecto surge desde el programa de espa\u00f1ol de la Universidad de Vermont bajo la direcci\u00f3n de la profesora Adriana S\u00e1nchez Guti\u00e9rrez, quien a partir de conversaciones con los profesores de espa\u00f1ol del estado de Vermont propone a las comisiones escolares la inclusi\u00f3n de un plan lector en espa\u00f1ol que promueva el aprendizaje de la lengua como desarrollo ling\u00fc\u00edstico y cultural que integre voces invisibles, o poco publicadas, desde la producci\u00f3n literaria de las comunidades ind\u00edgenas y afro latinoamericanas. &nbsp;<\/p>\n\n\n\n<p>Nuestro compromiso en este proyecto es reconocer la riqueza de la diversidad y particularidad de cada comunidad en medio de una sociedad globalizada que hasta el a\u00f1o 2007, a trav\u00e9s de la Organizaci\u00f3n de las Naciones Unidas, promulg\u00f3 la declaraci\u00f3n de los Derechos de los Pueblos Ind\u00edgenas, convirti\u00e9ndose en el primer documento internacional que reconoce las particularidades de las comunidades ind\u00edgenas como: la lengua, las costumbres, la historia, las tradiciones y el territorio.<\/p>\n\n\n\n<p>Con respecto al territorio, el reconocimiento formal de este v\u00ednculo es la caracter\u00edstica principal que va a identificar a los grupos aut\u00f3ctonos de otras minor\u00edas visibles. En tanto que los grupos afro latinoamericanos y caribe\u00f1os, siendo minor\u00edas, no est\u00e1n ligados a un territorio ancestral, ya que su territorio \u2018africano\u2019 ha sido una&nbsp;<em>comunidad imaginada&nbsp;<\/em>(Anderson, 1983) que fue relacionada por otros or\u00edgenes provenientes del continente africano desde finales del siglo XVI con la primera llegada de los esclavos a las Am\u00e9ricas, por lo tanto, &nbsp;en la actualidad la mayor\u00eda de la poblaci\u00f3n considerada afro latinoamericana o caribe\u00f1a ve \u00c1frica como un espacio geogr\u00e1fico ajeno a su realidad, sin embargo, la oficina de Derechos Humanos de la Organizaci\u00f3n de las Naciones Unidas reconoce la vulnerabilidad de estos grupos y la documenta desde 2019. Antes de esta especificidad latinoamericana, los primeros encuentros de la comunidad se dieron en el continente europeo (Londres, 1900) y africano (Dakar, 1974).<\/p>\n\n\n\n<p>En ese contexto, el primer encuentro de lectura se da en la escuela de educaci\u00f3n media de Williston en octubre 12 del 2023. Los estudiantes de la Universidad de Vermont leyeron a los estudiantes de la escuela<em>&nbsp;El Mito<\/em>&nbsp;historia de la comunidad de los Uitoto de Colombia.<\/p>\n\n\n\n<figure class=\"wp-block-gallery has-nested-images columns-default is-cropped wp-block-gallery-1 is-layout-flex wp-block-gallery-is-layout-flex\">\n<figure class=\"wp-block-image size-large\"><img loading=\"lazy\" decoding=\"async\" width=\"640\" height=\"480\" data-id=\"89\" src=\"https:\/\/blog.uvm.edu\/hispanic_tales\/files\/2024\/02\/IMG-20231018-WA0001-3.jpg\" alt=\"\" class=\"wp-image-89\" srcset=\"https:\/\/blog.uvm.edu\/hispanic_tales\/files\/2024\/02\/IMG-20231018-WA0001-3.jpg 640w, https:\/\/blog.uvm.edu\/hispanic_tales\/files\/2024\/02\/IMG-20231018-WA0001-3-300x225.jpg 300w, https:\/\/blog.uvm.edu\/hispanic_tales\/files\/2024\/02\/IMG-20231018-WA0001-3-256x192.jpg 256w\" sizes=\"auto, (max-width: 640px) 100vw, 640px\" \/><\/figure>\n\n\n\n<figure class=\"wp-block-image size-large\"><img loading=\"lazy\" decoding=\"async\" width=\"1024\" height=\"576\" data-id=\"53\" src=\"https:\/\/blog.uvm.edu\/hispanic_tales\/files\/2024\/02\/IMG-20231018-WA0006-1-1024x576.jpg\" alt=\"\" class=\"wp-image-53\" srcset=\"https:\/\/blog.uvm.edu\/hispanic_tales\/files\/2024\/02\/IMG-20231018-WA0006-1-1024x576.jpg 1024w, https:\/\/blog.uvm.edu\/hispanic_tales\/files\/2024\/02\/IMG-20231018-WA0006-1-300x169.jpg 300w, https:\/\/blog.uvm.edu\/hispanic_tales\/files\/2024\/02\/IMG-20231018-WA0006-1-768x432.jpg 768w, https:\/\/blog.uvm.edu\/hispanic_tales\/files\/2024\/02\/IMG-20231018-WA0006-1-1536x864.jpg 1536w, https:\/\/blog.uvm.edu\/hispanic_tales\/files\/2024\/02\/IMG-20231018-WA0006-1-1568x882.jpg 1568w, https:\/\/blog.uvm.edu\/hispanic_tales\/files\/2024\/02\/IMG-20231018-WA0006-1.jpg 2040w\" sizes=\"auto, (max-width: 1024px) 100vw, 1024px\" \/><\/figure>\n\n\n\n<figure class=\"wp-block-image size-large\"><img loading=\"lazy\" decoding=\"async\" width=\"1024\" height=\"768\" data-id=\"49\" src=\"https:\/\/blog.uvm.edu\/hispanic_tales\/files\/2024\/02\/IMG-20231018-WA0003-1.jpg\" alt=\"\" class=\"wp-image-49\" srcset=\"https:\/\/blog.uvm.edu\/hispanic_tales\/files\/2024\/02\/IMG-20231018-WA0003-1.jpg 1024w, https:\/\/blog.uvm.edu\/hispanic_tales\/files\/2024\/02\/IMG-20231018-WA0003-1-300x225.jpg 300w, https:\/\/blog.uvm.edu\/hispanic_tales\/files\/2024\/02\/IMG-20231018-WA0003-1-768x576.jpg 768w\" sizes=\"auto, (max-width: 1024px) 100vw, 1024px\" \/><\/figure>\n\n\n\n<figure class=\"wp-block-image size-large\"><img loading=\"lazy\" decoding=\"async\" width=\"800\" height=\"600\" data-id=\"50\" src=\"https:\/\/blog.uvm.edu\/hispanic_tales\/files\/2024\/02\/IMG-20231018-WA0002-2.jpg\" alt=\"\" class=\"wp-image-50\" srcset=\"https:\/\/blog.uvm.edu\/hispanic_tales\/files\/2024\/02\/IMG-20231018-WA0002-2.jpg 800w, https:\/\/blog.uvm.edu\/hispanic_tales\/files\/2024\/02\/IMG-20231018-WA0002-2-300x225.jpg 300w, https:\/\/blog.uvm.edu\/hispanic_tales\/files\/2024\/02\/IMG-20231018-WA0002-2-768x576.jpg 768w\" sizes=\"auto, (max-width: 800px) 100vw, 800px\" \/><\/figure>\n\n\n\n<figure class=\"wp-block-image size-large\"><img loading=\"lazy\" decoding=\"async\" width=\"1024\" height=\"576\" data-id=\"51\" src=\"https:\/\/blog.uvm.edu\/hispanic_tales\/files\/2024\/02\/IMG-20231018-WA0009-1-1024x576.jpg\" alt=\"\" class=\"wp-image-51\" srcset=\"https:\/\/blog.uvm.edu\/hispanic_tales\/files\/2024\/02\/IMG-20231018-WA0009-1-1024x576.jpg 1024w, https:\/\/blog.uvm.edu\/hispanic_tales\/files\/2024\/02\/IMG-20231018-WA0009-1-300x169.jpg 300w, https:\/\/blog.uvm.edu\/hispanic_tales\/files\/2024\/02\/IMG-20231018-WA0009-1-768x432.jpg 768w, https:\/\/blog.uvm.edu\/hispanic_tales\/files\/2024\/02\/IMG-20231018-WA0009-1-1536x864.jpg 1536w, https:\/\/blog.uvm.edu\/hispanic_tales\/files\/2024\/02\/IMG-20231018-WA0009-1-1568x882.jpg 1568w, https:\/\/blog.uvm.edu\/hispanic_tales\/files\/2024\/02\/IMG-20231018-WA0009-1.jpg 2040w\" sizes=\"auto, (max-width: 1024px) 100vw, 1024px\" \/><\/figure>\n\n\n\n<figure class=\"wp-block-image size-large\"><img loading=\"lazy\" decoding=\"async\" width=\"1024\" height=\"768\" data-id=\"48\" src=\"https:\/\/blog.uvm.edu\/hispanic_tales\/files\/2024\/02\/IMG-20231018-WA0004-1.jpg\" alt=\"\" class=\"wp-image-48\" srcset=\"https:\/\/blog.uvm.edu\/hispanic_tales\/files\/2024\/02\/IMG-20231018-WA0004-1.jpg 1024w, https:\/\/blog.uvm.edu\/hispanic_tales\/files\/2024\/02\/IMG-20231018-WA0004-1-300x225.jpg 300w, https:\/\/blog.uvm.edu\/hispanic_tales\/files\/2024\/02\/IMG-20231018-WA0004-1-768x576.jpg 768w\" sizes=\"auto, (max-width: 1024px) 100vw, 1024px\" \/><\/figure>\n\n\n\n<figure class=\"wp-block-image size-large\"><img loading=\"lazy\" decoding=\"async\" width=\"1024\" height=\"576\" data-id=\"45\" src=\"https:\/\/blog.uvm.edu\/hispanic_tales\/files\/2024\/02\/IMG-20231018-WA0010-1-1024x576.jpg\" alt=\"\" class=\"wp-image-45\" srcset=\"https:\/\/blog.uvm.edu\/hispanic_tales\/files\/2024\/02\/IMG-20231018-WA0010-1-1024x576.jpg 1024w, https:\/\/blog.uvm.edu\/hispanic_tales\/files\/2024\/02\/IMG-20231018-WA0010-1-300x169.jpg 300w, https:\/\/blog.uvm.edu\/hispanic_tales\/files\/2024\/02\/IMG-20231018-WA0010-1-768x432.jpg 768w, https:\/\/blog.uvm.edu\/hispanic_tales\/files\/2024\/02\/IMG-20231018-WA0010-1-1536x864.jpg 1536w, https:\/\/blog.uvm.edu\/hispanic_tales\/files\/2024\/02\/IMG-20231018-WA0010-1-1568x882.jpg 1568w, https:\/\/blog.uvm.edu\/hispanic_tales\/files\/2024\/02\/IMG-20231018-WA0010-1.jpg 2040w\" sizes=\"auto, (max-width: 1024px) 100vw, 1024px\" \/><\/figure>\n\n\n\n<figure class=\"wp-block-image size-large\"><img loading=\"lazy\" decoding=\"async\" width=\"1024\" height=\"576\" data-id=\"46\" src=\"https:\/\/blog.uvm.edu\/hispanic_tales\/files\/2024\/02\/IMG-20231018-WA0008-1-1024x576.jpg\" alt=\"\" class=\"wp-image-46\" srcset=\"https:\/\/blog.uvm.edu\/hispanic_tales\/files\/2024\/02\/IMG-20231018-WA0008-1-1024x576.jpg 1024w, https:\/\/blog.uvm.edu\/hispanic_tales\/files\/2024\/02\/IMG-20231018-WA0008-1-300x169.jpg 300w, https:\/\/blog.uvm.edu\/hispanic_tales\/files\/2024\/02\/IMG-20231018-WA0008-1-768x432.jpg 768w, https:\/\/blog.uvm.edu\/hispanic_tales\/files\/2024\/02\/IMG-20231018-WA0008-1-1536x864.jpg 1536w, https:\/\/blog.uvm.edu\/hispanic_tales\/files\/2024\/02\/IMG-20231018-WA0008-1-1568x882.jpg 1568w, https:\/\/blog.uvm.edu\/hispanic_tales\/files\/2024\/02\/IMG-20231018-WA0008-1.jpg 2040w\" sizes=\"auto, (max-width: 1024px) 100vw, 1024px\" \/><\/figure>\n\n\n\n<figure class=\"wp-block-image size-large\"><img loading=\"lazy\" decoding=\"async\" width=\"1024\" height=\"768\" data-id=\"19\" src=\"https:\/\/blog.uvm.edu\/hispanic_tales\/files\/2024\/02\/IMG-20231018-WA0004.jpg\" alt=\"\" class=\"wp-image-19\" srcset=\"https:\/\/blog.uvm.edu\/hispanic_tales\/files\/2024\/02\/IMG-20231018-WA0004.jpg 1024w, https:\/\/blog.uvm.edu\/hispanic_tales\/files\/2024\/02\/IMG-20231018-WA0004-300x225.jpg 300w, https:\/\/blog.uvm.edu\/hispanic_tales\/files\/2024\/02\/IMG-20231018-WA0004-768x576.jpg 768w\" sizes=\"auto, (max-width: 1024px) 100vw, 1024px\" \/><\/figure>\n<\/figure>\n","protected":false},"excerpt":{"rendered":"<p>El proyecto\u00a0Cuentos Hispanos\u00a0es una iniciativa que desde primavera 2023 busca integrar las voces de los pueblos ind\u00edgenas y afro latinoamericanos en la ense\u00f1anza del espa\u00f1ol como lengua extranjera en las escuelas de Vermont. En ese contexto proponemos la biblioteca virtual, en la cual los estudiantes de preescolar, primaria, secundaria y otros estudiantes de lengua espa\u00f1ola &hellip; <a href=\"https:\/\/blog.uvm.edu\/hispanic_tales\/\" class=\"more-link\">Continue reading <span class=\"screen-reader-text\">Hispanic Tales Virtual Library<\/span><\/a><\/p>\n","protected":false},"author":9325,"featured_media":0,"parent":0,"menu_order":0,"comment_status":"closed","ping_status":"closed","template":"page-templates\/front-page.php","meta":{"footnotes":""},"class_list":["post-7","page","type-page","status-publish","hentry"],"featured_image_src":null,"featured_image_src_square":null,"_links":{"self":[{"href":"https:\/\/blog.uvm.edu\/hispanic_tales\/wp-json\/wp\/v2\/pages\/7","targetHints":{"allow":["GET"]}}],"collection":[{"href":"https:\/\/blog.uvm.edu\/hispanic_tales\/wp-json\/wp\/v2\/pages"}],"about":[{"href":"https:\/\/blog.uvm.edu\/hispanic_tales\/wp-json\/wp\/v2\/types\/page"}],"author":[{"embeddable":true,"href":"https:\/\/blog.uvm.edu\/hispanic_tales\/wp-json\/wp\/v2\/users\/9325"}],"replies":[{"embeddable":true,"href":"https:\/\/blog.uvm.edu\/hispanic_tales\/wp-json\/wp\/v2\/comments?post=7"}],"version-history":[{"count":20,"href":"https:\/\/blog.uvm.edu\/hispanic_tales\/wp-json\/wp\/v2\/pages\/7\/revisions"}],"predecessor-version":[{"id":305,"href":"https:\/\/blog.uvm.edu\/hispanic_tales\/wp-json\/wp\/v2\/pages\/7\/revisions\/305"}],"wp:attachment":[{"href":"https:\/\/blog.uvm.edu\/hispanic_tales\/wp-json\/wp\/v2\/media?parent=7"}],"curies":[{"name":"wp","href":"https:\/\/api.w.org\/{rel}","templated":true}]}}