{"id":44,"date":"2024-02-05T16:39:03","date_gmt":"2024-02-05T21:39:03","guid":{"rendered":"https:\/\/blog.uvm.edu\/mdelator\/?page_id=44"},"modified":"2025-05-08T09:30:07","modified_gmt":"2025-05-08T13:30:07","slug":"about-the-project","status":"publish","type":"page","link":"https:\/\/blog.uvm.edu\/hispanic_tales\/about-the-project\/","title":{"rendered":"Belice"},"content":{"rendered":"\n<p class=\"has-text-align-center has-medium-font-size\"><strong><span style=\"text-decoration: underline\">I. Los gar\u00edfuna<\/span><\/strong><\/p>\n\n\n\n<p><em>Por Ava Brane-Wright:<\/em><\/p>\n\n\n\n<p><strong>Introducci\u00f3n a la comunidad:<\/strong><\/p>\n\n\n\n<p>Mi comunidad ind\u00edgena es los gar\u00edfuna. Su poblaci\u00f3n es de aproximadamente quinientos mil habitantes. La mayor\u00eda de ellos viven en Belice, pero tambi\u00e9n hay unos que viven en los Estados Unidos, Guatemala, Honduras, y Nicaragua. Originalmente la comunidad vivi\u00f3 en la isla de St. Vincent con los franceses. Pero en mil setecientos noventa y seis los brit\u00e1nicos los exiliaron. Entonces, tomaron barcos a otras islas en el Caribe. Cuando ten\u00edan suficiente comida tomaban otros barcos para ir al continente, a los pa\u00edses donde ahora viven. En el continente empezaron a crear una vida sostenible para su comunidad y crearon pueblos pesqueros.<\/p>\n\n\n\n<figure class=\"wp-block-embed is-type-video is-provider-youtube wp-block-embed-youtube wp-embed-aspect-16-9 wp-has-aspect-ratio\"><div class=\"wp-block-embed__wrapper\">\n<iframe loading=\"lazy\" title=\"Cuento gar\u00edfuna. Un sue\u00f1o gar\u00edfuna. Escrito por Wilbor Guerrero. Le\u00eddo por Ava Brane-Wright\" width=\"648\" height=\"365\" src=\"https:\/\/www.youtube.com\/embed\/uIl-wssjCVc?feature=oembed\" frameborder=\"0\" allow=\"accelerometer; autoplay; clipboard-write; encrypted-media; gyroscope; picture-in-picture; web-share\" referrerpolicy=\"strict-origin-when-cross-origin\" allowfullscreen><\/iframe>\n<\/div><figcaption class=\"wp-element-caption\">Cuento gar\u00edfuna. Un sue\u00f1o gar\u00edfuna. Escrito por Wilbor Guerrero. Le\u00eddo por Ava Brane-Wright.<\/figcaption><\/figure>\n\n\n\n<p><em>Por Ava McPherson:<\/em><\/p>\n\n\n\n<p><strong>Introducci\u00f3n a la comunidad:<\/strong><\/p>\n\n\n\n<p>Belice es parte del Caribe y es el hogar de la gente gar\u00edfuna. Los gar\u00edfuna son una comunidad \u201cafro-ind\u00edgena\u201d, que se reunieron en la isla de St. Vincent del matrimonio de esclavos escapados y los ind\u00edgenas kalingos de St.Vincent. En 1796, el grupo fue exiliado a Honduras Bay por los brit\u00e1nicos y un grupo de ellos finalmente se mud\u00f3 a Belice. Hoy, el grupo tiene una fiesta nacional el 19 de noviembre para celebrar la llegada de los gar\u00edfuna a Belice. \u00a1Es una de las fiestas m\u00e1s importantes de Belice y las celebraciones usualmente duran una semana! Hay desfiles, m\u00fasica en vivo, tambores, baile y canto. La gente lleva colores brillantes y se sirven platos tradicionales. Los turistas est\u00e1n invitados y la fiesta trae muchos visitantes a Belice, donde el clima es caliente y las playas son hermosas.<\/p>\n\n\n\n<p><strong>Los lugares sagrados:<\/strong><\/p>\n\n\n\n<p>El pueblo de Dangriga en Belice sure\u00f1o es un lugar importante para el pueblo gar\u00edfuna. Su apodo es \u201cla capital cultural\u201d de Belice, porque est\u00e1 en el centro de la cultura en el pa\u00eds y los gar\u00edfunas lo consideran como su capital espiritual. Dangriga es el pueblo m\u00e1s grande en Belice sure\u00f1o y tiene la poblaci\u00f3n m\u00e1s grande gar\u00edfuna, como 10.000 ciudadanos. Dangriga fue el primer lugar donde los gar\u00edfuna se asentaron en 1802, despu\u00e9s de que ellos se independizaron de los brit\u00e1nicos. El pueblo de Dangriga est\u00e1 cerca de la costa y tiene muchas playas hermosas, las selvas tropicales y monta\u00f1as alrededor de \u00e9l. El clima es caluroso y muy h\u00famedo durante la mayor parte del a\u00f1o, con veranos nublados y cielos despejados en los inviernos.<\/p>\n\n\n\n<p><strong>El animal sagrado:<\/strong><\/p>\n\n\n\n<p>Los gar\u00edfuna no consideran que los animales tengan un significado espiritual, pero usan animales en sus rituales espirituales. Ellos rezan a dos deidades que representan el mar y la Tierra, y hay esp\u00edritus para cada uno. Los gar\u00edfuna pescan mariscos para ofrecer a los esp\u00edritus en su ritual y les piden buena suerte, felicidad y m\u00e1s. Estos alimentos pueden frecuentemente incluir cosas como cangrejos peludos (se llaman goosa) y tortugas marinas (se llaman gawamu). Hay \u201ccayes\u201d o islas peque\u00f1as en el mar cerca de la costa de Belice, donde miembros espec\u00edficos de la comunidad hacen una gran parte de la caza.<\/p>\n\n\n\n<figure class=\"wp-block-embed is-type-video is-provider-youtube wp-block-embed-youtube wp-embed-aspect-16-9 wp-has-aspect-ratio\"><div class=\"wp-block-embed__wrapper\">\n<iframe loading=\"lazy\" title=\"Nuestros hijos tienen que conocer, poema de Rhodel Castillo y le\u00eddo por Ava McPherson.\" width=\"648\" height=\"365\" src=\"https:\/\/www.youtube.com\/embed\/jvgBsbY8hRs?feature=oembed\" frameborder=\"0\" allow=\"accelerometer; autoplay; clipboard-write; encrypted-media; gyroscope; picture-in-picture; web-share\" referrerpolicy=\"strict-origin-when-cross-origin\" allowfullscreen><\/iframe>\n<\/div><figcaption class=\"wp-element-caption\">Nuestros hijos tienen que conocer, poema de Rhodel Castillo y le\u00eddo por Ava McPherson.<\/figcaption><\/figure>\n\n\n\n<p><em>Por Caitlin Hess:<\/em><\/p>\n\n\n\n<figure class=\"wp-block-embed is-type-video is-provider-youtube wp-block-embed-youtube wp-embed-aspect-16-9 wp-has-aspect-ratio\"><div class=\"wp-block-embed__wrapper\">\n<iframe loading=\"lazy\" title=\"Cuento gar\u00edfuna. Pel\u00edcano. Escrito por Marcella Lewis. Le\u00eddo por Caitlin Hess.\" width=\"648\" height=\"365\" src=\"https:\/\/www.youtube.com\/embed\/wpLrj4LN8cw?feature=oembed\" frameborder=\"0\" allow=\"accelerometer; autoplay; clipboard-write; encrypted-media; gyroscope; picture-in-picture; web-share\" referrerpolicy=\"strict-origin-when-cross-origin\" allowfullscreen><\/iframe>\n<\/div><figcaption class=\"wp-element-caption\">Cuento gar\u00edfuna. Pel\u00edcano. Escrito por Marcella Lewis. Le\u00eddo por Caitlin Hess.<\/figcaption><\/figure>\n","protected":false},"excerpt":{"rendered":"<p>I. Los gar\u00edfuna Por Ava Brane-Wright: Introducci\u00f3n a la comunidad: Mi comunidad ind\u00edgena es los gar\u00edfuna. Su poblaci\u00f3n es de aproximadamente quinientos mil habitantes. La mayor\u00eda de ellos viven en Belice, pero tambi\u00e9n hay unos que viven en los Estados Unidos, Guatemala, Honduras, y Nicaragua. Originalmente la comunidad vivi\u00f3 en la isla de St. Vincent &hellip; <a href=\"https:\/\/blog.uvm.edu\/hispanic_tales\/about-the-project\/\" class=\"more-link\">Continue reading <span class=\"screen-reader-text\">Belice<\/span><\/a><\/p>\n","protected":false},"author":9325,"featured_media":0,"parent":0,"menu_order":0,"comment_status":"closed","ping_status":"closed","template":"page-templates\/full-width-page.php","meta":{"footnotes":""},"class_list":["post-44","page","type-page","status-publish","hentry"],"featured_image_src":null,"featured_image_src_square":null,"_links":{"self":[{"href":"https:\/\/blog.uvm.edu\/hispanic_tales\/wp-json\/wp\/v2\/pages\/44","targetHints":{"allow":["GET"]}}],"collection":[{"href":"https:\/\/blog.uvm.edu\/hispanic_tales\/wp-json\/wp\/v2\/pages"}],"about":[{"href":"https:\/\/blog.uvm.edu\/hispanic_tales\/wp-json\/wp\/v2\/types\/page"}],"author":[{"embeddable":true,"href":"https:\/\/blog.uvm.edu\/hispanic_tales\/wp-json\/wp\/v2\/users\/9325"}],"replies":[{"embeddable":true,"href":"https:\/\/blog.uvm.edu\/hispanic_tales\/wp-json\/wp\/v2\/comments?post=44"}],"version-history":[{"count":10,"href":"https:\/\/blog.uvm.edu\/hispanic_tales\/wp-json\/wp\/v2\/pages\/44\/revisions"}],"predecessor-version":[{"id":558,"href":"https:\/\/blog.uvm.edu\/hispanic_tales\/wp-json\/wp\/v2\/pages\/44\/revisions\/558"}],"wp:attachment":[{"href":"https:\/\/blog.uvm.edu\/hispanic_tales\/wp-json\/wp\/v2\/media?parent=44"}],"curies":[{"name":"wp","href":"https:\/\/api.w.org\/{rel}","templated":true}]}}