{"id":420,"date":"2024-12-13T15:37:00","date_gmt":"2024-12-13T20:37:00","guid":{"rendered":"https:\/\/blog.uvm.edu\/hispanic_tales\/?page_id=420"},"modified":"2025-05-07T20:28:32","modified_gmt":"2025-05-08T00:28:32","slug":"cuba","status":"publish","type":"page","link":"https:\/\/blog.uvm.edu\/hispanic_tales\/cuba\/","title":{"rendered":"Cuba"},"content":{"rendered":"\n<h2 class=\"wp-block-heading has-text-align-center\"><strong>I. Los afrocubanos<\/strong><\/h2>\n\n\n\n<p><em>Por Owen Bradley-Meal:<\/em><\/p>\n\n\n\n<p><strong>Introducci\u00f3n a la comunidad:<\/strong><\/p>\n\n\n\n<p>Hay estimaciones diferentes de la poblaci\u00f3n africana-descendientes en Cuba: solamente 10% de los cubanos se autoidentifican como \u201cNegro\u201d (cerca de un mill\u00f3n), pero expertos creen que la proporci\u00f3n verdadera de cubanos africanos-descendientes es m\u00e1s como un 60%. La regi\u00f3n con m\u00e1s afrocubanos es el oeste de la isla, que se llama \u201cEl Oriente\u201d, pero hay afrocubanos en todo el pa\u00eds. La mayor\u00eda de afrocubanos descienden de gente esclavizada, pero en los a\u00f1os m\u00e1s recientes eran inmigrantes de otros pa\u00edses con poblaciones africanas, incluyendo Jamaica, Hait\u00ed y Angola. La mayor\u00eda de afrocubanos practican el catolicismo romano, pero tambi\u00e9n hay religiones sincr\u00e9ticas entre el catolicismo y religiones tradicionales de \u00c1frica, como la santer\u00eda y palo monte.<\/p>\n\n\n\n<p><strong>Los lugares sagrados:<\/strong><\/p>\n\n\n\n<p>El valle de Vi\u00f1ales es una regi\u00f3n peque\u00f1a en el extremo occidental de Cuba y un sitio patrimonio de la humanidad de la UNESCO. El valle est\u00e1 envuelto en las monta\u00f1as de la sierra de los \u00d3rganos, y tiene colinas de piedra caliza que se llaman mogotes. El valle fue colonizado en los 1800s, y la arquitectura colonial todav\u00eda sobrevive en las aldeas y plantaciones antiguas. Tambi\u00e9n, los m\u00e9todos tradicionales de agricultura, especialmente m\u00e9todos tradicionales de cultivar tabaco todav\u00eda sobreviven all\u00ed. Debido a la historia de plantaciones de tabaco en esa regi\u00f3n, hay una cultura mezclada de aspectos culturales de Europa y \u00c1frica. Esta cultura, adem\u00e1s de la belleza natural del valle de Vi\u00f1ales, se ve como una representaci\u00f3n de la cultura y belleza de Cuba.<\/p>\n\n\n\n<p><strong>El animal sagrado:<\/strong><\/p>\n\n\n\n<p>Los animales son muy importantes en la religi\u00f3n afrocubana de la santer\u00eda. Los creyentes de la santer\u00eda creen en esp\u00edritus que se llaman Orishas. Para sobrevivir, los Orishas necesitan que los creyentes hagan rituales para ellos, como el sacrificio. Antes del ritual del sacrificio, los sacerdotes de la santer\u00eda preguntan a los Orishas: \u00bfCu\u00e1l es la ofrenda m\u00ednima que puede usted aceptar?, y los Orishas contestan. Los creyentes sacrifican muchos tipos de animales, pero el m\u00e1s com\u00fan es el gallo. En el sacrificio, la garganta del gallo se corta con un cuchillo, y la sangre se cae en el altar. Esta es la comida de los Orishas. Despu\u00e9s, el cuerpo de gallo es cocinado, y los creyentes lo comen.<\/p>\n\n\n\n<p><a href=\"https:\/\/www.loom.com\/share\/4bd6aa390d5a4f19bafe846a18657b51?sid=f486fb51-49b4-45bf-950f-e0cb40d9eb21\">https:\/\/www.loom.com\/share\/4bd6aa390d5a4f19bafe846a18657b51?sid=f486fb51-49b4-45bf-950f-e0cb40d9eb21<\/a><br \/>Rituales de la noche, poemas de Alejo Carpentier. Le\u00eddos por Owen Bradley-Meal.<\/p>\n","protected":false},"excerpt":{"rendered":"<p>I. Los afrocubanos Por Owen Bradley-Meal: Introducci\u00f3n a la comunidad: Hay estimaciones diferentes de la poblaci\u00f3n africana-descendientes en Cuba: solamente 10% de los cubanos se autoidentifican como \u201cNegro\u201d (cerca de un mill\u00f3n), pero expertos creen que la proporci\u00f3n verdadera de cubanos africanos-descendientes es m\u00e1s como un 60%. La regi\u00f3n con m\u00e1s afrocubanos es el oeste &hellip; <a href=\"https:\/\/blog.uvm.edu\/hispanic_tales\/cuba\/\" class=\"more-link\">Continue reading <span class=\"screen-reader-text\">Cuba<\/span><\/a><\/p>\n","protected":false},"author":9705,"featured_media":0,"parent":0,"menu_order":0,"comment_status":"closed","ping_status":"closed","template":"","meta":{"footnotes":""},"class_list":["post-420","page","type-page","status-publish","hentry"],"featured_image_src":null,"featured_image_src_square":null,"_links":{"self":[{"href":"https:\/\/blog.uvm.edu\/hispanic_tales\/wp-json\/wp\/v2\/pages\/420","targetHints":{"allow":["GET"]}}],"collection":[{"href":"https:\/\/blog.uvm.edu\/hispanic_tales\/wp-json\/wp\/v2\/pages"}],"about":[{"href":"https:\/\/blog.uvm.edu\/hispanic_tales\/wp-json\/wp\/v2\/types\/page"}],"author":[{"embeddable":true,"href":"https:\/\/blog.uvm.edu\/hispanic_tales\/wp-json\/wp\/v2\/users\/9705"}],"replies":[{"embeddable":true,"href":"https:\/\/blog.uvm.edu\/hispanic_tales\/wp-json\/wp\/v2\/comments?post=420"}],"version-history":[{"count":3,"href":"https:\/\/blog.uvm.edu\/hispanic_tales\/wp-json\/wp\/v2\/pages\/420\/revisions"}],"predecessor-version":[{"id":538,"href":"https:\/\/blog.uvm.edu\/hispanic_tales\/wp-json\/wp\/v2\/pages\/420\/revisions\/538"}],"wp:attachment":[{"href":"https:\/\/blog.uvm.edu\/hispanic_tales\/wp-json\/wp\/v2\/media?parent=420"}],"curies":[{"name":"wp","href":"https:\/\/api.w.org\/{rel}","templated":true}]}}