{"id":394,"date":"2024-12-13T14:52:42","date_gmt":"2024-12-13T19:52:42","guid":{"rendered":"https:\/\/blog.uvm.edu\/hispanic_tales\/?page_id=394"},"modified":"2025-05-07T20:25:51","modified_gmt":"2025-05-08T00:25:51","slug":"republica-dominicana","status":"publish","type":"page","link":"https:\/\/blog.uvm.edu\/hispanic_tales\/republica-dominicana\/","title":{"rendered":"Rep\u00fablica Dominicana"},"content":{"rendered":"\n<h2 class=\"wp-block-heading has-text-align-center\"><strong>I. Los afrodominicanos<\/strong><\/h2>\n\n\n\n<p><em>Por Natalia Lipchiptz:<\/em><\/p>\n\n\n\n<p><strong>Introducci\u00f3n a la comunidad:<\/strong><\/p>\n\n\n\n<p>La Rep\u00fablica Dominicana es un pa\u00eds en el caribe y es el tercero pa\u00eds que tiene una poblaci\u00f3n grande de ascendencia afro dominicanos. La palabra afro dominicano significa personas que tiene una ascendencia de africano y domincano. Pero, muchos dominicanos en general son multirracial. Por eso, algunas dominicanos prefieren identificarse solo domincano, porque ellos viven en la Rep\u00fablica Dominicana, y el pa\u00eds en un parte prominente de su identidad. Las poblaciones multirraciales crean un cultura criolla. La cultura criolla es muy prominente en todos los aspectos de la vida en el pa\u00eds, por ejemplo, la musica, el arte y la familia<\/p>\n\n\n\n<p><strong>Los lugares sagrados:<\/strong><\/p>\n\n\n\n<p>La Catedral de Santo Domingo es la mayor catedral en toda Rep\u00fablica Dominicana y tiene mucha importancia hist\u00f3rica. El otro nombre de la catedral es Bas\u00edlica Catedral de Santa Mar\u00eda la Menor. La Catedral se construy\u00f3 en el a\u00f1o 1504 y termin\u00f3 en 1550. En el a\u00f1o 1541 se declara un lugar especial en el pa\u00eds. El arquitecto, que se llama Alonso Gonz\u00e1lez, se inspir\u00f3 en la Catedral de Sevilla en Espa\u00f1a. Por esta raz\u00f3n, los dos tienen un estilo de arquitectura g\u00f3tica. Adem\u00e1s, la Catedral tiene una conexi\u00f3n \u00fanica.<\/p>\n\n\n\n<p><strong>El animal sagrado:<\/strong><\/p>\n\n\n\n<p>Un animal sagrado e importante para los afrodominicanos es el palmchat. Esta es una especie de pareja que es el animal nacional de la Rep\u00fablica Dominicana. El s\u00edmbolo de las parejas en los pa\u00edses latinos es la libertad, la independencia, experiencias personales y sue\u00f1os. Las parejas en general es una cosa muy popular para los pa\u00edses latinoamericanos para representar la cultura y el esp\u00edritu de todo un pa\u00eds. El palmchat vive en una variedad de h\u00e1bitats abiertos. Espec\u00edficamente, en la Rep\u00fablica Dominicana, ellos viven en los \u00e1rboles. El nombre del palmchat tiene una conexi\u00f3n con las palmas y otras de las actividades de los p\u00e1jaros.<\/p>\n\n\n\n<figure class=\"wp-block-embed is-type-video is-provider-youtube wp-block-embed-youtube wp-embed-aspect-4-3 wp-has-aspect-ratio\"><div class=\"wp-block-embed__wrapper\">\n<iframe loading=\"lazy\" title=\"La leyenda de la ciguapa, le\u00edda por Natalia Lipchiptz.\" width=\"648\" height=\"486\" src=\"https:\/\/www.youtube.com\/embed\/dsJ-Wcbf094?feature=oembed\" frameborder=\"0\" allow=\"accelerometer; autoplay; clipboard-write; encrypted-media; gyroscope; picture-in-picture; web-share\" referrerpolicy=\"strict-origin-when-cross-origin\" allowfullscreen><\/iframe>\n<\/div><figcaption class=\"wp-element-caption\">La leyenda de la ciguapa, le\u00edda por Natalia Lipchiptz.<\/figcaption><\/figure>\n","protected":false},"excerpt":{"rendered":"<p>I. Los afrodominicanos Por Natalia Lipchiptz: Introducci\u00f3n a la comunidad: La Rep\u00fablica Dominicana es un pa\u00eds en el caribe y es el tercero pa\u00eds que tiene una poblaci\u00f3n grande de ascendencia afro dominicanos. La palabra afro dominicano significa personas que tiene una ascendencia de africano y domincano. Pero, muchos dominicanos en general son multirracial. Por &hellip; <a href=\"https:\/\/blog.uvm.edu\/hispanic_tales\/republica-dominicana\/\" class=\"more-link\">Continue reading <span class=\"screen-reader-text\">Rep\u00fablica Dominicana<\/span><\/a><\/p>\n","protected":false},"author":9705,"featured_media":0,"parent":0,"menu_order":0,"comment_status":"closed","ping_status":"closed","template":"","meta":{"footnotes":""},"class_list":["post-394","page","type-page","status-publish","hentry"],"featured_image_src":null,"featured_image_src_square":null,"_links":{"self":[{"href":"https:\/\/blog.uvm.edu\/hispanic_tales\/wp-json\/wp\/v2\/pages\/394","targetHints":{"allow":["GET"]}}],"collection":[{"href":"https:\/\/blog.uvm.edu\/hispanic_tales\/wp-json\/wp\/v2\/pages"}],"about":[{"href":"https:\/\/blog.uvm.edu\/hispanic_tales\/wp-json\/wp\/v2\/types\/page"}],"author":[{"embeddable":true,"href":"https:\/\/blog.uvm.edu\/hispanic_tales\/wp-json\/wp\/v2\/users\/9705"}],"replies":[{"embeddable":true,"href":"https:\/\/blog.uvm.edu\/hispanic_tales\/wp-json\/wp\/v2\/comments?post=394"}],"version-history":[{"count":3,"href":"https:\/\/blog.uvm.edu\/hispanic_tales\/wp-json\/wp\/v2\/pages\/394\/revisions"}],"predecessor-version":[{"id":535,"href":"https:\/\/blog.uvm.edu\/hispanic_tales\/wp-json\/wp\/v2\/pages\/394\/revisions\/535"}],"wp:attachment":[{"href":"https:\/\/blog.uvm.edu\/hispanic_tales\/wp-json\/wp\/v2\/media?parent=394"}],"curies":[{"name":"wp","href":"https:\/\/api.w.org\/{rel}","templated":true}]}}