{"id":278,"date":"2024-05-09T16:12:20","date_gmt":"2024-05-09T20:12:20","guid":{"rendered":"https:\/\/blog.uvm.edu\/hispanic_tales\/?page_id=278"},"modified":"2025-05-08T09:40:06","modified_gmt":"2025-05-08T13:40:06","slug":"nicaragua","status":"publish","type":"page","link":"https:\/\/blog.uvm.edu\/hispanic_tales\/nicaragua\/","title":{"rendered":"Nicaragua"},"content":{"rendered":"\n<p class=\"has-text-align-center has-medium-font-size\"><strong><span style=\"text-decoration: underline\">I. Los miskito<\/span><\/strong><\/p>\n\n\n\n<p><em>Por Rachel Bibens:<\/em><\/p>\n\n\n\n<p><strong>Introducci\u00f3n a la comunidad:<\/strong><\/p>\n\n\n\n<p>La comunidad de Miskito es de Nicaragua y Honduras.La gente es Africana-Indigenous Americana. Miskito tiene mucha persona. Miskito tiene setecientos mil personas. Los Miskitos hablan su idioma. La selva es importante para el Miskito porque ellos bailan y cantan en la selva. A Miskito me gusta mucho la agricultura. Ellas viven de la agricultura. El mar es importante para Miskito porque ellos comen mucho pescado. El Miskito tiene mucho pescado. Los hombres trabajan muy duro en el mar para cenar con la familia. Las familias son muy importantes y son grandes.&nbsp;<\/p>\n\n\n\n<figure class=\"wp-block-embed is-type-video is-provider-youtube wp-block-embed-youtube wp-embed-aspect-16-9 wp-has-aspect-ratio\"><div class=\"wp-block-embed__wrapper\">\n<iframe loading=\"lazy\" title=\"Cuento miskito. Viaje por amor al m\u00e1s all\u00e1. Tradici\u00f3n oral. Le\u00edda por Rachel Bibens.\" width=\"648\" height=\"365\" src=\"https:\/\/www.youtube.com\/embed\/a_apLJllUFQ?feature=oembed\" frameborder=\"0\" allow=\"accelerometer; autoplay; clipboard-write; encrypted-media; gyroscope; picture-in-picture; web-share\" referrerpolicy=\"strict-origin-when-cross-origin\" allowfullscreen><\/iframe>\n<\/div><figcaption class=\"wp-element-caption\">Cuento miskito. Viaje por amor al m\u00e1s all\u00e1. Tradici\u00f3n oral. Le\u00edda por Rachel Bibens.<\/figcaption><\/figure>\n","protected":false},"excerpt":{"rendered":"<p>I. Los miskito Por Rachel Bibens: Introducci\u00f3n a la comunidad: La comunidad de Miskito es de Nicaragua y Honduras.La gente es Africana-Indigenous Americana. Miskito tiene mucha persona. Miskito tiene setecientos mil personas. Los Miskitos hablan su idioma. La selva es importante para el Miskito porque ellos bailan y cantan en la selva. A Miskito me &hellip; <a href=\"https:\/\/blog.uvm.edu\/hispanic_tales\/nicaragua\/\" class=\"more-link\">Continue reading <span class=\"screen-reader-text\">Nicaragua<\/span><\/a><\/p>\n","protected":false},"author":9325,"featured_media":0,"parent":0,"menu_order":0,"comment_status":"closed","ping_status":"closed","template":"page-templates\/grid-page.php","meta":{"footnotes":""},"class_list":["post-278","page","type-page","status-publish","hentry"],"featured_image_src":null,"featured_image_src_square":null,"_links":{"self":[{"href":"https:\/\/blog.uvm.edu\/hispanic_tales\/wp-json\/wp\/v2\/pages\/278","targetHints":{"allow":["GET"]}}],"collection":[{"href":"https:\/\/blog.uvm.edu\/hispanic_tales\/wp-json\/wp\/v2\/pages"}],"about":[{"href":"https:\/\/blog.uvm.edu\/hispanic_tales\/wp-json\/wp\/v2\/types\/page"}],"author":[{"embeddable":true,"href":"https:\/\/blog.uvm.edu\/hispanic_tales\/wp-json\/wp\/v2\/users\/9325"}],"replies":[{"embeddable":true,"href":"https:\/\/blog.uvm.edu\/hispanic_tales\/wp-json\/wp\/v2\/comments?post=278"}],"version-history":[{"count":4,"href":"https:\/\/blog.uvm.edu\/hispanic_tales\/wp-json\/wp\/v2\/pages\/278\/revisions"}],"predecessor-version":[{"id":573,"href":"https:\/\/blog.uvm.edu\/hispanic_tales\/wp-json\/wp\/v2\/pages\/278\/revisions\/573"}],"wp:attachment":[{"href":"https:\/\/blog.uvm.edu\/hispanic_tales\/wp-json\/wp\/v2\/media?parent=278"}],"curies":[{"name":"wp","href":"https:\/\/api.w.org\/{rel}","templated":true}]}}