{"id":159,"date":"2024-04-26T20:21:12","date_gmt":"2024-04-27T00:21:12","guid":{"rendered":"https:\/\/blog.uvm.edu\/hispanic_tales\/?page_id=159"},"modified":"2025-12-16T14:30:07","modified_gmt":"2025-12-16T19:30:07","slug":"costa-rica","status":"publish","type":"page","link":"https:\/\/blog.uvm.edu\/hispanic_tales\/costa-rica\/","title":{"rendered":"Costa Rica"},"content":{"rendered":"\n<h2 class=\"wp-block-heading has-text-align-center\"><strong>I. <a href=\"#Los.cab\u00e9car\" data-type=\"internal\" data-id=\"#Los.cab\u00e9car\">Los cab\u00e9car<\/a> II. <a href=\"#Los-maleku\" data-type=\"internal\" data-id=\"#Los-maleku\">Los maleku<\/a> III. <a href=\"#Los-bribri\" data-type=\"internal\" data-id=\"#Los-bribri\">Los bribri<\/a> IV. <a href=\"#Los-ngabe\" data-type=\"internal\" data-id=\"#Los-ngabe\">Los ngabe<\/a><\/strong><\/h2>\n\n\n\n<p class=\"has-text-align-center has-medium-font-size\" id=\"Los.cabeecar\"><strong><span style=\"text-decoration: underline\">I. Los cab\u00e9car<\/span><\/strong><\/p>\n\n\n\n<p><em>Por Aasha Gould:<\/em><\/p>\n\n\n\n<p><strong>Introducci\u00f3n a la comunidad<\/strong><\/p>\n\n\n\n<p>Los cab\u00e9car viven en las monta\u00f1as de Costa Rica. Es muy dif\u00edcil para la gente de la comunidad conseguir alimentos del exterior. Las comunidades hablan espa\u00f1ol y su idioma tradicional es cab\u00e9car. Hay diecisiete mil personas en la comunidad. Viven en casas del pueblo. Muchas personas en la comunidad cuentan historias de generaci\u00f3n en generaci\u00f3n. Para ellos las tradiciones cab\u00e9car son muy importantes. Cultivan todos sus alimentos, pero con el cambio clim\u00e1tico es m\u00e1s dif\u00edcil. Los cab\u00e9car necesitan m\u00e1s ayuda, pero es dif\u00edcil porque viven en la monta\u00f1a. Las mujeres en la comunidad son muy importantes. Las mujeres son la cabeza de familia y de la comunidad.<\/p>\n\n\n\n<figure class=\"wp-block-embed is-type-video is-provider-youtube wp-block-embed-youtube wp-embed-aspect-16-9 wp-has-aspect-ratio\"><div class=\"wp-block-embed__wrapper\">\n<iframe loading=\"lazy\" title=\"Leyenda cabecar. El dios creador. Tradici\u00f3n oral. Le\u00edda por Aasha Gould.\" width=\"648\" height=\"365\" src=\"https:\/\/www.youtube.com\/embed\/Lt_aCel4Jzg?feature=oembed\" frameborder=\"0\" allow=\"accelerometer; autoplay; clipboard-write; encrypted-media; gyroscope; picture-in-picture; web-share\" referrerpolicy=\"strict-origin-when-cross-origin\" allowfullscreen><\/iframe>\n<\/div><figcaption class=\"wp-element-caption\">Leyenda cabecar. El dios creador. Tradici\u00f3n oral. Le\u00edda por Aasha Gould.<\/figcaption><\/figure>\n\n\n\n<p class=\"has-text-align-center has-medium-font-size\" id=\"Los-maleku\"><strong><span style=\"text-decoration: underline\">II. Los maleku<\/span><\/strong><\/p>\n\n\n\n<p><em>Por Ruby West:<\/em><\/p>\n\n\n\n<p><strong>Introducci\u00f3n a la comunidad<\/strong><\/p>\n\n\n\n<p>La tribu maleku es un grupo ind\u00edgena de Costa Rica. Seiscientas personas viven en la reserva ind\u00edgena de Guatuso, haciendo al maleku la tribu m\u00e1s peque\u00f1a en Costa Rica. La filosof\u00eda del maleku es muy cercana a la naturaleza. La tribu cree que el agua y la sustentabilidad natural son muy sagrados. Tiene animales sagrados tambi\u00e9n, como los jaguares y la mariposa morpho. Hoy, la tribu usa la industria del turismo para sobrevivir econ\u00f3micamente. Los turistas visitan los pueblos y son educados sobre las pr\u00e1cticas culturales y gastron\u00f3micas. Tambi\u00e9n, el maleku crea arte para vender a los turistas. Las creaciones incluyen pinturas, jucaras e instrumentos musicales. En todo, el maleku es una comunidad muy vibrante y fuerte.<\/p>\n\n\n\n<p><strong>Los lugares sagrados<\/strong><br \/><br \/>El maleku ve el agua como sagrada, con muchos rituales alrededor. Los r\u00edos, como el r\u00edo Celeste especialmente, son lugares sagrados y tienen creencias especiales al respecto. Para el maleku, los r\u00edos dieron una conexi\u00f3n espiritual y tienen las almas de los antepasados. Tambi\u00e9n, el maleku cree que los r\u00edos dan vida a la tierra y a la gente. El maleku ve los r\u00edos como purificadores y los usa en rituales. Finalmente, se dice que los r\u00edos protegen la comunidad. Un espacio com\u00fan muy importante en la sociedad maleku son los palenques. Los palenques son pueblos en la Reserva Ind\u00edgena Maleku de Guatuso. Los palenques son centros de la vida comunitaria. Los espacios son s\u00edmbolos de unidad e identidad cultural. Los palenques son lugares para compartir historias, conocimiento ancestral y ense\u00f1ar.<\/p>\n\n\n\n<p><strong>El animal sagrado<\/strong><\/p>\n\n\n\n<p>El m\u00e1s famoso de los animales sagrados es la mariposa morpho, que es un s\u00edmbolo cl\u00e1sico de Costa Rica. El maleku cree que la mariposa morpho es un s\u00edmbolo de paz, amor y buena suerte. El maleku tiene muchos m\u00e1s animales sagrados. Para el maleku, el b\u00faho simboliza conocimiento y claridad en la oscuridad. El tuc\u00e1n simboliza la belleza de la mujer. Las guacamayas, gracias a sus colores brillantes y sus ruidos, representan la belleza y vitalidad de la selva tropical. El maleku cree que los guacamayos tambi\u00e9n son v\u00ednculos entre el reino de los humanos y el reino de los esp\u00edritus. Uno de los animales sagrados m\u00e1s importantes para el maleku es el jaguar. Para ellos, el jaguar simboliza fuerza, coraje, sabidur\u00eda, pasi\u00f3n, pero en ocasiones picard\u00eda.<\/p>\n\n\n\n<figure class=\"wp-block-embed is-type-video is-provider-youtube wp-block-embed-youtube wp-embed-aspect-16-9 wp-has-aspect-ratio\"><div class=\"wp-block-embed__wrapper\">\n<iframe loading=\"lazy\" title=\"La llegada de los dioses maleku. Historia le\u00edda por Ruby West.\" width=\"648\" height=\"365\" src=\"https:\/\/www.youtube.com\/embed\/RoZiUS4VQJM?feature=oembed\" frameborder=\"0\" allow=\"accelerometer; autoplay; clipboard-write; encrypted-media; gyroscope; picture-in-picture; web-share\" referrerpolicy=\"strict-origin-when-cross-origin\" allowfullscreen><\/iframe>\n<\/div><figcaption class=\"wp-element-caption\">La llegada de los dioses maleku. Historia le\u00edda por Ruby West.<\/figcaption><\/figure>\n\n\n\n<p><strong>Referencias<\/strong><\/p>\n\n\n\n<p>Imaginary_Alarm_7575 Bribri. \u201cR\/Mythology on Reddit: Guatuso Mythology\u2019s Creation Myth.\u201d <em>Reddit<\/em>, 2020, www.reddit.com\/r\/mythology\/comments\/mnpfja\/guatuso_mythologys_creation_myth\/. <\/p>\n\n\n\n<p>\u201cLife, Health, Purity, and Survival: The Maleku of Costa Rica Struggle to Regain Lost Lands.\u201d <em>Cultural Survival<\/em>, www.culturalsurvival.org\/news\/life-health-purity-and-survival-maleku-costa-rica-struggle-r egain-lost-lands. Accessed 5 Dec. 2024. <\/p>\n\n\n\n<p>\u201cThe Maleku Indians.\u201d <em>Prezi.Com<\/em>, prezi.com\/xn9djipywf0a\/the-maleku-indians\/. Accessed 5 Dec. 2024.<\/p>\n\n\n\n<p>\u201cMaleku People.\u201d <em>Wikipedia<\/em>, Wikimedia Foundation, 10 Sept. 2023, en.wikipedia.org\/wiki\/Maleku_people#:~:text=As%20with%20many%20other%20Costa,toucans%2C%20frogs%2C%20and%20monkeys.<\/p>\n\n\n\n<p>\u201cMitolog\u00eda.\u201d <em>Pablo Castillo Baldares<\/em>, 9 Apr. 2021, pablocastillobaldares.com\/en\/mitologia\/. <\/p>\n\n\n\n<p>Three members of the Maleku tribe demonstrating traditional rituals in a traditional &#8220;Maleku hut. Maleku Indigenous Reserve Tour: Discover Costa Rica\u2019s Rich Indigenous History and Culture&#8221;, <em>Peek<\/em>, https:\/\/www.peek.com\/san-carlos-alajuela-province-costa-rica\/r0prqy\/maleku-indigenousreserve-tour-discover-costa-ricas-rich-indigenous-history-and-culture\/a0x7ppg. <\/p>\n\n\n\n<p>Traditional grass hut in a Maleku outpost near La Fortuna, Costa Rica. 10 Sept. 2023. <em>Wikipedia<\/em>, Wikipedia, https:\/\/en.wikipedia.org\/wiki\/Maleku_people. <\/p>\n\n\n\n<p>\u201cVisit the Sacred Sites &amp; Spiritual Landmarks of Costa Rica.\u201d <em>Visit the Sacred Sites &amp; Spiritual Landmarks of Costa Rica<\/em>, www.vacationscostarica.com\/culture\/spiritual-landmarks\/. Accessed 5 Dec. 2024. <\/p>\n\n\n\n<p>Waddington, Ray. \u201cThe Indigenous Maleku People.\u201d <em>Indigenous Peoples of the World &#8211; the Maleku<\/em>, www.peoplesoftheworld.orgtextpeople=Maleku#:~:text=Like%20most%20indigenous%20peoples%2C%20the,the%20Maleku%20economy%20these%20days. Accessed 5 Dec. 2024.<\/p>\n\n\n\n<p><em>Por Victoria Blaney:<\/em><\/p>\n\n\n\n<p><strong>Introducci\u00f3n a la comunidad:<\/strong><\/p>\n\n\n\n<p>La comunidad maleku son de Costa Rica. Solo hay seiscientas personas hoy. Viven en una parte rural de Costa Rica. Ellos hablan maleku y espa\u00f1ol. Los maleku ese\u00f1an a sus hijos a hablar maleku. Solo trescientas personas hablan maleku. Ellos comen pescado e iguana, banana y cassava. A los maleku les gustan los turistas. Ellos tocan m\u00fasica para los turistas y las ceremonias. Lago Cote es muy importante para los maleku. Es un lago bonito que tiene forma de coraz\u00f3n. Los maleku tienen una ceremonia de cosecha cerca del Lago Cote<\/p>\n\n\n\n<p><a href=\"https:\/\/uvmoffice-my.sharepoint.com\/personal\/vblaney_uvm_edu\/_layouts\/15\/stream.aspx?id=%2Fpersonal%2Fvblaney%5Fuvm%5Fedu%2FDocuments%2FRecordings%2FSpanish%20Portfolio%20Story%2D20240503%5F094709%2DMeeting%20Recording%2Emp4&amp;nav=eyJyZWZlcnJhbEluZm8iOnsicmVmZXJyYWxBcHAiOiJTdHJlYW1XZWJBcHAiLCJyZWZlcnJhbFZpZXciOiJTaGFyZURpYWxvZy1MaW5rIiwicmVmZXJyYWxBcHBQbGF0Zm9ybSI6IldlYiIsInJlZmVycmFsTW9kZSI6InZpZXcifX0&amp;ga=1&amp;referrer=StreamWebApp%2EWeb&amp;referrerScenario=AddressBarCopied%2Eview%2E6d709231%2Df89b%2D4570%2D9231%2Dce3a92d4d0db\">https:\/\/uvmoffice-my.sharepoint.com\/personal\/vblaney_uvm_edu\/_layouts\/15\/stream.aspx?id=%2Fpersonal%2Fvblaney%5Fuvm%5Fedu%2FDocuments%2FRecordings%2FSpanish%20Portfolio%20Story%2D20240503%5F094709%2DMeeting%20Recording%2Emp4&amp;nav=eyJyZWZlcnJhbEluZm8iOnsicmVmZXJyYWxBcHAiOiJTdHJlYW1XZWJBcHAiLCJyZWZlcnJhbFZpZXciOiJTaGFyZURpYWxvZy1MaW5rIiwicmVmZXJyYWxBcHBQbGF0Zm9ybSI6IldlYiIsInJlZmVycmFsTW9kZSI6InZpZXcifX0&amp;ga=1&amp;referrer=StreamWebApp%2EWeb&amp;referrerScenario=AddressBarCopied%2Eview%2E6d709231%2Df89b%2D4570%2D9231%2Dce3a92d4d0db<\/a><\/p>\n\n\n\n<p>Historia maleku. Soy maleku. Escrito por Hiqui Morera. Le\u00edda por Victoria Blaney.<\/p>\n\n\n\n<p class=\"has-text-align-center has-medium-font-size\" id=\"Los-bribri\"><strong><span style=\"text-decoration: underline\">III. Los bribri<\/span><\/strong><\/p>\n\n\n\n<p><em>Por Olivia Gowell:<\/em><\/p>\n\n\n\n<p><strong>Introducci\u00f3n a la comunidad<\/strong><\/p>\n\n\n\n<p>Las personas bribris son un pueblo ind\u00edgena de Costa Rica y Panam\u00e1. Viven en la cordillera Talamanca en comunidades lejanas de otras personas. Entonces, ellos conservan sus tradiciones y cultura. Los bribri creen que su dios, que se llama Sib\u00fa construye el universo.&nbsp; Hablan bribri y tambi\u00e9n espa\u00f1ol. Son el grupo ind\u00edgena m\u00e1s grande de Costa Rica con una poblaci\u00f3n aproximada de 17.000 personas. Tambi\u00e9n, ellos cultivan pl\u00e1tanos, y m\u00e1s de 120 cosas. El cacao es muy importante en la religi\u00f3n bribri.<\/p>\n\n\n\n<p><strong>Lugares comunes de la communidad<\/strong><\/p>\n\n\n\n<p>Un lugar com\u00fan bribri es el Usure que tambi\u00e9n se llama \u2018Casa C\u00f3smica.\u2019 La casa c\u00f3nica es de 40-50 ft de altura es un c\u00edrculo con 30 ft de ancho. El bribri cree que animales como el buitre, armadillo, ara\u00f1a, mono, jaguar, hormigas, cerdos y serpientes\u2014construyen la casa para mostrar a Sib\u00fa. Entonces, cuando el bribri construye el Usure, cree que son animales de su cuento. Usan la casa para ceremonias espirituales, cuando ellos bailan, cantan y hacen otras cosas. Es muy importante para la comunidad. El significado de la estructura de la Casa C\u00f3smica es el universo. La parte por encima del suelo representa las cuartas partes del universo y la parte debajo del suelo representa el inframundo. Sib\u00fa vive en la cuarta parte por encima del suelo.<\/p>\n\n\n\n<p><strong>La familia de la comunidad<\/strong><\/p>\n\n\n\n<p>La familia es muy importante para los bribri. La gente est\u00e1 organizada en clanes y cada clan tiene solo una gran familia. Las madres son m\u00e1s importantes que los hombres en la familia. Ellas son las \u00fanicas personas que pueden tener tierra. Tambi\u00e9n, solo ellas pueden preparar la bebida sagrada, se llama cacao. Los bribris usan la bebida para ceremonias espirituales. La gente cree que las mujeres son del \u00e1rbol del cacao porque su diosa Sib\u00fa es un \u00e1rbol de cacao.<\/p>\n\n\n\n<p><strong>La educaci\u00f3n de la comunidad<\/strong><\/p>\n\n\n\n<p>No hay mucha informaci\u00f3n sobre las escuelas de los bribri porque la comunidad est\u00e1 protegida y lejos de otras personas. En algunas comunidades las personas de afuera de la comunidad vienen a la comunidad para aprender sobre la vida de los bribri. Los bribri muestran a las personas su cultura. Las escuelas que est\u00e1n en la comunidad son peque\u00f1as y solo tienen un cuarto, pero algunos dicen que los estudiantes salen de la comunidad y caminan m\u00e1s de dos horas a la escuela. Los estudiantes no tienen muchas cosas que usan para las escuelas: tienen solo un cuaderno, un l\u00e1piz y otras cosas para todo el a\u00f1o.<\/p>\n\n\n\n<p><strong>Deportes o pasatiempos de la comunidad:<\/strong><\/p>\n\n\n\n<p>Cuando el bribri no cazan, cosechan, pescan, cocinan y tienen pasatiempos. No hay informaci\u00f3n sobre los pasatiempos, pero a los bribri les gusta hacer canastas y artesan\u00edas. Tambi\u00e9n, ellos celebran bodas, bailan y cantan.<\/p>\n\n\n\n<p><strong>Lugares tur\u00edsticos o sagrados para la comunidad<\/strong><\/p>\n\n\n\n<p>Los bribri ofrecen muchas experiencias tur\u00edsticas. Los turistas pagan para ir a las comunidades bribri para aprender la cultura y ceremonias espirituales. Ellos viajan por barco o carro o van de excursi\u00f3n a las comunidades. Las personas pueden preparar y comer cacao y tambi\u00e9n aprenden la ceremonia del cacao. Tambi\u00e9n los bribri muestran a los turistas sus pr\u00e1cticas agr\u00edcolas y creencias de la naturaleza. Unas comunidades que ofrecen visitas de unas horas y otras ofrecen visitas de unos d\u00edas. Una excursi\u00f3n diferente es de una comunidad bribri que se llama K\u00e9k\u00f6ldi.<\/p>\n\n\n\n<figure class=\"wp-block-embed is-type-video is-provider-youtube wp-block-embed-youtube wp-embed-aspect-16-9 wp-has-aspect-ratio\"><div class=\"wp-block-embed__wrapper\">\n<iframe loading=\"lazy\" title=\"Cuento bribri. La creaci\u00f3n. Tradici\u00f3n oral. Le\u00edda por Oliva Gowell.\" width=\"648\" height=\"365\" src=\"https:\/\/www.youtube.com\/embed\/xSkmDxxGkUE?feature=oembed\" frameborder=\"0\" allow=\"accelerometer; autoplay; clipboard-write; encrypted-media; gyroscope; picture-in-picture; web-share\" referrerpolicy=\"strict-origin-when-cross-origin\" allowfullscreen><\/iframe>\n<\/div><figcaption class=\"wp-element-caption\">Cuento bribri. La creaci\u00f3n. Tradici\u00f3n oral. Le\u00edda por Oliva Gowell.<\/figcaption><\/figure>\n\n\n\n<p><em>Por Delaney Fogle:<\/em><\/p>\n\n\n\n<p><strong>Introducci\u00f3n a la comunidad:<\/strong><\/p>\n\n\n\n<p>La tribu bribri es famosa por su relaci\u00f3n con la naturaleza, con el creador, y un linaje matrilineal. Su relaci\u00f3n con la naturaleza tiene una frase \u201cvenimos de la naturaleza y a la naturaleza regresaremos.\u201d Ellos creen que la naturaleza es su casa, es su cultura, su sentido de s\u00ed mismos y la fuente de comida. La deidad principal se llama Sib\u00fa. Sib\u00fa es el creador del mundo y la humanidad. En la tribu el chocolate es una cosa especial. Hay una ceremonia de chocolate que combina ciencia y fe. El bribri combina medicina con las hierbas y medicina espiritual.<\/p>\n\n\n\n<p><strong>Los lugares sagrados<\/strong><\/p>\n\n\n\n<p>Cerro Chririp\u00f3 es el pico m\u00e1s alto de toda Costa Rica. El nombre significa tierra de aguas eternas. La tribu bribri cre\u00eda que la monta\u00f1a, siendo tan alta, estaba m\u00e1s cerca de sus dioses. La vasta \u00e1rea alrededor de la monta\u00f1a est\u00e1 llena de vida silvestre y belleza natural. Esto es importante ya que la naturaleza es un factor en la espiritualidad de los bribri. Tienen una conexi\u00f3n muy fuerte con la naturaleza y son muy versados en la flora y fauna que los rodea. En este vasto ecosistema hay animales como monos ara\u00f1a y tapires que inspiraron los cuentos de bribri.<\/p>\n\n\n\n<p><strong>El animal sagrado<\/strong><\/p>\n\n\n\n<p>Un animal sagrado es el tapir. El tapir est\u00e1 en m\u00e1s de una leyenda bribri. La tribu bribri cree que los tapires en la Tierra son todos esp\u00edritus del dios tapir. S\u00edbu, el dios bribri, era el hermano de este dios, tapir, con quien quer\u00eda casarse para conseguir una esposa propia. Ahora, tambi\u00e9n siendo un dios, ella pudo ver el futuro y vio sus intenciones y c\u00f3mo el matrimonio termin\u00f3 desafortunadamente. El tapir se neg\u00f3 a casarse y su hermano envi\u00f3 parte de su alma a la Tierra en forma de tapires para que los bribri cazaran. Los bribri tienen pautas muy especiales en torno a esta caza.<\/p>\n\n\n\n<figure class=\"wp-block-embed is-type-video is-provider-youtube wp-block-embed-youtube wp-embed-aspect-16-9 wp-has-aspect-ratio\"><div class=\"wp-block-embed__wrapper\">\n<iframe loading=\"lazy\" title=\"El tapir y el mono aullador. Leyenda bribri, le\u00edda por Delaney Fogle.\" width=\"648\" height=\"365\" src=\"https:\/\/www.youtube.com\/embed\/G9uZDMlvbjM?feature=oembed\" frameborder=\"0\" allow=\"accelerometer; autoplay; clipboard-write; encrypted-media; gyroscope; picture-in-picture; web-share\" referrerpolicy=\"strict-origin-when-cross-origin\" allowfullscreen><\/iframe>\n<\/div><figcaption class=\"wp-element-caption\">El tapir y el mono aullador. Leyenda bribri, le\u00edda por Delaney Fogle<\/figcaption><\/figure>\n\n\n\n<p><em>Por Katherine Smith:<\/em><\/p>\n\n\n\n<figure class=\"wp-block-embed is-type-video is-provider-youtube wp-block-embed-youtube wp-embed-aspect-16-9 wp-has-aspect-ratio\"><div class=\"wp-block-embed__wrapper\">\n<iframe loading=\"lazy\" title=\"La creaci\u00f3n del \u00e1rbol de cacao, una historia bribri le\u00edda por Katherine Smith.\" width=\"648\" height=\"365\" src=\"https:\/\/www.youtube.com\/embed\/JushjkkExdA?feature=oembed\" frameborder=\"0\" allow=\"accelerometer; autoplay; clipboard-write; encrypted-media; gyroscope; picture-in-picture; web-share\" referrerpolicy=\"strict-origin-when-cross-origin\" allowfullscreen><\/iframe>\n<\/div><figcaption class=\"wp-element-caption\">La creaci\u00f3n del \u00e1rbol de cacao, una historia bribri le\u00edda por Katherine Smith.<\/figcaption><\/figure>\n\n\n\n<p><em>Por Terra Schommer:<\/em><\/p>\n\n\n\n<figure class=\"wp-block-embed is-type-video is-provider-youtube wp-block-embed-youtube wp-embed-aspect-16-9 wp-has-aspect-ratio\"><div class=\"wp-block-embed__wrapper\">\n<iframe loading=\"lazy\" title=\"Libertad, poema de Doris R\u00edos. Le\u00eddo por Terra Schommer.\" width=\"648\" height=\"365\" src=\"https:\/\/www.youtube.com\/embed\/JvYg02uZOLE?feature=oembed\" frameborder=\"0\" allow=\"accelerometer; autoplay; clipboard-write; encrypted-media; gyroscope; picture-in-picture; web-share\" referrerpolicy=\"strict-origin-when-cross-origin\" allowfullscreen><\/iframe>\n<\/div><figcaption class=\"wp-element-caption\">Libertad, poema de Doris R\u00edos. Le\u00eddo por Terra Schommer.<\/figcaption><\/figure>\n\n\n\n<p><em>Por Karolina Gochman:<\/em><\/p>\n\n\n\n<figure class=\"wp-block-embed is-type-video is-provider-youtube wp-block-embed-youtube wp-embed-aspect-16-9 wp-has-aspect-ratio\"><div class=\"wp-block-embed__wrapper\">\n<iframe loading=\"lazy\" title=\"Las semillas del Lari. Cuento bribri Le\u00eddo por Karolina Gochman.\" width=\"648\" height=\"365\" src=\"https:\/\/www.youtube.com\/embed\/tXQYRkrUwao?feature=oembed\" frameborder=\"0\" allow=\"accelerometer; autoplay; clipboard-write; encrypted-media; gyroscope; picture-in-picture; web-share\" referrerpolicy=\"strict-origin-when-cross-origin\" allowfullscreen><\/iframe>\n<\/div><figcaption class=\"wp-element-caption\">Las semillas del Lari. Cuento bribri Le\u00eddo por Karolina Gochman.<\/figcaption><\/figure>\n\n\n\n<p class=\"has-text-align-center has-medium-font-size\" id=\"Los-ngabe\"><strong><span style=\"text-decoration: underline\">IV. Los ngabe<\/span><\/strong><\/p>\n\n\n\n<p><em>Por Jessica Forsyth:<\/em><\/p>\n\n\n\n<p><strong>Introducci\u00f3n a la comunidad:<\/strong><\/p>\n\n\n\n<p>Los ngabe son de la pen\u00ednsula de Osa, Costa Rica. Tambi\u00e9n hay ng\u00e4be en Panam\u00e1 y otras partes de Costa Rica. Hay aproximadamente doscientos habitantes en Alto Laguna. Hablan espa\u00f1ol y su lengua ind\u00edgena ng\u00e4bere. Las mujeres en la comunidad hacen ropa tradicional como vestidos, bolsas, y sombreros. Los ng\u00e4be de Alto Laguna trabajan en agricultura y recientemente en turismo. El turismo est\u00e1 empezando a ser una gran parte de Alto Laguna porque viven al lado del Parque Nacional Corcovado. La tierra es una parte importante de la cultura ng\u00e4be y quieren conservarla, pero tambi\u00e9n compartirla con los visitantes.<\/p>\n\n\n\n<figure class=\"wp-block-embed is-type-video is-provider-youtube wp-block-embed-youtube wp-embed-aspect-16-9 wp-has-aspect-ratio\"><div class=\"wp-block-embed__wrapper\">\n<iframe loading=\"lazy\" title=\"Poema ng\u00e4be. El poema de los adioses. Autor Esteban Binns Carpintero. Le\u00eddo por Jessica Forsyth.\" width=\"648\" height=\"365\" src=\"https:\/\/www.youtube.com\/embed\/wN-RH_Rjs2g?feature=oembed\" frameborder=\"0\" allow=\"accelerometer; autoplay; clipboard-write; encrypted-media; gyroscope; picture-in-picture; web-share\" referrerpolicy=\"strict-origin-when-cross-origin\" allowfullscreen><\/iframe>\n<\/div><figcaption class=\"wp-element-caption\">Poema ng\u00e4be. El poema de los adioses. Autor Esteban Binns Carpintero. Le\u00eddo por Jessica Forsyth.<\/figcaption><\/figure>\n","protected":false},"excerpt":{"rendered":"<p>I. Los cab\u00e9car II. Los maleku III. Los bribri IV. Los ngabe I. Los cab\u00e9car Por Aasha Gould: Introducci\u00f3n a la comunidad Los cab\u00e9car viven en las monta\u00f1as de Costa Rica. Es muy dif\u00edcil para la gente de la comunidad conseguir alimentos del exterior. Las comunidades hablan espa\u00f1ol y su idioma tradicional es cab\u00e9car. Hay &hellip; <a href=\"https:\/\/blog.uvm.edu\/hispanic_tales\/costa-rica\/\" class=\"more-link\">Continue reading <span class=\"screen-reader-text\">Costa Rica<\/span><\/a><\/p>\n","protected":false},"author":9325,"featured_media":0,"parent":0,"menu_order":0,"comment_status":"closed","ping_status":"closed","template":"page-templates\/grid-page.php","meta":{"footnotes":""},"class_list":["post-159","page","type-page","status-publish","hentry"],"featured_image_src":null,"featured_image_src_square":null,"_links":{"self":[{"href":"https:\/\/blog.uvm.edu\/hispanic_tales\/wp-json\/wp\/v2\/pages\/159","targetHints":{"allow":["GET"]}}],"collection":[{"href":"https:\/\/blog.uvm.edu\/hispanic_tales\/wp-json\/wp\/v2\/pages"}],"about":[{"href":"https:\/\/blog.uvm.edu\/hispanic_tales\/wp-json\/wp\/v2\/types\/page"}],"author":[{"embeddable":true,"href":"https:\/\/blog.uvm.edu\/hispanic_tales\/wp-json\/wp\/v2\/users\/9325"}],"replies":[{"embeddable":true,"href":"https:\/\/blog.uvm.edu\/hispanic_tales\/wp-json\/wp\/v2\/comments?post=159"}],"version-history":[{"count":20,"href":"https:\/\/blog.uvm.edu\/hispanic_tales\/wp-json\/wp\/v2\/pages\/159\/revisions"}],"predecessor-version":[{"id":647,"href":"https:\/\/blog.uvm.edu\/hispanic_tales\/wp-json\/wp\/v2\/pages\/159\/revisions\/647"}],"wp:attachment":[{"href":"https:\/\/blog.uvm.edu\/hispanic_tales\/wp-json\/wp\/v2\/media?parent=159"}],"curies":[{"name":"wp","href":"https:\/\/api.w.org\/{rel}","templated":true}]}}