{"id":116,"date":"2024-04-26T12:26:45","date_gmt":"2024-04-26T16:26:45","guid":{"rendered":"https:\/\/blog.uvm.edu\/hispanic_tales\/?page_id=116"},"modified":"2025-12-16T13:44:28","modified_gmt":"2025-12-16T18:44:28","slug":"chile","status":"publish","type":"page","link":"https:\/\/blog.uvm.edu\/hispanic_tales\/chile\/","title":{"rendered":"Chile"},"content":{"rendered":"\n<h2 class=\"wp-block-heading has-text-align-center\"><strong>I. <a href=\"#Los-mapuche\">Los mapuche<\/a><\/strong> <strong>II. <a href=\"#Los-yaghan\">Los yaghan<\/a><\/strong> <strong>III. <a href=\"#losaymara1\">Los aymara<\/a><\/strong><\/h2>\n\n\n\n<p class=\"has-text-align-center has-medium-font-size\" id=\"Los-mapuche\"><strong><span style=\"text-decoration: underline\">I. Los mapuche<\/span><\/strong><\/p>\n\n\n\n<p><em>Por Jc Cichoskikelly<\/em>:<\/p>\n\n\n\n<p><strong>Introducci\u00f3n a la comunidad:<\/strong><\/p>\n\n\n\n<p>Los&nbsp;mapuches son&nbsp;un grupo&nbsp;ind\u00edgena&nbsp;del sur de Chile. Ellos tuvieron tierra importante entre los r\u00edos&nbsp;Itata y Tolt\u00e9n. Los cient\u00edficos tuvieron evidencia&nbsp;de&nbsp;que los&nbsp;mapuches vivieron en la tierra&nbsp;desde&nbsp;600-500&nbsp;A.C.&nbsp;Parte&nbsp;de&nbsp;la&nbsp;tierra de los&nbsp;mapuches&nbsp;fue ocupada&nbsp;por los soldados espa\u00f1oles. Los&nbsp;mapuches y los espa\u00f1oles tuvieron 350 a\u00f1os de guerra. Ahora en Chile&nbsp;el diez por ciento&nbsp;de la poblaci\u00f3n&nbsp;seidentifica como&nbsp;mapuche. La cultura de los&nbsp;mapuches tiene grandes temas de medicina&nbsp;natural, la tierra es muy importante&nbsp;para&nbsp;los&nbsp;mapuches.&nbsp;Otra&nbsp;parte&nbsp;importante&nbsp;de la cultura eran los textiles, las mujeres&nbsp;ense\u00f1aron&nbsp;los patrones&nbsp;del tejido&nbsp;a sus hijas.<\/p>\n\n\n\n<p><strong>Los lugares sagrados:<\/strong><\/p>\n\n\n\n<p>Un lugar sagrado&nbsp;por&nbsp;los mapuches es el R\u00edo San Pedro en el sur de Chile.&nbsp;El R\u00edo San Pedro tiene&nbsp;mucha&nbsp;biodiversidad&nbsp;de&nbsp;plantas, animales y pescados. El r\u00edo est\u00e1&nbsp;en un bosque&nbsp;grande&nbsp;que&nbsp;se llama&nbsp;Valdivia. La tierra es muy sagrada&nbsp;para&nbsp;los mapuches. Los mapuches se alegran de que toda de la tierra y agua est\u00e9n&nbsp;vivas. Los mapuches&nbsp;dicen&nbsp;que el R\u00edo San Pedro \u201ces uno de los r\u00edos de las venas de madre Tierra\u201d.&nbsp;Ahora el gobierno de Chile quiere&nbsp;usar el R\u00edo San Pedro para energ\u00eda hidroel\u00e9ctrica&nbsp;con presas. El gobierno corta los \u00e1rboles&nbsp;y&nbsp;hay deforestaci\u00f3n, lo cual afecta la diversidad de los peces.<\/p>\n\n\n\n<p><strong>El animal sagrado:<\/strong><\/p>\n\n\n\n<p>El puma o pangui (puma en el idioma de los mapuches, mapudungun) es un animal sagrado&nbsp;para&nbsp;los mapuches por muchas diferentes razones. El puma vive en&nbsp;diferentes partes de Am\u00e9rica, pero en Chile el puma vive en el sur de Chile. El puma vive en las monta\u00f1as, los bosques y la estepa. Hoy el gobierno protege el puma porque el puma est\u00e1 en peligro de extinci\u00f3n. El puma est\u00e1 en peligro de extinci\u00f3n&nbsp;por&nbsp;la deforestaci\u00f3n y la caza. Los mapuches respetan el puma porque ellos piensan que es el poder superior. El puma representa el car\u00e1cter de fuerza, un buen luchador y vida larga. El puma es sagrado porque representa un animal que protege los bosques,&nbsp;monta\u00f1as y la tierra.&nbsp;<\/p>\n\n\n\n<figure class=\"wp-block-embed is-type-video is-provider-youtube wp-block-embed-youtube wp-embed-aspect-16-9 wp-has-aspect-ratio\"><div class=\"wp-block-embed__wrapper\">\n<iframe loading=\"lazy\" title=\"Viaje a la tierra de los muertos. Una leyenda mapuche. Leida por Jc Cichoskikelly\" width=\"648\" height=\"365\" src=\"https:\/\/www.youtube.com\/embed\/JMJ-9nlcmOY?feature=oembed\" frameborder=\"0\" allow=\"accelerometer; autoplay; clipboard-write; encrypted-media; gyroscope; picture-in-picture; web-share\" referrerpolicy=\"strict-origin-when-cross-origin\" allowfullscreen><\/iframe>\n<\/div><figcaption class=\"wp-element-caption\">Viaje a la tierra de los muertos. Una leyenda mapuche.&nbsp;Le\u00edda&nbsp;por Jc Cichoskikelly<\/figcaption><\/figure>\n\n\n\n<p><em>Por Oneida Lepe<\/em><\/p>\n\n\n\n<figure class=\"wp-block-embed is-type-video is-provider-youtube wp-block-embed-youtube wp-embed-aspect-16-9 wp-has-aspect-ratio\"><div class=\"wp-block-embed__wrapper\">\n<iframe loading=\"lazy\" title=\"Tren Tren y Cai Cai, leyenda mapuche le\u00edda por Oneida Lepe.\" width=\"648\" height=\"365\" src=\"https:\/\/www.youtube.com\/embed\/qdaBA091fTM?feature=oembed\" frameborder=\"0\" allow=\"accelerometer; autoplay; clipboard-write; encrypted-media; gyroscope; picture-in-picture; web-share\" referrerpolicy=\"strict-origin-when-cross-origin\" allowfullscreen><\/iframe>\n<\/div><figcaption class=\"wp-element-caption\">Tren Tren y Cai Cai, leyenda mapuche le\u00edda por Oneida Lepe<\/figcaption><\/figure>\n\n\n\n<p><em>Por Elisabeth Roadcamp:<\/em><\/p>\n\n\n\n<p class=\"has-text-align-left\"><strong>Introducci\u00f3n a la comunidad:<\/strong><\/p>\n\n\n\n<p class=\"has-text-align-left\">Los mapuches son de Chile y Argentina. Chile est\u00e1 al lado de Argentina. Hay un mill\u00f3n trescientos mil mapuches en Chile. Ellos hablan espa\u00f1ol y su lengua ind\u00edgena. La lengua ind\u00edgena es mapudungun. Necesitan ense\u00f1arla en las escuelas. La palabra \u201cmapuche\u201d significa \u201cgente de la tierra.\u201d En el pasado, a los mapuches no les gustaban los espa\u00f1oles porque los espa\u00f1oles se apoderaron de su tierra. La naturaleza es muy importante para su cultura. En el pasado, los mapuches viv\u00edan en el campo, pero hoy muchas personas trabajan en las ciudades tambi\u00e9n.<\/p>\n\n\n\n<figure class=\"wp-block-embed is-type-video is-provider-youtube wp-block-embed-youtube wp-embed-aspect-16-9 wp-has-aspect-ratio\"><div class=\"wp-block-embed__wrapper\">\n<iframe loading=\"lazy\" title=\"Zvgun. Tradicional oral mapuche. Le\u00eddo por Elisabeth Roadcamp\" width=\"648\" height=\"365\" src=\"https:\/\/www.youtube.com\/embed\/lvz477LXw90?feature=oembed\" frameborder=\"0\" allow=\"accelerometer; autoplay; clipboard-write; encrypted-media; gyroscope; picture-in-picture; web-share\" referrerpolicy=\"strict-origin-when-cross-origin\" allowfullscreen><\/iframe>\n<\/div><figcaption class=\"wp-element-caption\">Tradicional oral mapuche. Zvgun. Le\u00eddo por Elisabeth Roadcamp.<\/figcaption><\/figure>\n\n\n\n<p><em>Por Alex Kaplan:<\/em><\/p>\n\n\n\n<figure class=\"wp-block-embed is-type-video is-provider-youtube wp-block-embed-youtube wp-embed-aspect-16-9 wp-has-aspect-ratio\"><div class=\"wp-block-embed__wrapper\">\n<iframe loading=\"lazy\" title=\"Cuento mapuche. La creaci\u00f3n. Tradici\u00f3n oral. Le\u00edda por Alex Kaplan.\" width=\"648\" height=\"365\" src=\"https:\/\/www.youtube.com\/embed\/c5qMeikC4g4?feature=oembed\" frameborder=\"0\" allow=\"accelerometer; autoplay; clipboard-write; encrypted-media; gyroscope; picture-in-picture; web-share\" referrerpolicy=\"strict-origin-when-cross-origin\" allowfullscreen><\/iframe>\n<\/div><figcaption class=\"wp-element-caption\">Cuento mapuche. La creaci\u00f3n. Tradici\u00f3n oral. Le\u00edda por Alex Kaplan.<\/figcaption><\/figure>\n\n\n\n<p><em>Por Clementine Finn:<\/em><\/p>\n\n\n\n<figure class=\"wp-block-embed is-type-video is-provider-youtube wp-block-embed-youtube wp-embed-aspect-16-9 wp-has-aspect-ratio\"><div class=\"wp-block-embed__wrapper\">\n<iframe loading=\"lazy\" title=\"Mito mapuche. Tren tren Cai Cai. Tradici\u00f3n oral. Le\u00edda por Clementine Finn.\" width=\"648\" height=\"365\" src=\"https:\/\/www.youtube.com\/embed\/261e69Bm3bc?feature=oembed\" frameborder=\"0\" allow=\"accelerometer; autoplay; clipboard-write; encrypted-media; gyroscope; picture-in-picture; web-share\" referrerpolicy=\"strict-origin-when-cross-origin\" allowfullscreen><\/iframe>\n<\/div><figcaption class=\"wp-element-caption\">Mito mapuche. Tren tren Cai Cai. Tradici\u00f3n oral. Le\u00edda por Clementine Finn.<\/figcaption><\/figure>\n\n\n\n<p><em>Por Charlie Block:<\/em><\/p>\n\n\n\n<figure class=\"wp-block-embed is-type-video is-provider-youtube wp-block-embed-youtube wp-embed-aspect-16-9 wp-has-aspect-ratio\"><div class=\"wp-block-embed__wrapper\">\n<iframe loading=\"lazy\" title=\"Leyenda mapuche. El Chon Chon. Tradici\u00f3n oral. Le\u00edda por Charlie Block.\" width=\"648\" height=\"365\" src=\"https:\/\/www.youtube.com\/embed\/_2BVdY5cphs?feature=oembed\" frameborder=\"0\" allow=\"accelerometer; autoplay; clipboard-write; encrypted-media; gyroscope; picture-in-picture; web-share\" referrerpolicy=\"strict-origin-when-cross-origin\" allowfullscreen><\/iframe>\n<\/div><figcaption class=\"wp-element-caption\">Leyenda mapuche. El Chon Chon. Tradici\u00f3n oral. Le\u00edda por Charlie Block.<\/figcaption><\/figure>\n\n\n\n<p><em>Por Meghan Bessinger:<\/em><\/p>\n\n\n\n<figure class=\"wp-block-embed is-type-video is-provider-youtube wp-block-embed-youtube wp-embed-aspect-16-9 wp-has-aspect-ratio\"><div class=\"wp-block-embed__wrapper\">\n<iframe loading=\"lazy\" title=\"Poema mapuche. El pewma del mundo trasero. Poeta David Ani\u00f1ir. Le\u00eddo por Meghan Bessinger.\" width=\"648\" height=\"365\" src=\"https:\/\/www.youtube.com\/embed\/IhiBVuEpxK8?feature=oembed\" frameborder=\"0\" allow=\"accelerometer; autoplay; clipboard-write; encrypted-media; gyroscope; picture-in-picture; web-share\" referrerpolicy=\"strict-origin-when-cross-origin\" allowfullscreen><\/iframe>\n<\/div><figcaption class=\"wp-element-caption\">Poema mapuche. El pewma del mundo trasero. Poeta David Ani\u00f1ir. Le\u00eddo por Meghan Bessinger.<\/figcaption><\/figure>\n\n\n\n<p><em>Por Steven Molineux:<\/em><\/p>\n\n\n\n<figure class=\"wp-block-embed is-type-video is-provider-youtube wp-block-embed-youtube wp-embed-aspect-16-9 wp-has-aspect-ratio\"><div class=\"wp-block-embed__wrapper\">\n<iframe loading=\"lazy\" title=\"Cuando me muera deber\u00e9 cruzar el r\u00edo\" width=\"648\" height=\"365\" src=\"https:\/\/www.youtube.com\/embed\/cVekok_5e_k?feature=oembed\" frameborder=\"0\" allow=\"accelerometer; autoplay; clipboard-write; encrypted-media; gyroscope; picture-in-picture; web-share\" referrerpolicy=\"strict-origin-when-cross-origin\" allowfullscreen><\/iframe>\n<\/div><figcaption class=\"wp-element-caption\">Poema mapuche. Cuando me muera deber\u00e9 cruzar el r\u00edo. Poeta Liliana Ancalao. Le\u00eddo por Steven Molineux.<\/figcaption><\/figure>\n\n\n\n<p><em>Por Rachel Sites:<\/em><\/p>\n\n\n\n<figure class=\"wp-block-embed is-type-video is-provider-youtube wp-block-embed-youtube wp-embed-aspect-4-3 wp-has-aspect-ratio\"><div class=\"wp-block-embed__wrapper\">\n<iframe loading=\"lazy\" title=\"Poema mapuche. Ul de Catrileo. Poeta Jaime Huen\u00fan Villa. Le\u00eddo por Rachel Sites.\" width=\"648\" height=\"486\" src=\"https:\/\/www.youtube.com\/embed\/ObODe60AxPI?feature=oembed\" frameborder=\"0\" allow=\"accelerometer; autoplay; clipboard-write; encrypted-media; gyroscope; picture-in-picture; web-share\" referrerpolicy=\"strict-origin-when-cross-origin\" allowfullscreen><\/iframe>\n<\/div><figcaption class=\"wp-element-caption\">Poema mapuche. Ul de Catrileo. Poeta Jaime Huen\u00fan Villa. Le\u00eddo por Rachel Sites.<\/figcaption><\/figure>\n\n\n\n<p><em>Por Jasmine Wegiel:<\/em><\/p>\n\n\n\n<figure class=\"wp-block-embed is-type-video is-provider-youtube wp-block-embed-youtube wp-embed-aspect-16-9 wp-has-aspect-ratio\"><div class=\"wp-block-embed__wrapper\">\n<iframe loading=\"lazy\" title=\"Yo soy un ni\u00f1o mapuche. Cuento de Jaime Huen\u00fan Villa. Le\u00eddo por Jasmine Wegiel.\" width=\"648\" height=\"365\" src=\"https:\/\/www.youtube.com\/embed\/EN29BqVLTug?feature=oembed\" frameborder=\"0\" allow=\"accelerometer; autoplay; clipboard-write; encrypted-media; gyroscope; picture-in-picture; web-share\" referrerpolicy=\"strict-origin-when-cross-origin\" allowfullscreen><\/iframe>\n<\/div><figcaption class=\"wp-element-caption\">Yo soy un ni\u00f1o mapuche. Cuento de Jaime Huen\u00fan Villa. Le\u00eddo por Jasmine Wegiel.<\/figcaption><\/figure>\n\n\n\n<p><em>Por Penley Day:<\/em><\/p>\n\n\n\n<figure class=\"wp-block-embed is-type-video is-provider-youtube wp-block-embed-youtube wp-embed-aspect-4-3 wp-has-aspect-ratio\"><div class=\"wp-block-embed__wrapper\">\n<iframe loading=\"lazy\" title=\"Hijas de Liliana Ancalau. Poema mapuche le\u00eddo por Penley Day.\" width=\"648\" height=\"486\" src=\"https:\/\/www.youtube.com\/embed\/5B3jsUEe6Ec?feature=oembed\" frameborder=\"0\" allow=\"accelerometer; autoplay; clipboard-write; encrypted-media; gyroscope; picture-in-picture; web-share\" referrerpolicy=\"strict-origin-when-cross-origin\" allowfullscreen><\/iframe>\n<\/div><figcaption class=\"wp-element-caption\">Hijas de Liliana Ancalau. Poema mapuche le\u00eddo por Penley Day.<\/figcaption><\/figure>\n\n\n\n<p><em>Por Thomas Richardson:<\/em><\/p>\n\n\n\n<figure class=\"wp-block-embed is-type-video is-provider-youtube wp-block-embed-youtube wp-embed-aspect-4-3 wp-has-aspect-ratio\"><div class=\"wp-block-embed__wrapper\">\n<iframe loading=\"lazy\" title=\"Las mujeres y la lluvia. Cuento mapuche. Le\u00eddo por Thomas Richardson.\" width=\"648\" height=\"486\" src=\"https:\/\/www.youtube.com\/embed\/exsPeJ0lRxg?feature=oembed\" frameborder=\"0\" allow=\"accelerometer; autoplay; clipboard-write; encrypted-media; gyroscope; picture-in-picture; web-share\" referrerpolicy=\"strict-origin-when-cross-origin\" allowfullscreen><\/iframe>\n<\/div><figcaption class=\"wp-element-caption\">Las mujeres y la lluvia. Cuento mapuche. Le\u00eddo por Thomas Richardson.<\/figcaption><\/figure>\n\n\n\n<p class=\"has-text-align-center has-medium-font-size\" id=\"Los-yaghan\"><strong><span style=\"text-decoration: underline\">II. Los yaghan<\/span><\/strong><\/p>\n\n\n\n<p><em>Por Summer McGuire:<\/em><\/p>\n\n\n\n<p><strong>Introducci\u00f3n a la comunidad:<\/strong><\/p>\n\n\n\n<p>La comunidad yaghan vivi\u00f3 en el sur de Chile. La tierra se llama \u201cel fin del mundo\u201d porque est\u00e1 muy al sur. Ellos eran una comunidad n\u00f3mada. Ellos com\u00edan mariscos porque ellos viv\u00edan al lado del mar. Despu\u00e9s que ellos com\u00edan la comida, ellos usaban las otras partes para protegerse del clima. Ellos usaban las canoas para viajar entre las islas. Ellos cre\u00edan en el animismo. Animismo es la idea de que todas las personas y los animales tienen libre albedr\u00edo. Ellos cre\u00edan que las mujeres eran muy importantes en la comunidad y ten\u00edan una buena relaci\u00f3n con la tierra.<\/p>\n\n\n\n<figure class=\"wp-block-embed is-type-video is-provider-youtube wp-block-embed-youtube wp-embed-aspect-4-3 wp-has-aspect-ratio\"><div class=\"wp-block-embed__wrapper\">\n<iframe loading=\"lazy\" title=\"Historia del pueblo yaghan. Escrito por Jude Isabella. Le\u00eddo por Summer McGuire.\" width=\"648\" height=\"486\" src=\"https:\/\/www.youtube.com\/embed\/OIu4MRboXDA?feature=oembed\" frameborder=\"0\" allow=\"accelerometer; autoplay; clipboard-write; encrypted-media; gyroscope; picture-in-picture; web-share\" referrerpolicy=\"strict-origin-when-cross-origin\" allowfullscreen><\/iframe>\n<\/div><figcaption class=\"wp-element-caption\">Historia del pueblo yaghan. Escrito por Jude Isabella. Le\u00eddo por Summer McGuire.<\/figcaption><\/figure>\n\n\n\n<p class=\"has-text-align-center has-medium-font-size\" id=\"losaymara1\"><strong><span style=\"text-decoration: underline\">III. Los aymara<\/span><\/strong><\/p>\n\n\n\n<p><em>Por Bre Hetzer:<\/em><\/p>\n\n\n\n<p><strong>Introducci\u00f3n a la comunidad:<\/strong><\/p>\n\n\n\n<p>Yo eleg\u00ed investigar la comunidad aymara en Chile. Cuando yo estaba en la escuela secundaria hice un proyecto sobre Chile y quer\u00eda aprender m\u00e1s sobre las comunidades de Chile. Yo le\u00ed sobre el pueblo aymara en un art\u00edculo explicando el juego&nbsp;que juegan en su comunidad llamado atrapar el cobayo. Los ni\u00f1os de esta comunidad juegan a atrapar al cuy porque hay muchos cobayos en Chile. El pueblo aymara es una comunidad&nbsp;ind\u00edgenaque vive en las tierras altas andinas del norte de Chile junto con partes de Bolivia y Per\u00fa.&nbsp;La comunidad es reconocida por sus textiles vibrantes.<br \/><br \/><strong>El animal sagrado:<\/strong><\/p>\n\n\n\n<p>Para el pueblo aymara las llamas son un animal sagrado que es un elemento importante para su cultura. Las llamas son parientes cercanos de los camellos,&nbsp;pero no tienen jorobas. Las llamas son importantes para su cultura por muchas razones, incluido el arte, la supervivencia, los sacrificios y la vestimenta. La lana de las llamas se utiliza para confeccionar ropa para el pueblo aymara. El pueblo aymara desarroll\u00f3 habilidades trabajando con la lana de llama para sobrevivir a las duras condiciones de las monta\u00f1as. Las llamas tambi\u00e9n son importantes en la cultura espiritual aymara. El pueblo aymara hac\u00eda sacrificios de llamas, llamados wilancha, como ofrendas&nbsp;a la tierra.<\/p>\n\n\n\n<figure class=\"wp-block-embed is-type-video is-provider-youtube wp-block-embed-youtube wp-embed-aspect-16-9 wp-has-aspect-ratio\"><div class=\"wp-block-embed__wrapper\">\n<iframe loading=\"lazy\" title=\"La pesca, leyenda aymara de Chile. Le\u00edda por Bre Hetzer\" width=\"648\" height=\"365\" src=\"https:\/\/www.youtube.com\/embed\/v9m9O0HYi50?feature=oembed\" frameborder=\"0\" allow=\"accelerometer; autoplay; clipboard-write; encrypted-media; gyroscope; picture-in-picture; web-share\" referrerpolicy=\"strict-origin-when-cross-origin\" allowfullscreen><\/iframe>\n<\/div><figcaption class=\"wp-element-caption\">La pesca, leyenda aymara de Chile.&nbsp;Le\u00edda por Bre Hetzer.<\/figcaption><\/figure>\n\n\n\n<p><em>Por Haley<\/em> <em>Rodr\u00edguez<\/em>:<\/p>\n\n\n\n<p class=\"has-text-align-left\"><strong>La introducci\u00f3n<\/strong><\/p>\n\n\n\n<p>Yo escog\u00ed estudiar Chile para mi proyecto. Despu\u00e9s de hacer un estudio, aprend\u00ed sobre la comunidad indigena llamada \u201cAymara\u201d. Las personas aymara viven en Chile, Per\u00fa y Bolivia. Ellos son nativos de regiones de monta\u00f1as de los Andes. Es interesante que ellos vivieron y cultivaron en un ambiente fuerte y una regi\u00f3n con monta\u00f1as. Yo creo que es interesante y me gustan las monta\u00f1as, por eso quiero aprender sobre esta comunidad. Las personas aymara vivieron en Chile por m\u00e1s de 5000 a\u00f1os. Ellos practican ideas tradicionales, aunque quieren m\u00e1s libertad del gobierno. El idioma tambi\u00e9n se llama aymara.<\/p>\n\n\n\n<p><strong>La comida<\/strong><\/p>\n\n\n\n<p>Las personas aymara viven en las monta\u00f1as de los Andes. Es m\u00e1s dif\u00edcil cultivar porque la tierra es mala y el clima es severo. Los cultivos tradicionales son papa, quinua, ma\u00edz y frijoles. Ellos tambi\u00e9n van a pescar. Un ingrediente necesario se llama aj\u00ed, que es un pimiento picante que se utiliza para el condimento en los platos. Las papas y los cereales con aj\u00ed son muy populares. Las temperaturas en las monta\u00f1as son severas, por lo que es posible poner las papas al aire libre durante mucho tiempo. Quiero saber m\u00e1s sobre c\u00f3mo usan pescado en su dieta tradicional.<\/p>\n\n\n\n<p><strong>Las celebraciones<\/strong><\/p>\n\n\n\n<p>Los aymaras celebran las mismas celebraciones que los bolivianos, como el D\u00eda de Independencia, y tambi\u00e9n fiestas cat\u00f3licas como Navidad y Semana Santa. El D\u00eda del Indio es otra celebraci\u00f3n m\u00e1s importante, donde el 2 de agosto celebran su cultura y su historia. Los aymara celebran el carnaval tambi\u00e9n. Es un festival antes de la Cuaresma. Muchas personas participan en las festividades en todo Sudam\u00e9rica. Celebran por una semana con bailes y m\u00fasica. El A\u00f1o Nuevo de los aymaras es la fiesta m\u00e1s grande que se celebra el 21 de junio. Se llama \u201cWillkakuti\u201d que significa \u201cRetorno del sol\u201d. Es para el solsticio de invierno. Cada a\u00f1o, los aymaras de Bolivia, Per\u00fa, Chile y Argentina celebran este d\u00eda. Diferentes grupos practican diferentes tradiciones en este d\u00eda. Esta tradici\u00f3n, como muchas de las tradiciones aymaras, tratan sobre la naturaleza.<\/p>\n\n\n\n<p><strong>La salud<\/strong><\/p>\n\n\n\n<p>Los curanderos tradicionales aymaras practican y venden cosas en El Mercado de las Brujas. El mercado est\u00e1 en La Paz, Bolivia. Los curanderos a menudo siguen a la \u201cPachamama\u201d o madre tierra. A cambio, ella puede dar protecci\u00f3n. Los yatiris son hombres y mujeres que la gente cree que tiene una relaci\u00f3n espiritual con la Pachamama. El trabajo de los yatiris tiene cultura, ideas e historia aymara. Se pueden encontrar en El Mercado de las Brujas tambi\u00e9n. Las ideas ind\u00edgenas sobre la salud son importantes. La salud no siempre es igual para las personas de los grupos ind\u00edgenas, como los aymaras. Los curanderos espirituales hacen mucho bien, pero algunos problemas de salud necesitan otros tratamientos, por lo tanto, es importante que los grupos ind\u00edgenas tengan un trato igual.<\/p>\n\n\n\n<p><strong>Lugares tur\u00edsticos o sagrados para la comunidad<\/strong><\/p>\n\n\n\n<p>Ahora, muchos aymaras viven en ciudades y habitan casas o apartamentos modernos, pero tambi\u00e9n hay muchos aymaras m\u00e1s pobres que viven en un solo cuarto. En \u00e1reas rurales, las casas de los aymaras son construidas con materiales locales, como adobe y cosas cerca del lago. Las paredes se pueden hacer con los techos y ca\u00f1as. A menudo, las familias grandes viven en una misma casa. La familia es muy importante para el pueblo aymara. En la cultura aymara, las mujeres son due\u00f1as de propiedades. Entonces, las madres dan las casas a sus hijas cuando son mayores.<\/p>\n\n\n\n<p><strong>La naturaleza, el territorio y la relaci\u00f3n que tiene la comunidad<\/strong><\/p>\n\n\n\n<p>El pueblo aymara tiene una relaci\u00f3n especial con la naturaleza. Se ven a si mismos como parte de la naturaleza, en lugar de separados. Esta relaci\u00f3n comenz\u00f3 porque entendieron el paisaje y el medio ambiente de los Andes. Su cultura progres\u00f3 desde muchas generaciones que vivieron en las monta\u00f1as y aprendieron esa forma de vida. Tienen que cultivar para vivir en esa regi\u00f3n. Es importante que no se aprovechen de la naturaleza, pero participan en el ciclo. A menudo utilizan materiales naturales para construir casas y fabricar ropa. En el idioma aymara, no existe una palabra para \u2018naturaleza\u2019. Dado que son naturaleza, no creen que los humanos sean superiores y, por lo tanto, no est\u00e1n separados de ella.<\/p>\n\n\n\n<figure class=\"wp-block-embed is-type-video is-provider-youtube wp-block-embed-youtube wp-embed-aspect-16-9 wp-has-aspect-ratio\"><div class=\"wp-block-embed__wrapper\">\n<iframe loading=\"lazy\" title=\"Leyenda aymara. Los achachilas. Le\u00edda por Haley Rodr\u00edguez\" width=\"648\" height=\"365\" src=\"https:\/\/www.youtube.com\/embed\/pPn6QsGLQy4?feature=oembed\" frameborder=\"0\" allow=\"accelerometer; autoplay; clipboard-write; encrypted-media; gyroscope; picture-in-picture; web-share\" referrerpolicy=\"strict-origin-when-cross-origin\" allowfullscreen><\/iframe>\n<\/div><figcaption class=\"wp-element-caption\">Leyenda aymara. Los achachilas. Le\u00edda por Haley Rodr\u00edguez<\/figcaption><\/figure>\n\n\n\n<p><strong>Las referencias<\/strong><\/p>\n\n\n\n<p>\u201c70 Andes Mountains Sunset Stock Vectors and Vector Art | Shutterstock.\u201d <em>Shutterstock<\/em>, 2025, www.shutterstock.com\/search\/andes-mountains-sunset?image_type=vector. Accessed 7 May 2025.<\/p>\n\n\n\n<p>\u201cCancharani.\u201d <em>Mapcarta<\/em>, 2025, mapcarta.com\/N9996617738. Accessed 7 May 2025.<\/p>\n\n\n\n<p>\u201cEHRAF World Cultures.\u201d <em>Ehrafworldcultures.yale.edu<\/em>, ehrafworldcultures.yale.edu\/cultures\/sf05\/summary.<\/p>\n\n\n\n<p>\u201cGrasshopper. Editable Hand Drawn Illustration. Vector Vintage Engraving. Isolated on White Background. 8 Eps Stock Vector | Adobe Stock.\u201d <em>Adobe Stock<\/em>, 2025, stock.adobe.com\/images\/grasshopper-editable-hand-drawn-illustration-vector-vintage-engraving-isolated-onwhite-background-8-eps\/544296608. Accessed 7 May 2025.<\/p>\n\n\n\n<p>&#8220;Leyendas aymara.&#8221; <a href=\"https:\/\/fucoa.cl\/wp-content\/uploads\/2023\/06\/Leyendas-aymara.pdf\">https:\/\/fucoa.cl\/wp-content\/uploads\/2023\/06\/Leyendas-aymara.pdf<\/a><\/p>\n\n\n\n<p>Mirzaliyeva, Maysara. \u201cAymara New Year Day.\u201d <em>National Today<\/em>, 4 Aug. 2022, nationaltoday.com\/aymara-new-year-day\/.<\/p>\n\n\n\n<p>\u201cMuleteer Images \u2013 Browse 621 Stock Photos, Vectors, and Video.\u201d <em>Adobe Stock<\/em>, 2025, stock.adobe.com\/search?k=muleteer&amp;asset_id=179268110. Accessed 7 May 2025.<\/p>\n\n\n\n<p>The Editors of Encyclopedia Britannica. \u201cAymara.\u201d <em>Encyclop\u00e6dia Britannica<\/em>, 10 June 2016, www.britannica.com\/topic\/Aymara .<\/p>\n\n\n\n<p>\u201cWho Are the Aymara People?\u201d <em>WorldAtlas<\/em>, 8 Apr. 2016, www.worldatlas.com\/articles\/who-are-the-aymara-people.html.<\/p>\n\n\n\n<p><em>Edrmetals.com<\/em>, 2021, www.edrmetals.com\/post\/why-are-johnson-matthey-silver-bars-more-expensive.<\/p>\n\n\n\n<p><\/p>\n","protected":false},"excerpt":{"rendered":"<p>I. Los mapuche II. Los yaghan III. Los aymara I. Los mapuche Por Jc Cichoskikelly: Introducci\u00f3n a la comunidad: Los&nbsp;mapuches son&nbsp;un grupo&nbsp;ind\u00edgena&nbsp;del sur de Chile. Ellos tuvieron tierra importante entre los r\u00edos&nbsp;Itata y Tolt\u00e9n. Los cient\u00edficos tuvieron evidencia&nbsp;de&nbsp;que los&nbsp;mapuches vivieron en la tierra&nbsp;desde&nbsp;600-500&nbsp;A.C.&nbsp;Parte&nbsp;de&nbsp;la&nbsp;tierra de los&nbsp;mapuches&nbsp;fue ocupada&nbsp;por los soldados espa\u00f1oles. Los&nbsp;mapuches y los espa\u00f1oles tuvieron 350 &hellip; <a href=\"https:\/\/blog.uvm.edu\/hispanic_tales\/chile\/\" class=\"more-link\">Continue reading <span class=\"screen-reader-text\">Chile<\/span><\/a><\/p>\n","protected":false},"author":9325,"featured_media":0,"parent":0,"menu_order":0,"comment_status":"closed","ping_status":"closed","template":"page-templates\/full-width-page.php","meta":{"footnotes":""},"class_list":["post-116","page","type-page","status-publish","hentry"],"featured_image_src":null,"featured_image_src_square":null,"_links":{"self":[{"href":"https:\/\/blog.uvm.edu\/hispanic_tales\/wp-json\/wp\/v2\/pages\/116","targetHints":{"allow":["GET"]}}],"collection":[{"href":"https:\/\/blog.uvm.edu\/hispanic_tales\/wp-json\/wp\/v2\/pages"}],"about":[{"href":"https:\/\/blog.uvm.edu\/hispanic_tales\/wp-json\/wp\/v2\/types\/page"}],"author":[{"embeddable":true,"href":"https:\/\/blog.uvm.edu\/hispanic_tales\/wp-json\/wp\/v2\/users\/9325"}],"replies":[{"embeddable":true,"href":"https:\/\/blog.uvm.edu\/hispanic_tales\/wp-json\/wp\/v2\/comments?post=116"}],"version-history":[{"count":32,"href":"https:\/\/blog.uvm.edu\/hispanic_tales\/wp-json\/wp\/v2\/pages\/116\/revisions"}],"predecessor-version":[{"id":636,"href":"https:\/\/blog.uvm.edu\/hispanic_tales\/wp-json\/wp\/v2\/pages\/116\/revisions\/636"}],"wp:attachment":[{"href":"https:\/\/blog.uvm.edu\/hispanic_tales\/wp-json\/wp\/v2\/media?parent=116"}],"curies":[{"name":"wp","href":"https:\/\/api.w.org\/{rel}","templated":true}]}}